{"id":4007,"date":"2025-02-27T09:38:05","date_gmt":"2025-02-27T06:38:05","guid":{"rendered":"https:\/\/www.bolgem.com.tr\/?page_id=4007"},"modified":"2025-02-27T09:38:44","modified_gmt":"2025-02-27T06:38:44","slug":"kvkk","status":"publish","type":"page","link":"https:\/\/www.bolgem.com.tr\/en\/kvkk\/","title":{"rendered":"KVKK"},"content":{"rendered":"<div data-elementor-type=\"wp-page\" data-elementor-id=\"4007\" class=\"elementor elementor-4007\">\n\t\t\t\t\t\t<section class=\"elementor-section elementor-top-section elementor-element elementor-element-3c65ca5 elementor-section-content-top elementor-section-boxed elementor-section-height-default elementor-section-height-default\" data-id=\"3c65ca5\" data-element_type=\"section\" data-e-type=\"section\">\n\t\t\t\t\t\t<div class=\"elementor-container elementor-column-gap-default\">\n\t\t\t\t\t<div class=\"elementor-column elementor-col-100 elementor-top-column elementor-element elementor-element-76c1942\" data-id=\"76c1942\" data-element_type=\"column\" data-e-type=\"column\">\n\t\t\t<div class=\"elementor-widget-wrap elementor-element-populated\">\n\t\t\t\t\t\t<div class=\"elementor-element elementor-element-b20e16f elementor-widget-divider--view-line elementor-widget elementor-widget-divider\" data-id=\"b20e16f\" data-element_type=\"widget\" data-e-type=\"widget\" data-widget_type=\"divider.default\">\n\t\t\t\t<div class=\"elementor-widget-container\">\n\t\t\t\t\t\t\t<div class=\"elementor-divider\">\n\t\t\t<span class=\"elementor-divider-separator\">\n\t\t\t\t\t\t<\/span>\n\t\t<\/div>\n\t\t\t\t\t\t<\/div>\n\t\t\t\t<\/div>\n\t\t\t\t<div class=\"elementor-element elementor-element-3048ed8 elementor-widget elementor-widget-go-s-heading\" data-id=\"3048ed8\" data-element_type=\"widget\" data-e-type=\"widget\" data-widget_type=\"go-s-heading.default\">\n\t\t\t\t<div class=\"elementor-widget-container\">\n\t\t\t\t\t<div class=\"prthalign\">\n            <h5 class=\"egx-subtitle-1\">\n                            <img decoding=\"async\" src=\"https:\/\/themexriver.com\/wp\/eergx\/wp-content\/uploads\/2024\/10\/h1-sub-title.svg\" alt=\"\">\n                        <span class=\"gradient\">b\u00f6lgem mobilite<\/span>\n        <\/h5>\n        <h1 class=\"elementor-gt-heading egx-section-title-1 egx-split-text split-in-right\">\n<\/h1>            <div class=\"egx-para-1 disc elementor-gt-desc\"><p><strong>B\u00d6LGEM M\u00dcHEND\u0130SL\u0130K \u0130N\u015e. ELEK. MAK. SAN. VE T\u0130C. LTD. \u015eT\u0130.<\/strong><\/p><p><strong>\u00a0<\/strong><strong>K\u0130\u015e\u0130SEL VER\u0130LER\u0130N \u0130\u015eLENMES\u0130NE \u0130L\u0130\u015eK\u0130N AYDINLATMA METN\u0130<\/strong><\/p><p>6698 say\u0131l\u0131 Ki\u015fisel Verilerin Korunmas\u0131 Kanunu, 07.04.2016 tarih ve 29677 say\u0131l\u0131 Resmi Gazete'de yay\u0131nlanarak y\u00fcr\u00fcrl\u00fc\u011fe girmi\u015ftir. Uluslararas\u0131 belgeler, mukayeseli hukuk uygulamalar\u0131 ve \u00fclkemiz ihtiya\u00e7lar\u0131 g\u00f6z \u00f6n\u00fcne al\u0131nmak suretiyle haz\u0131rlanan Kanun ile ki\u015fisel verilerin \u00e7a\u011fda\u015f standartlarda i\u015flenmesi ve koruma alt\u0131na al\u0131nmas\u0131 ama\u00e7lanmaktad\u0131r. Bu kapsamda Kanunun amac\u0131; ki\u015fisel verilerin i\u015flenme \u015fartlar\u0131n\u0131, ki\u015fisel verilerin i\u015flenmesinde ki\u015filerin temel hak ve \u00f6zg\u00fcrl\u00fcklerinin korunmas\u0131n\u0131 ve ki\u015fisel verileri i\u015fleyen ger\u00e7ek ve t\u00fczel ki\u015filerin y\u00fck\u00fcml\u00fcl\u00fckleri ile uyacaklar\u0131 usul ve esaslar\u0131 d\u00fczenlemektir.<\/p><p>\u015eirketimiz, 6698 say\u0131l\u0131 Ki\u015fisel Verilerin Korunmas\u0131 Kanunu\u2019na uymakla y\u00fck\u00fcml\u00fcd\u00fcr ve faaliyet s\u00fcre\u00e7lerinde i\u015flenen t\u00fcm ki\u015fisel veriler bu kanun kapsam\u0131ndad\u0131r.<\/p><p>B\u00f6lgem M\u00fchendislik \u0130n\u015f. Elek. Mak. San. Ve Tic. Ltd. \u015eti. olarak, veri sorumlusu s\u0131fat\u0131yla hareket etmekte ve ki\u015fisel verilerin korunmas\u0131 hakk\u0131nda gerekli \u00f6nlemleri almaktay\u0131z.<\/p><p>Ad\u0131n\u0131z soyad\u0131n\u0131z, a\u00e7\u0131k adresleriniz, telefon numaralar\u0131n\u0131z, g\u00f6rsel ve i\u015fitsel kay\u0131tlar\u0131n\u0131z, e\u011fitim seviyeniz, risk bilgileriniz, B\u00f6lgem M\u00fchendislik nezdindeki hesaplar\u0131n\u0131za ili\u015fkin t\u00fcm bilgiler de dahil olmak \u00fczere \u015fahs\u0131n\u0131za ait her t\u00fcrl\u00fc bilgi \u201cki\u015fisel veri\u201d kapsam\u0131nda oldu\u011fundan i\u015f bu ki\u015fisel verileriniz faaliyetlerimizin B\u00f6lgem M\u00fchendislik prosed\u00fcrleri ve\/veya ilgili mevzuata uygun olarak y\u00fcr\u00fct\u00fclmesinin temini; s\u00f6zle\u015fmelerinizin ve talimatlar\u0131n\u0131z\u0131n gere\u011finin yerine getirilmesi; taraf\u0131n\u0131za sundu\u011fumuz hizmet i\u00e7in gerekli de\u011ferlendirmelerin yap\u0131lmas\u0131; sizlere ait verilerin do\u011fru ve g\u00fcncel tutulmas\u0131n\u0131n sa\u011flanmas\u0131; B\u00f6lgem M\u00fchendislik \u00fcr\u00fcn ve hizmetlerini tan\u0131tmak, pazarlamak ya da taraf\u0131n\u0131za kutlama ya da temennilerini iletmek gibi ama\u00e7larla her t\u00fcrl\u00fc ticari elektronik iletiler g\u00f6nderebilmek ve B\u00f6lgem M\u00fchendislik\u2019in sa\u011flad\u0131\u011f\u0131 hizmetlerden kolayl\u0131kla yararlanabilmenizi temin edebilmek, mevzuat\u0131n \u00f6ng\u00f6rd\u00fc\u011f\u00fc bilgi saklanmas\u0131, raporlanmas\u0131 ve di\u011fer y\u00fck\u00fcml\u00fcl\u00fcklere uymak, i\u015f faaliyetlerimizin ve B\u00f6lgem M\u00fchendislik i\u00e7i sistem ve uygulama y\u00f6netimi operasyonlar\u0131n\u0131n planlanmas\u0131, icras\u0131 ve s\u00fcrd\u00fcr\u00fclmesi; g\u00fcvenlik sebebiyle ve kanundan kaynaklanan y\u00fck\u00fcml\u00fcl\u00fcklerimiz kapsam\u0131nda kullan\u0131lacak ve kay\u0131t alt\u0131nda tutulacakt\u0131r.<\/p><p><strong>Ki\u015fisel Verilerin \u0130\u015flenmesinde Genel \u0130lkeler<\/strong><\/p><p>\u015eirketimiz, ki\u015fisel verilerin i\u015flenmesinde 6698 say\u0131l\u0131 Kanun\u2019un ortaya koymu\u015f oldu\u011fu genel ilkelere uygun davranmaktad\u0131r. Ki\u015fisel verilerin i\u015flenmesinde genel ilkelerimiz \u015fu \u015fekildedir;<\/p><p>1) Hukuka ve d\u00fcr\u00fcstl\u00fck kurallar\u0131na uygun olma,<\/p><p>2) Do\u011fru ve gerekti\u011finde g\u00fcncel olma,<\/p><p>3) Belirli, a\u00e7\u0131k ve me\u015fru ama\u00e7lar i\u00e7in i\u015flenme,<\/p><p>4) \u0130\u015flendikleri ama\u00e7la ba\u011flant\u0131l\u0131, s\u0131n\u0131rl\u0131 ve \u00f6l\u00e7\u00fcl\u00fc olma,<\/p><p>5) \u0130lgili mevzuatta \u00f6ng\u00f6r\u00fclen veya i\u015flendikleri ama\u00e7 i\u00e7in gerekli olan s\u00fcre kadar muhafaza etme.<\/p><p>Ki\u015fisel verileriniz, \u015eirketimiz taraf\u0131ndan verilen hizmet, \u00fcr\u00fcn ya da ticari faaliyete ba\u011fl\u0131 olarak de\u011fi\u015fkenlik g\u00f6sterebilmekle birlikte otomatik ya da otomatik olmayan y\u00f6ntemlerle, \u015eirketimizin ve \u00fcye i\u015f yerlerimizin ofisler, \u015fubeler, bayiler, \u00e7a\u011fr\u0131 merkezi, internet sitesi, sosyal medya mecralar\u0131, mobil uygulamalar ve benzeri vas\u0131talarla s\u00f6zl\u00fc, yaz\u0131l\u0131 ya da elektronik olarak toplanabilecektir.<\/p><p>Ayr\u0131ca \u015eirketimiz hizmetlerini kullanmak niyetiyle \u00e7a\u011fr\u0131 merkezimizi arad\u0131\u011f\u0131n\u0131zda, internet sitemizi ziyaret etti\u011finizde, \u015firketimizin d\u00fczenledi\u011fi e\u011fitim, seminer, organizasyon ve toplant\u0131lara kat\u0131ld\u0131\u011f\u0131n\u0131zda ki\u015fisel verileriniz i\u015flenebilecektir.<\/p><p>Ki\u015fisel verileriniz, i\u015flenme ama\u00e7lar\u0131n\u0131n ve ilgili mevzuatlar\u0131n gerektirdi\u011fi s\u00fcreler boyunca saklanacakt\u0131r. Ba\u015fka bir gerek\u00e7e veya hukuki sebep olmamas\u0131, uluslararas\u0131 yasa veya d\u00fczenlemenin bulunmamas\u0131 ve s\u00f6zle\u015fmelerden kaynakl\u0131 zorunluluklar\u0131n ortadan kalkmas\u0131 halinde i\u015flenme ama\u00e7lar\u0131 ortadan kalkan ki\u015fisel verileriniz silinmekte, yok edilmekte veya anonim hale getirilmektedir.<\/p><p><strong>Ki\u015fisel Veri Toplaman\u0131n Hukuki Sebebi<\/strong><\/p><p>Ki\u015fisel verileriniz, her t\u00fcrl\u00fc s\u00f6zl\u00fc, yaz\u0131l\u0131 ya da elektronik ortamda, yukar\u0131da yer verilen ama\u00e7lar do\u011frultusunda \u015eirket\u00e7e sundu\u011fumuz \u00fcr\u00fcn ve hizmetlerin belirlenen yasal \u00e7er\u00e7evede sunulabilmesi ve bu kapsamda \u015eirketimizin s\u00f6zle\u015fme ve yasadan do\u011fan mesuliyetlerini eksiksiz ve do\u011fru bir \u015fekilde yerine getirebilmesi gayesi ile edinilir. Bu hukuki sebeple toplanan ki\u015fisel verileriniz KVK Kanunu\u2019nun 5. ve 6. maddelerinde belirtilen ki\u015fisel veri i\u015fleme \u015fartlar\u0131 ve ama\u00e7lar\u0131 kapsam\u0131nda bu metinde belirtilen ama\u00e7larla da i\u015flenebilmekte ve aktar\u0131labilmektedir.<\/p><p>Ki\u015fisel veriler, \u015firketimiz taraf\u0131ndan;<\/p><ul><li>Sunulan hizmetlerin iyile\u015ftirilmesi, yeni hizmetlerin geli\u015ftirilmesi ve bununla ilgili bilgilendirme yap\u0131lmas\u0131,<\/li><li>Ticari elektronik ileti onay\u0131 mevcut m\u00fc\u015fteriler ve aday m\u00fc\u015fteriler a\u00e7\u0131s\u0131ndan; kampanya ve hizmetlerin tan\u0131t\u0131m\u0131 ile pazarlamas\u0131n\u0131n yap\u0131lmas\u0131,<\/li><li>M\u00fc\u015fteri sorun ve \u015fik\u00e2yetlerinin \u00e7\u00f6z\u00fcmlenmesi,<\/li><li>\u0130statistiksel de\u011ferlendirmeler ve pazar ara\u015ft\u0131rmalar\u0131 yap\u0131lmas\u0131,<\/li><li>\u015eirketin ticari ve i\u015f stratejilerinin belirlenmesi ve uygulanmas\u0131,<\/li><li>\u00dcye i\u015f yerleri ve i\u015f ortaklar\u0131 ile ili\u015fkilerin y\u00f6netilmesi,<\/li><li>Muhasebe ve \u00f6deme i\u015flemlerinin takibi,<\/li><li>Hukuki s\u00fcre\u00e7ler ve mevzuata uyum,<\/li><li>\u0130dari ve adli makamlardan gelen bilgi taleplerinin cevapland\u0131r\u0131lmas\u0131,<\/li><li>\u015eirket i\u00e7i raporlama ve i\u015f geli\u015ftirme faaliyetlerinin planlanmas\u0131<\/li><li>Finansal kontrol ve raporlamalar\u0131n yap\u0131larak yasal bildirimlerin ger\u00e7ekle\u015ftirilmesi,<\/li><li>\u0130\u00e7 kontrol ve denetim faaliyetlerinin y\u00f6netilmesi,<\/li><li>Bilgi ve i\u015flem g\u00fcvenli\u011fi sa\u011flanmas\u0131 ve k\u00f6t\u00fc ama\u00e7l\u0131 kullan\u0131m\u0131n \u00f6nlenmesi,<\/li><li>\u0130\u015flenen verilerin g\u00fcncel ve do\u011fru olmas\u0131n\u0131n sa\u011flanmas\u0131 amac\u0131yla gerekli d\u00fczenlemelerin yap\u0131lmas\u0131 ve say\u0131lan t\u00fcm bu s\u00fcre\u00e7lere ili\u015fkin faaliyetleri ger\u00e7ekle\u015ftirmek amac\u0131yla kullan\u0131lmaktad\u0131r.<\/li><\/ul><p><strong>\u0130\u015flenen Ki\u015fisel Verilerin Aktar\u0131m\u0131<\/strong><\/p><p>\u015eirketimiz, ki\u015fisel verilerinizi yurt i\u00e7i ve yurt d\u0131\u015f\u0131ndaki i\u015f ortaklar\u0131m\u0131z, \u00fcye i\u015f yerlerimiz, bankalar, finansal kurulu\u015flar, ba\u011f\u0131ms\u0131z denetim kurulu\u015flar\u0131 vb. \u00d6deme ve Menkul K\u0131ymet Mutabakat Sistemleri, \u00d6deme Hizmetleri ve Elektronik Para Kurulu\u015flar\u0131 Hakk\u0131nda Kanun ve di\u011fer mevzuat h\u00fck\u00fcmlerinin izin verdi\u011fi ki\u015fi ve kuru\u015flar ile payla\u015fabilir. Saklanan veriler, KVK Kanunu\u2019 nun 8. ve 9. Maddelerinde belirtilen ki\u015fisel veri i\u015fleme \u015fartlar\u0131 ve ama\u00e7lar\u0131 \u00e7er\u00e7evesinde aktar\u0131labilecektir.<\/p><p>\u015eirketimizin m\u00fc\u015fterileri ile ger\u00e7ekle\u015ftirdi\u011fi i\u015flemlere ili\u015fkin kay\u0131t ve belgelerin yasal d\u00fczenlemeler kapsam\u0131nda belirli bir s\u00fcre saklanmas\u0131 s\u00f6z konusu olup ki\u015fisel verilerinizin silinmesini istemeniz halinde bu talebiniz, yasal d\u00fczenlemeler ile belirlenen s\u00fcre sonuna kadar yerine getirilebilecek, bu s\u00fcre\u00e7 i\u00e7erisinde ki\u015fisel verileriniz yasal d\u00fczenlemelerden kaynakl\u0131 zorunluluklar haricinde i\u015flenmeyecek ve \u00fc\u00e7\u00fcnc\u00fc ki\u015filer ile payla\u015f\u0131lmayacakt\u0131r. \u00a0<\/p><p>\u015eirketimize ba\u015fvurarak ki\u015fisel verilerinizin i\u015flenip i\u015flenmedi\u011fini \u00f6\u011frenme, ki\u015fisel verileriniz i\u015flenmi\u015f ise buna ili\u015fkin bilgi talep etme, ki\u015fisel verilerinizin i\u015flenme amac\u0131n\u0131 ve bunlar\u0131n amac\u0131na uygun kullan\u0131l\u0131p kullan\u0131lmad\u0131\u011f\u0131n\u0131 \u00f6\u011frenme, yurt i\u00e7inde veya yurt d\u0131\u015f\u0131nda ki\u015fisel verilerinizin aktar\u0131ld\u0131\u011f\u0131 \u00fc\u00e7\u00fcnc\u00fc ki\u015fileri \u00f6\u011frenme, ki\u015fisel verilerinizin eksik veya yanl\u0131\u015f i\u015flenmesi halinde bunlar\u0131n d\u00fczeltilmesini isteme, 6698 say\u0131l\u0131 Ki\u015fisel Verilerin Korunmas\u0131 Kanununun 7. Maddesinde \u00f6ng\u00f6r\u00fclen \u015fartlar dahilinde ki\u015fisel verilerinizin silinmesini veya yok edilmesini isteme, ki\u015fisel verilerinizin yukar\u0131daki sebeplerle silinmesi veya yok edilmesi halinde bunlar\u0131n aktar\u0131ld\u0131\u011f\u0131 \u00fc\u00e7\u00fcnc\u00fc ki\u015filere bilgi verilmesini isteme, i\u015flenen ki\u015fisel verilerinizin m\u00fcnhas\u0131ran otomatik sistemler vas\u0131tas\u0131yla analiz edilmesi suretiyle aleyhinize bir sonucun ortaya \u00e7\u0131kmas\u0131na itiraz etme, ki\u015fisel verilerinizin Kanuna ayk\u0131r\u0131 olarak i\u015flenmesi sebebiyle zarara u\u011framan\u0131z halinde zarar\u0131n\u0131z\u0131n giderilmesini talep etme haklar\u0131na sahipsiniz Haklar\u0131n\u0131za ili\u015fkin taleplerinizi \u015firketimize iletmeniz durumunda \u015firketimiz niteli\u011fine g\u00f6re talebi en k\u0131sa s\u00fcrede ve en ge\u00e7 otuz g\u00fcn i\u00e7inde \u00fccretsiz olarak sonu\u00e7land\u0131racakt\u0131r. Yukar\u0131daki haklar\u0131n\u0131z\u0131 kullan\u0131rken, i\u015flemin ek bir maliyet gerektirmesi halinde ilgili mevzuat uyar\u0131nca \u00fccret al\u0131nacakt\u0131r. Bu haklar\u0131n\u0131z\u0131 6698 say\u0131l\u0131 Kanunun ilgili 11. Maddesi gere\u011fi a\u015fa\u011f\u0131daki ileti\u015fim kanallar\u0131 arac\u0131l\u0131\u011f\u0131yla kullanabilirsiniz.<\/p><p><strong>Ki\u015fisel Veri Sahibinin KVK Kanunu\u2019nun 11. Maddesinde Say\u0131lan Haklar\u0131<\/strong><\/p><p>Ki\u015fisel veri sahipleri olarak, haklar\u0131n\u0131za ili\u015fkin taleplerinizi, i\u015fbu Ayd\u0131nlatma Metni\u2019nde a\u015fa\u011f\u0131da d\u00fczenlenen y\u00f6ntemlerle \u015eirketimize iletmeniz durumunda \u015eirketimiz talebin niteli\u011fine g\u00f6re talebi en ge\u00e7 otuz g\u00fcn i\u00e7inde herhangi bir \u00fccret olmaks\u0131z\u0131n sonu\u00e7land\u0131racakt\u0131r. Ancak, Ki\u015fisel Verileri Koruma Kurulunca bir \u00fccret \u00f6ng\u00f6r\u00fclmesi halinde, \u015eirketimiz taraf\u0131ndan belirlenen tarifedeki \u00fccret al\u0131nacakt\u0131r. Bu kapsamda ki\u015fisel veri sahipleri;<\/p><ul><li>Ki\u015fisel veri i\u015flenip i\u015flenmedi\u011fini \u00f6\u011frenme,<\/li><li>Ki\u015fisel verileri i\u015flenmi\u015fse buna ili\u015fkin bilgi talep etme,<\/li><li>Ki\u015fisel verilerin i\u015flenme amac\u0131n\u0131 ve bunlar\u0131n amac\u0131na uygun kullan\u0131l\u0131p kullan\u0131lmad\u0131\u011f\u0131n\u0131 \u00f6\u011frenme,<\/li><li>Yurt i\u00e7inde veya yurt d\u0131\u015f\u0131nda ki\u015fisel verilerin aktar\u0131ld\u0131\u011f\u0131 \u00fc\u00e7\u00fcnc\u00fc ki\u015fileri bilme,<\/li><\/ul><p>Ki\u015fisel verilerin eksik veya yanl\u0131\u015f i\u015flenmi\u015f olmas\u0131 h\u00e2linde bunlar\u0131n d\u00fczeltilmesini isteme ve bu kapsamda yap\u0131lan i\u015flemin ki\u015fisel verilerin aktar\u0131ld\u0131\u011f\u0131 \u00fc\u00e7\u00fcnc\u00fc ki\u015filere bildirilmesini isteme,<\/p><ul><li>KVK Kanunu\u2019nun ve ilgili di\u011fer kanun h\u00fck\u00fcmlerine uygun olarak i\u015flenmi\u015f olmas\u0131na ra\u011fmen, i\u015flenmesini gerektiren sebeplerin ortadan kalkmas\u0131 h\u00e2linde ki\u015fisel verilerin silinmesini veya yok edilmesini isteme ve bu kapsamda yap\u0131lan i\u015flemin ki\u015fisel verilerin aktar\u0131ld\u0131\u011f\u0131 \u00fc\u00e7\u00fcnc\u00fc ki\u015filere bildirilmesini isteme,<\/li><li>\u0130\u015flenen verilerin m\u00fcnhas\u0131ran otomatik sistemler vas\u0131tas\u0131yla analiz edilmesi suretiyle ki\u015finin kendisi aleyhine bir sonucun ortaya \u00e7\u0131kmas\u0131na itiraz etme,<\/li><li>Ki\u015fisel verilerin kanuna ayk\u0131r\u0131 olarak i\u015flenmesi sebebiyle zarara u\u011framas\u0131 h\u00e2linde zarar\u0131n giderilmesini talep etme haklar\u0131na sahiptir.<\/li><\/ul><p>\u00a0<\/p><p>KVK Kanunu\u2019nun 13. maddesinin 1. f\u0131kras\u0131 gere\u011fince, yukar\u0131da belirtilen haklar\u0131n\u0131z\u0131 kullanmak ile ilgili talebinizi, yaz\u0131l\u0131 veya Ki\u015fisel Verileri Koruma Kurulu\u2019nun belirledi\u011fi di\u011fer y\u00f6ntemlerle \u015eirketimize iletebilirsiniz. Ki\u015fisel Verileri Koruma Kurulu, \u015fu a\u015famada herhangi bir y\u00f6ntem belirlemedi\u011fi i\u00e7in ba\u015fvurunuzu KVK Kanunu gere\u011fince, yaz\u0131l\u0131 olarak \u015eirketimize iletmeniz gerekmektedir. Bu \u00e7er\u00e7evede \u015eirketimize KVK Kanunu\u2019nun 11. maddesi kapsam\u0131nda yapaca\u011f\u0131n\u0131z ba\u015fvurularda yaz\u0131l\u0131 olarak ba\u015fvurunuzu iletece\u011finiz kanallar ve usuller a\u015fa\u011f\u0131da a\u00e7\u0131klanmaktad\u0131r.<\/p><p>\u00a0<\/p><p>Yukar\u0131da belirtilen haklar\u0131n\u0131z\u0131 kullanmak i\u00e7in kimli\u011finizi tespit edici gerekli bilgiler ve talep olunan di\u011fer bilgiler ile KVK Kanunu\u2019nun 11. maddesinde belirtilen haklardan kullanmay\u0131 talep etti\u011finiz hakk\u0131n\u0131za y\u00f6nelik a\u00e7\u0131klamalar\u0131n\u0131z\u0131 i\u00e7eren talebinizin imzal\u0131 bir n\u00fcshas\u0131n\u0131 \u201cKaradenizliler Mah. T\u00fcrkmen Sk. No:26\/2 Ba\u015fiskele-Kocaeli\u201d adresine kimli\u011finizi tespit edici belgeler ile bizzat elden iletebilir, iadeli taahh\u00fctl\u00fc posta ile iletebilir, noter kanal\u0131yla veya KVK Kanunu\u2019nda belirtilen di\u011fer y\u00f6ntemler ile g\u00f6nderebilir veya ilgili talebinizi \u00a0bolgemmuhendisliktemizlik@hs01.kep.tr adresine g\u00fcvenli elektronik imzal\u0131 olarak iletebilirsiniz.<\/p><\/div>\n    <\/div>\n\t\t\t\t<\/div>\n\t\t\t\t<\/div>\n\t\t\t\t\t<\/div>\n\t\t<\/div>\n\t\t\t\t\t<\/div>\n\t\t<\/section>\n\t\t\t\t<\/div>","protected":false},"excerpt":{"rendered":"<p>b\u00f6lgem mobilite B\u00d6LGEM M\u00dcHEND\u0130SL\u0130K \u0130N\u015e. ELEK. MAK. SAN. VE T\u0130C. LTD. \u015eT\u0130. \u00a0K\u0130\u015e\u0130SEL VER\u0130LER\u0130N \u0130\u015eLENMES\u0130NE \u0130L\u0130\u015eK\u0130N AYDINLATMA METN\u0130 6698 say\u0131l\u0131 Ki\u015fisel Verilerin Korunmas\u0131 Kanunu, 07.04.2016 tarih ve 29677 say\u0131l\u0131 Resmi Gazete&#8217;de yay\u0131nlanarak y\u00fcr\u00fcrl\u00fc\u011fe girmi\u015ftir. Uluslararas\u0131 belgeler, mukayeseli hukuk uygulamalar\u0131 ve \u00fclkemiz ihtiya\u00e7lar\u0131 g\u00f6z \u00f6n\u00fcne al\u0131nmak suretiyle haz\u0131rlanan Kanun ile ki\u015fisel verilerin \u00e7a\u011fda\u015f standartlarda i\u015flenmesi ve [&hellip;]<\/p>\n","protected":false},"author":1,"featured_media":0,"parent":0,"menu_order":0,"comment_status":"closed","ping_status":"closed","template":"elementor_header_footer","meta":{"footnotes":""},"class_list":["post-4007","page","type-page","status-publish","hentry"],"_links":{"self":[{"href":"https:\/\/www.bolgem.com.tr\/en\/wp-json\/wp\/v2\/pages\/4007","targetHints":{"allow":["GET"]}}],"collection":[{"href":"https:\/\/www.bolgem.com.tr\/en\/wp-json\/wp\/v2\/pages"}],"about":[{"href":"https:\/\/www.bolgem.com.tr\/en\/wp-json\/wp\/v2\/types\/page"}],"author":[{"embeddable":true,"href":"https:\/\/www.bolgem.com.tr\/en\/wp-json\/wp\/v2\/users\/1"}],"replies":[{"embeddable":true,"href":"https:\/\/www.bolgem.com.tr\/en\/wp-json\/wp\/v2\/comments?post=4007"}],"version-history":[{"count":4,"href":"https:\/\/www.bolgem.com.tr\/en\/wp-json\/wp\/v2\/pages\/4007\/revisions"}],"predecessor-version":[{"id":4011,"href":"https:\/\/www.bolgem.com.tr\/en\/wp-json\/wp\/v2\/pages\/4007\/revisions\/4011"}],"wp:attachment":[{"href":"https:\/\/www.bolgem.com.tr\/en\/wp-json\/wp\/v2\/media?parent=4007"}],"curies":[{"name":"wp","href":"https:\/\/api.w.org\/{rel}","templated":true}]}}