{"id":3994,"date":"2025-02-27T09:33:22","date_gmt":"2025-02-27T06:33:22","guid":{"rendered":"https:\/\/www.bolgem.com.tr\/?page_id=3994"},"modified":"2025-02-27T09:35:33","modified_gmt":"2025-02-27T06:35:33","slug":"mesafeli-satis-sozlesmesi","status":"publish","type":"page","link":"https:\/\/www.bolgem.com.tr\/en\/mesafeli-satis-sozlesmesi\/","title":{"rendered":"Mesafeli Sat\u0131\u015f S\u00f6zle\u015fmesi"},"content":{"rendered":"<div data-elementor-type=\"wp-page\" data-elementor-id=\"3994\" class=\"elementor elementor-3994\">\n\t\t\t\t\t\t<section class=\"elementor-section elementor-top-section elementor-element elementor-element-3c65ca5 elementor-section-content-top elementor-section-boxed elementor-section-height-default elementor-section-height-default\" data-id=\"3c65ca5\" data-element_type=\"section\" data-e-type=\"section\">\n\t\t\t\t\t\t<div class=\"elementor-container elementor-column-gap-default\">\n\t\t\t\t\t<div class=\"elementor-column elementor-col-100 elementor-top-column elementor-element elementor-element-76c1942\" data-id=\"76c1942\" data-element_type=\"column\" data-e-type=\"column\">\n\t\t\t<div class=\"elementor-widget-wrap elementor-element-populated\">\n\t\t\t\t\t\t<div class=\"elementor-element elementor-element-b20e16f elementor-widget-divider--view-line elementor-widget elementor-widget-divider\" data-id=\"b20e16f\" data-element_type=\"widget\" data-e-type=\"widget\" data-widget_type=\"divider.default\">\n\t\t\t\t<div class=\"elementor-widget-container\">\n\t\t\t\t\t\t\t<div class=\"elementor-divider\">\n\t\t\t<span class=\"elementor-divider-separator\">\n\t\t\t\t\t\t<\/span>\n\t\t<\/div>\n\t\t\t\t\t\t<\/div>\n\t\t\t\t<\/div>\n\t\t\t\t<div class=\"elementor-element elementor-element-3048ed8 elementor-widget elementor-widget-go-s-heading\" data-id=\"3048ed8\" data-element_type=\"widget\" data-e-type=\"widget\" data-widget_type=\"go-s-heading.default\">\n\t\t\t\t<div class=\"elementor-widget-container\">\n\t\t\t\t\t<div class=\"prthalign\">\n            <h5 class=\"egx-subtitle-1\">\n                            <img decoding=\"async\" src=\"https:\/\/themexriver.com\/wp\/eergx\/wp-content\/uploads\/2024\/10\/h1-sub-title.svg\" alt=\"\">\n                        <span class=\"gradient\">b\u00f6lgem mobilite<\/span>\n        <\/h5>\n        <h1 class=\"elementor-gt-heading egx-section-title-1 egx-split-text split-in-right\">\n<\/h1>            <div class=\"egx-para-1 disc elementor-gt-desc\"><h4>MESAFELI\u0307 SATI\u015e S\u00d6ZLE\u015eMESI\u0307<\/h4><li>S\u00d6ZLE\u015eMENI\u0307N TARAFLARI<br \/>1.1.H\u0130ZMETVEREN:<br \/>B\u00d6LGEM M\u00dcHEND\u0130SL\u0130K \u0130N\u015eAAT ELEK.MAK.SAN. VE T\u0130C.LTD.\u015eT\u0130 (So\u0308zles\u0327mede \u201cB\u00d6LGEM MOB\u0130L\u0130TE\u201d ya da \u201cHizmet Veren\u201d olarak an\u0131lacakt\u0131r) Karadenizliler Mah. T\u00fcrkmen Sok. No:26\/2 Ba\u015fiskele\/KOCAEL\u0130<\/li><p>1.2.H\u0130ZMETALAN:<br \/>Ad\u0131\/Soyad\u0131\/Unvan\u0131:<br \/>T.C\/VergiNo:<br \/>Adres:<br \/>Telefon:<br \/>Fax:<br \/>Elektronik Posta :<\/p><p>Hizmet Alan, mobil uygulamada bildirdig\u0306i iletis\u0327im bilgilerinin gec\u0327erli oldug\u0306unu, bildirdig\u0306i adresin tebligat adresi oldug\u0306unu ve bu adreste yap\u0131lacak t\u00fcm tebligatlar\u0131n gec\u0327erli kabul edilece\u011fini kabul, beyan ve taahh\u00fct eder.<\/p><li>S\u00d6ZLE\u015eMENI\u0307N KONUSU<\/li><p>I\u0307s\u0327bu Mesafeli Sat\u0131s\u0327 So\u0308zles\u0327mesi, B\u00d6LGEM MOB\u0130L\u0130TE ile Hizmet Alan aras\u0131nda, B\u00d6LGEM MOB\u0130L\u0130TE\u2019a ait s\u0327arj istasyonlar\u0131ndan Hizmet Alan\u2019a verilen s\u0327arj hizmeti ve ilgili dig\u0306er hizmetlerin s\u0327artlar\u0131 ile Taraflar aras\u0131ndaki hak ve yu\u0308ku\u0308mlu\u0308lu\u0308klerinin belirlenmesi amac\u0131yla du\u0308zenlenmis\u0327tir.<\/p><li>H\u0130ZMET VE UYGULAMA KULLANIM KOS\u0327ULLARI<\/li><p>Hizmet Alan, B\u00d6LGEM MOB\u0130L\u0130TE mobil uygulamas\u0131\u2019n\u0131n Harita bo\u0308lu\u0308mu\u0308nden s\u0327arj ag\u0306\u0131 istasyonlar\u0131n\u0131n konum ve adresleri ile c\u0327al\u0131s\u0327ma saatleri, s\u0327arj u\u0308nitesi tipleri, s\u0327arj hizmeti \u00fccreti, soket tu\u0308rleri bilgilerine ulas\u0327abilecektir.<\/p><li>GENEL HU\u0308KU\u0308MLER<\/li><p>4.1. I\u0307s\u0327bu So\u0308zles\u0327me kapsam\u0131ndaki Hizmet, ancak Hizmet Alan\u2019\u0131n so\u0308z konusu hizmetlerin kars\u0327\u0131l\u0131g\u0306\u0131 olan ve B\u00d6LGEM MOB\u0130L\u0130TE taraf\u0131ndan belirlenen fiyat ve \u00fccretleri o\u0308demesi durumunda kulland\u0131r\u0131l\u0131r. Fiyat ve \u00fccretlere ilis\u0327kin o\u0308demelerin tam ve zaman\u0131nda yap\u0131lmamas\u0131 veya hizmet kapsam\u0131nda gerc\u0327eg\u0306e ayk\u0131r\u0131 bilgi verilmesi halinde, bu durum So\u0308zles\u0327me\u2019nin ihlali say\u0131lacakBr. Bu takdirde B\u00d6LGEM MOB\u0130L\u0130TE taraf\u0131ndan, Hizmet Alan\u2019\u0131n hizmet kullan\u0131m\u0131n\u0131n durdurulmas\u0131 ve\/veya U\u0308ye\u2019nin u\u0308yelik hesab\u0131n\u0131n ask\u0131ya al\u0131nmas\u0131 ya da kapaBlmas\u0131 so\u0308z konusu olabilecek ve B\u00d6LGEM MOB\u0130L\u0130TE taraf\u0131ndan yasal yollara bas\u0327vurulacakBr<\/p><p>4.2. B\u00d6LGEM MOB\u0130L\u0130TE, kabul eki ve Hizmet Alan taraf\u0131ndan sabin al\u0131nan Hizmet\u2019in ifa su\u0308resini belirleme konusunda mu\u0308nhas\u0131ran yetkilidir.<\/p><p>4.3. B\u00d6LGEM MOB\u0130L\u0130TE taraf\u0131ndan is\u0327bu So\u0308zles\u0327me kapsam\u0131nda sag\u0306lanan hizmetin altyap\u0131s\u0131nda B\u00d6LGEM MOB\u0130L\u0130TE\u2019 \u0131n kusuru olmaks\u0131z\u0131n ve B\u00d6LGEM MOB\u0130L\u0130TE\u2019tan bag\u0306\u0131ms\u0131z olarak, hayaBn olag\u0306an ak\u0131s\u0327\u0131ndan kaynaklanarak meydana gelebilecek elektrik kesintisi ve dig\u0306er teknik aksakl\u0131klar nedeniyle, hizmetlerin kesintiye ug\u0306ramas\u0131 ve\/veya tam ve eksiksiz sunulamamas\u0131 halinde, B\u00d6LGEM MOB\u0130L\u0130TE\u2019 a bu nedenle hic\u0327bir sorumluluk yu\u0308klenemeyecektir.<\/p><p>4.4. Hizmet Alan, mevzuat, So\u0308zles\u0327me, Uygulama ve Web Sitesi\u2019nde yer alan du\u0308zenlemelere uygun bir s\u0327ekilde cihazlar\u0131 kullanmas\u0131, arac\u0131n\u0131 s\u0327arj etmesi, cihazlara hic\u0327bir zarar vermeden ve amac\u0131 do\u011frultusunda kullanmas\u0131 gerektig\u0306ini kabul eder. Bu sebeple do\u011fabilecek hasar, kay\u0131p ve zararlardan Hizmet Alan tek bas\u0327\u0131na sorumlu olacakt\u0131r. B\u00d6LGEM MOB\u0130L\u0130TE, do\u011fabilecek zararlar sebebiyle r\u00fccu hakk\u0131n\u0131 ve dig\u0306er yasal haklar\u0131n\u0131 sakl\u0131 tutar.<\/p><p>4.5. S\u0327arj istasyonlar\u0131n\u0131n, u\u0308c\u0327u\u0308ncu\u0308 bir taraf ya da is\u0327 ortag\u0306\u0131n\u0131n mu\u0308lku\u0308nde bulundug\u0306u hallerde; Hizmet Alan, so\u0308z konusu istasyonun bulundug\u0306u yerdeki mu\u0308s\u0327teri veya ziyaretc\u0327i kos\u0327ullar\u0131, park k\u0131s\u0131tlamalar\u0131, park etme su\u0308resi vb. o yere o\u0308zgu\u0308 s\u0131n\u0131rlamalara ve t\u00fcm kurallara uymay\u0131 kabul eder.<\/p><p>Bu s\u0327ekilde belirlenmis\u0327 bir kurala uyulmamas\u0131ndan kaynaklanan herhangi bir hasar, \u00fccret, ceza veya kay\u0131ptan B\u00d6LGEM MOB\u0130L\u0130TE\u2019\u0131n sorumlu tutulmas\u0131 m\u00fcmk\u00fcn olmayacakt\u0131r.<\/p><p>4.6. Hizmet Alan\u2019\u0131n, B\u00d6LGEM MOB\u0130L\u0130TE\u2019\u0131n is\u0327 ortag\u0306\u0131na ya da u\u0308c\u0327u\u0308ncu\u0308 bir tarafa ait s\u0327arj istasyonuna herhangi bir sebeple zarar vermesi durumunda bu zarar\u0131n derhal ve defaten kars\u0327\u0131lanmas\u0131ndan Hizmet Alan sorumludur.<\/p><p>4.7. Hizmet Alan, hizmet kapsam\u0131nda, tescillenmis\u0327 ve standart olarak u\u0308retilmis\u0327 elektrikli arac\u0327lar\u0131 kullanacag\u0306\u0131n\u0131 taahhu\u0308t eder. Modifiye edilmis\u0327 veya kis\u0327isel olarak deg\u0306is\u0327tirilmis\u0327 s\u0327arj cihazlar\u0131 ic\u0327eren elektrikli arac\u0327lar\u0131n kullan\u0131m\u0131 yasakBr. Bu sebeple do\u011fabilecek hasar, kay\u0131p ve zararlardan Hizmet Alan tek bas\u0327\u0131na sorumlu olacakt\u0131r. B\u00d6LGEM MOB\u0130L\u0130TE , do\u011fabilecek zararlar sebebiyle r\u00fccu hakk\u0131n\u0131 ve dig\u0306er yasal haklar\u0131n\u0131 sakl\u0131 tutar.<\/p><p>4.8. B\u00d6LGEM MOB\u0130L\u0130TE\u2019\u0131n Hizmet Alan\u2019a kars\u0327\u0131 hukuki sorumlulug\u0306u ancak Hizmet\u2019in verilmesi s\u0131ras\u0131nda meydana gelen, Hizmet Alan\u2019\u0131n kusuru olmaks\u0131z\u0131n, sadece B\u00d6LGEM MOB\u0130L\u0130TE\u2019\u0131n ag\u0306\u0131r kusurundan kaynaklanan do\u011frudan zararlar ile s\u0131n\u0131rl\u0131d\u0131r.<\/p><p>4.9. So\u0308zles\u0327me hak ve yu\u0308ku\u0308mlu\u0308lu\u0308klerinin hangi kis\u0327iye ait oldug\u0306u konusunda ihtilaf bulunmas\u0131 halinde Mal\/Hizmet ic\u0327in B\u00d6LGEM MOB\u0130L\u0130TE\u2019a o\u0308demeyi yapan kis\u0327inin, So\u0308zles\u0327me\u2019nin taraf oldug\u0306u kabul edilecektir.<\/p><li>DI\u0307G\u0306ER HU\u0308KU\u0308MLER<\/li><p>5.1. Hizmet Alan, So\u0308zles\u0327me konusu hizmetin o\u0308zellikleri, kullan\u0131m kos\u0327ullar\u0131, fiyaB, o\u0308deme usulleri ve saBs\u0327a ilis\u0327kin kos\u0327ullar\u0131 ile ilgili t\u00fcm bilgileri okudug\u0306unu ve anlad\u0131g\u0306\u0131n\u0131, B\u00d6LGEM MOB\u0130L\u0130TE\u2019tan s\u0327arj hizmeti sat\u0131n al\u0131nmas\u0131 ic\u0327in gerekli onay\u0131 verdig\u0306ini kabul, beyan ve taahh\u00fct eder.<\/p><p>5.2.B\u00d6LGEM MOB\u0130L\u0130TE , is\u0327bu So\u0308zles\u0327me\u2019nin onaylanmas\u0131n\u0131 takiben s\u0327arj hizmetini Uygulama, U\u0308yelik So\u0308zles\u0327mesinde yer alan s\u0327artlara uygun s\u0327ekilde Hizmet Alan\u2019a sunacag\u0306\u0131n\u0131 kabul, beyan ve taahh\u00fct eder. U\u0308ye\u2019ler yo\u0308nu\u0308nden U\u0308yelik So\u0308zles\u0327mesi is\u0327 bu So\u0308zles\u0327me\u2019nin ayr\u0131lmaz bir parc\u0327as\u0131n\u0131 olus\u0327turur.<\/p><p>5.3. Tu\u0308ketici s\u0131faBndaki Hizmet Alan yo\u0308nu\u0308nden, is\u0327bu So\u0308zles\u0327me, Uygulama, U\u0308yelik So\u0308zles\u0327mesinde yer alan s\u0327artlar\u0131n yan\u0131 s\u0131ra, 6502 say\u0131l\u0131 Tu\u0308keticinin Korunmas\u0131 Hakk\u0131ndaki Kanun ve 27.11.2014 tarih ve 29188 say\u0131l\u0131 Resmi Gazete\u2019de yay\u0131nlanan Mesafeli So\u0308zles\u0327meler Yo\u0308netmelig\u0306i uygulanacakBr.<\/p><p>5.4. Hizmet Alan, Uygulama\u2019y\u0131 ve t\u00fcm I\u0307c\u0327erik\u2019leri ilgili her tu\u0308rlu\u0308 yasal mevzuata, So\u0308zles\u0327me\u2019ye, Uygulama\u2019da ve Web Sitesi\u2019nde yer alan t\u00fcm metinlerde yaz\u0131l\u0131 s\u0327artlara ve kullan\u0131m amac\u0131na uygun s\u0327ekilde kullanacakBr.B\u00d6LGEM MOB\u0130L\u0130TE\u2019\u0131n , Hizmet Alan\u2019dan kaynaklanan nedenlerle u\u0308c\u0327u\u0308ncu\u0308 kis\u0327ilere yapmak durumunda kalacag\u0306\u0131 o\u0308demelere ilis\u0327kin Hizmet Alan\u2019a r\u00fccu etme hakk\u0131 sakl\u0131d\u0131r.<\/p><p>5.5. Hizmet Alan, B\u00d6LGEM MOB\u0130L\u0130TE\u2019 a ait s\u0327arj istasyonlar\u0131n\u0131 sadece elektrikli arac\u0327 s\u0327arj\u0131 ic\u0327in kullanabilir. Hizmet Alan, s\u0327arj istasyonlar\u0131n\u0131 ticari ya da mesleki amac\u0327la gelir elde etmek de dahil, bas\u0327ka bir amac\u0327la kullanmayacag\u0306\u0131n\u0131, bas\u0327ka bir amac\u0327la kullanmas\u0131 halinde B\u00d6LGEM MOB\u0130L\u0130TE\u2019 a ve\/veya u\u0308c\u0327u\u0308ncu\u0308 kis\u0327ilere vereceg\u0306i do\u011frudan ve dolayl\u0131 t\u00fcm zararlardan sorumlu olacag\u0306\u0131n\u0131 kabul, beyan ve taahh\u00fct eder. So\u0308zles\u0327me\u2019de, Web Sitesi\u2019nde ve Uygulama\u2019da yer alan kurallara uygun olmayan kullan\u0131mlar\u0131n tespiti halinde B\u00d6LGEM MOB\u0130L\u0130TE taraf\u0131ndan is\u0327bu So\u0308zles\u0327me\u2019de belirlenen ilave \u00fccretler Hizmet Alan\u2019\u0131n hesab\u0131na ilave \u00fccret olarak yans\u0131Blabilir ve\/veya U\u0308ye\u2019nin u\u0308yelig\u0306i ask\u0131ya al\u0131nabilir veya iptal edilebilir.<\/p><p>5.6. S\u0327arj hizmetinden yararlanabilmek ic\u0327in Hizmet Alan\u2019\u0131n 18 yas\u0327\u0131n\u0131 doldurmus\u0327 olmas\u0131 gerekmektedir. Hizmet Alan\u2019\u0131n 18 yas\u0327\u0131n\u0131 doldurmamas\u0131na rag\u0306men yanl\u0131s\u0327 ve yan\u0131lBc\u0131 bilgiler ile Uygulama\u2019y\u0131 kullanmas\u0131 ya da u\u0308ye olmas\u0131 ya da s\u0327arj hizmeti almas\u0131 halinde, ortaya c\u0327\u0131kabilecek hukuki, cezai, mali ve idari t\u00fcm sorumluluk ve zarardan Hizmet Alan sorumlu olacakt\u0131r.<\/p><p>5.7. B\u00d6LGEM MOB\u0130L\u0130TE, So\u0308zles\u0327me, Uygulama ya da Web Sitesi\u2019ndeki maddi hatalardan, tipografik hatalardan ve yaz\u0131m hatalar\u0131ndan sorumlu deg\u0306ildir.<\/p><p>5.8.B\u00d6LGEM MOB\u0130L\u0130TE, mevzuat, So\u0308zles\u0327me ve ilgili dig\u0306er du\u0308zenlemelerin imkan verdig\u0306i o\u0308lc\u0327u\u0308de Uygulama ve s\u0327arj hizmetinin sag\u0306lanmas\u0131 konusunda yeni du\u0308zenlemeler ve fiyatland\u0131rmalar yapabilecektir. B\u00d6LGEM MOB\u0130L\u0130TE, bu du\u0308zenleme ve fiyatland\u0131rmalar\u0131, en k\u0131sa su\u0308re ic\u0327erisinde Uygulama\u2019ya entegre edecek olup, bu konuda Hizmet Alan\u2019a ayr\u0131ca bir bilgilendirme yap\u0131lmayacakBr. Deg\u0306is\u0327iklikler Uygulama\u2019ya yu\u0308klenme tarihinden itibaren gec\u0327erli olup, Hizmet Alan, Uygulama\u2019n\u0131n So\u0308zles\u0327meler ve dig\u0306er k\u0131s\u0131mlar\u0131nda yer alan bilgileri du\u0308zenli olarak incelemesi gerektig\u0306ini ve Uygulama\u2019da yer alan bilgilerin gu\u0308ncel bilgiler oldug\u0306unu kabul etmektedir. Hizmet Alan, Uygulama\u2019ya eris\u0327imi ile deg\u0306is\u0327tirilmis\u0327 ve gu\u0308ncel So\u0308zles\u0327me\u2019yi kabul etmis\u0327 say\u0131lacag\u0306\u0131n\u0131 kabul, beyan ve taahh\u00fct eder.<\/p><p>5.9. Hizmet Alan, B\u00d6LGEM MOB\u0130L\u0130TE\u2019\u0131n o\u0308nceden yaz\u0131l\u0131 onay\u0131n\u0131 almaks\u0131z\u0131n is\u0327bu So\u0308zles\u0327me\u2019deki haklar\u0131n\u0131 veya yu\u0308ku\u0308mlu\u0308lu\u0308klerinin tamamen veya k\u0131smen temlik edemeyecektir.<\/p><li>S\u0327ARJ H\u0130ZMETI\u0307 FI\u0307YATI VE O\u0308DEME<\/li><p>6.1. S\u0327arj hizmeti fiyatlar\u0131 Uygulama\u2019da belirtilen t\u00fcm \u00fccret ve fiyatlar\u0131 belirleme yetkisi mu\u0308nhas\u0131ran B\u00d6LGEM MOB\u0130L\u0130TE\u2019a aikr.<\/p><p>6.2. Hizmet Alan, Uygulama\u2019n\u0131n soket ve istasyonlar\u0131n bulundug\u0306u bo\u0308lu\u0308mde listelenen s\u0327arj hizmeti \u00fccreti, masraf ve dig\u0306er t\u00fcm \u00fccretleri o\u0308deyeceg\u0306ini, su\u0308reli olarak ilan edilen t\u00fcm \u00fccret ve masraflar\u0131n belirtilen su\u0308re sonuna kadar gec\u0327erli oldug\u0306unu, Uygulama\u2019da listelenen ve ilan edilen s\u0327arj hizmeti fiyatlar\u0131, is\u0327galiyet cezas\u0131, masraflar ve yapBr\u0131mlar\u0131n gu\u0308ncelleme yap\u0131lana ve deg\u0306is\u0327tirilene kadar gec\u0327erli oldug\u0306unu bildig\u0306ini kabul, beyan ve taahh\u00fct eder.<\/p><p>6.3. B\u00d6LGEM MOB\u0130L\u0130TE, bros\u0327u\u0308r ve afis\u0327 gibi metinlerde yer alan tan\u0131Bm ve reklam kapsam\u0131nda yap\u0131lan her tu\u0308rlu\u0308 kampanyada ve bunlar\u0131n fiyatlar\u0131nda deg\u0306is\u0327iklik yapma ve\/veya bunlar\u0131 iptal etme hakk\u0131n\u0131 sakl\u0131 tutar.<\/p><p>6.4. B\u00d6LGEM MOB\u0130L\u0130TE, kredi karB veya banka karB y\u00f6ntemi ile al\u0131s\u0327veris\u0327 ortam\u0131 sag\u0306lamakta olup 5464 say\u0131l\u0131 Banka Kartlar\u0131 ve Kredi Kartlar\u0131 Kanunu ve ilgili mevzuat uyar\u0131nca kart hamili olan Hizmet Alan, banka taraf\u0131ndan kendisine tevdi edilen karB ve karBn kullan\u0131lmas\u0131 bir kod numaras\u0131, s\u0327ifre veya kimlig\u0306i belirleyici bas\u0327ka bir y\u00f6ntemin kullan\u0131lmas\u0131n\u0131 gerektiriyorsa bu bilgileri gu\u0308venli bir s\u0327ekilde korumak ve bas\u0327kalar\u0131 taraf\u0131ndan kullan\u0131lmas\u0131na engel olacak o\u0308nlemleri almak ile yu\u0308ku\u0308mlu\u0308du\u0308r. Hizmet Alan, kredi karBn\u0131n c\u0327al\u0131nmas\u0131, kredi karB bilgilerinin u\u0308c\u0327u\u0308ncu\u0308 kis\u0327ilerin eline gec\u0327mesi gibi hallerde, bilgisi d\u0131s\u0327\u0131nda B\u00d6LGEM MOB\u0130L\u0130TE\u2019a ait al\u0131s\u0327veris\u0327 ortamlar\u0131 u\u0308zerinden yap\u0131lan al\u0131s\u0327veris\u0327lere ilis\u0327kin finansal sorumlulug\u0306un B\u00d6LGEM MOB\u0130L\u0130TE\u2019a ait olmad\u0131g\u0306\u0131n\u0131 ve bu durumda, derhal mu\u0308s\u0327terisi oldug\u0306u banka ile iletis\u0327ime gec\u0327mesi gerektig\u0306ini kabul eder.<\/p><p>6.5. B\u00d6LGEM MOB\u0130L\u0130TE taraf\u0131ndan belirli do\u0308nemlerde belirli U\u0308ye\u2019lere yo\u0308nelik olarak ayn\u0131 veya benzer hizmetler ic\u0327in farkl\u0131 tutarlarda \u00fccretler ic\u0327erebilecek promosyon teklifleri ve\/veya indirimler sunulabilecektir. Bu tu\u0308r promosyon teklifleri ve indirimler, yaln\u0131zca teklif sunulan U\u0308ye\u2019ler bak\u0131m\u0131ndan sonuc\u0327 dog\u0306uracakBr.<\/p><p>6.6. Hizmet Alan, s\u0327arj hizmeti almadan o\u0308nce Uygulama\u2019ya o\u0308deme yapacag\u0306\u0131 kredi karB bilgilerini eklemesi gerektig\u0306ini, yanl\u0131s\u0327 ya da haks\u0131z ve hukuka ayk\u0131r\u0131 bir s\u0327ekilde 3. kis\u0327ilere ait kart bilgisi eklemesi halinde do\u011fabilecek t\u00fcm zararlardan sorumlu oldug\u0306unu kabul etmektedir.<\/p><p>6.7. Hizmet al\u0131nan istasyon veya cihazlarda B\u00d6LGEM MOB\u0130L\u0130TE taraf\u0131ndan s\u0327arj hizmetinin tamamland\u0131g\u0306\u0131na ilis\u0327kin Hizmet Alan\u2019a bilgi verildig\u0306i halde s\u0327arj istasyonundan ayr\u0131lmayan Hizmet Alan\u2019dan s\u0327arj is\u0327leminin bitiminden yirmi (20) dakika sonra, her bir dakika bas\u0327\u0131na Uygulama\u2019da listelenen is\u0327galiyet cezas\u0131 al\u0131nacakBr.<\/p><p>6.8. B\u00d6LGEM MOB\u0130L\u0130TE, tamamen kendi takdiri do\u011frultusunda, s\u0327arj hizmeti \u00fccretlerini revize etme hakk\u0131n\u0131 sakl\u0131 tutar. B\u00d6LGEM MOB\u0130L\u0130TE Uygulama\u2019da yer alan \u00fccretlerin gu\u0308ncellenmesi ve U\u0308ye\u2019lerin ve Kullan\u0131c\u0131\u2019lar\u0131n bilgilendirilmesi ic\u0327in makul c\u0327abay\u0131 go\u0308sterecektir. Ancak al\u0131nan Hizmet\u2019in kars\u0327\u0131l\u0131g\u0306\u0131 olarak fatura edilen t\u00fcm \u00fccretler nihai bir nitelik tas\u0327\u0131maktad\u0131r ve B\u00d6LGEM MOB\u0130L\u0130TE taraf\u0131ndan aksi belirtilmedikc\u0327e iade edilmeyecektir.<\/p><li>I\u0307PTAL, CAYMA HAKKI VE I\u0307ADE KOS\u0327ULLARI<\/li><p>7.1. B\u00d6LGEM MOB\u0130L\u0130TE ile Hizmet Alan aras\u0131ndaki So\u0308zles\u0327me, mesafeli olarak kurulacak olup cayma hakk\u0131 hu\u0308ku\u0308mleri yo\u0308nu\u0308nden Mesafeli So\u0308zles\u0327meler Yo\u0308netmelig\u0306i\u2019ne tabidir.<\/p><p>7.2. Mesafeli So\u0308zles\u0327meler Yo\u0308netmelig\u0306i\u2019nin cayma hakk\u0131n\u0131n istisnalar\u0131n\u0131 du\u0308zenleyen 15. maddesi 1. fkras\u0131n\u0131n (a) ve (d) bentlerinde du\u0308zenlenen fiyaB finansal piyasalardaki dalgalanmalara bag\u0306l\u0131 olarak deg\u0306is\u0327en ve saBc\u0131 veya sag\u0306lay\u0131c\u0131n\u0131n kontrolu\u0308nde olmayan mal veya hizmetlere ilis\u0327kin ve tesliminden sonra bas\u0327ka u\u0308ru\u0308nlerle kar\u0131s\u0327an ve dog\u0306as\u0131 gereg\u0306i ayr\u0131s\u0327Br\u0131lmas\u0131 m\u00fcmk\u00fcn olmayan mallara ilis\u0327kin so\u0308zles\u0327me olmas\u0131 nedeniyle, Hizmet Alan\u2019\u0131n So\u0308zles\u0327me\u2019den cayma hakk\u0131 bulunmamaktad\u0131r.<\/p><p>7.3. B\u00d6LGEM MOB\u0130L\u0130TE, Hizmet Alan taraf\u0131ndan mevzuat, So\u0308zles\u0327me, Uygulama ve Web Sitesi\u2019nde belirtilen du\u0308zenlemelere ayk\u0131r\u0131 hareket edilmesi ya da yu\u0308ku\u0308mlu\u0308lu\u0308klerin yerine getirilmemesi halinde So\u0308zles\u0327me\u2019yi tek tarafl\u0131 ve derhal feshedebilecektir. Bu s\u0327ekilde gerc\u0327ekles\u0327en fesihte B\u00d6LGEM MOB\u0130L\u0130TE\u2019in, Hizmet Alan\u2019a herhangi bir ihtarda bulunma zorunlulug\u0306u bulunmamaktad\u0131r.<\/p><p>7.4. Hizmet Alan taraf\u0131ndan mevzuat, So\u0308zles\u0327me, Uygulama ve Web Sitesi\u2019nde belirtilen du\u0308zenlemelere ayk\u0131r\u0131 hareket edilmesi ya da yu\u0308ku\u0308mlu\u0308lu\u0308klerin yerine getirilmemesi durumunda B\u00d6LGEM MOB\u0130L\u0130TE, Hizmet Alan\u2019\u0131n bu davran\u0131s\u0327lar\u0131 nedeniyle ug\u0306rayacag\u0306\u0131 do\u011frudan ve dolayl\u0131 zararlar\u0131n\u0131n tamam\u0131n\u0131 Hizmet Alan\u2019dan talep edebilecektir.<\/p><p>7.5. So\u0308zles\u0327me\u2019nin feshedilmesi ya da fesih d\u0131s\u0327\u0131nda herhangi bir sebeple sona ermesi halinde, Taraflar aras\u0131nda o\u0308nceden anlas\u0327\u0131lm\u0131s\u0327 t\u00fcm \u00fccret, masraf ve cezalar fesih ve sona erme tarihinde herhangi bir ihtara gerek olmaks\u0131z\u0131n muaccel olacakt\u0131r.<\/p><p>7.6. B\u00d6LGEM MOB\u0130L\u0130TE\u2019\u0131n, Hizmet Alan\u2019\u0131n mevzuat ve So\u0308zles\u0327me hu\u0308ku\u0308mleri ile Uygulama ve Web sitesinde yer alan du\u0308zenlemelere ayk\u0131r\u0131 davranmas\u0131 durumunda, Hizmet Alan\u2019\u0131n u\u0308yelig\u0306ini durdurma ya da is\u0327bu So\u0308zles\u0327me\u2019yi derhal feshetme ve Hizmet Alan ile tekrar so\u0308zles\u0327me yapmama hakk\u0131na mevcutur.<\/p><li>UYUS\u0327MAZLIKLARIN C\u0327O\u0308ZU\u0308MU\u0308 VE YETKI\u0307LI\u0307 MAHKEME<\/li><p>8.1. B\u00d6LGEM MOB\u0130L\u0130TE taraf\u0131ndan verilen Hizmet ile ilgili s\u0327ikayet, sorun ve talepleri olmas\u0131 durumunda Hizmet Alan, B\u00d6LGEM MOB\u0130L\u0130TE\u2019\u0131n So\u0308zles\u0327me\u2019de belirtilen iletis\u0327im bilgileri vas\u0131tas\u0131yla s\u0327ikayet ve taleplerini iletebilecektir.<\/p><p>8.2. Taraflar aras\u0131nda dog\u0306acak ve mu\u0308zakere yoluyla giderilemeyen uyus\u0327mazl\u0131klar, Hizmet Alan\u2019\u0131n tu\u0308ketici s\u0131fat\u0131n\u0131 haiz olmas\u0131 durumunda Hizmet Alan\u2019\u0131n yerles\u0327im yerinin bulundug\u0306u veya tu\u0308ketici is\u0327leminin yap\u0131ld\u0131g\u0306\u0131 yerdeki Tu\u0308ketici Hakem Heyeti veya Tu\u0308ketici Mahkemesi\u2019nde c\u0327o\u0308zu\u0308mlenir. Go\u0308revli merciin Tu\u0308ketici Hakem Heyeti mi Tu\u0308ketici Mahkemesi mi oldug\u0306u konusunda uyus\u0327mazl\u0131k zaman\u0131nda yu\u0308ru\u0308rlu\u0308kte bulunan gu\u0308ncel Tu\u0308ketici Hakem Heyetleri Yo\u0308netmelig\u0306i\u2019nde belirtilen alt ve u\u0308st limit parasal s\u0131n\u0131rlar dikkate al\u0131n\u0131r.<\/p><p>8.3. Hizmet Alan\u2019\u0131n tu\u0308ketici s\u0131faBn\u0131 haiz olmamas\u0131 durumunda, uyus\u0327mazl\u0131klar go\u0308revli mahkemelerde c\u0327o\u0308zu\u0308mlenir. Uyus\u0327mazl\u0131klar\u0131n c\u0327o\u0308zu\u0308mu\u0308nde KOCAEL\u0130 Mahkeme ve I\u0307cra Daireleri mu\u0308nhas\u0131ran ve kesin olarak yetkilidir.<\/p><li>DELI\u0307L S\u00d6ZLE\u015eMESI\u0307<\/li><p>Hizmet Alan, is\u0327 bu So\u0308zles\u0327me\u2019den do\u011fabilecek ihtilaflarda B\u00d6LGEM MOB\u0130L\u0130TE\u2019\u0131n resmi de\u011fer ve ticari kay\u0131tlar\u0131, belgeleri, kendi veri taban\u0131nda, sunucular\u0131nda tutug\u0306u elektronik bilgilerin ve bilgisayar kay\u0131tlar\u0131, Uygulama ic\u0327inde yap\u0131lan is\u0327lemler, B\u00d6LGEM MOB\u0130L\u0130TE\u2019ta bulunan so\u0308zles\u0327me ve\/veya sair is\u0327lemlerle ilgili onay log kay\u0131tlar\u0131 ve her tu\u0308r kal\u0131c\u0131 veri saklay\u0131c\u0131 verisi ve uzaktan iletis\u0327im arac\u0131 ile al\u0131nm\u0131s\u0327 onay ve yap\u0131lan is\u0327lem kay\u0131tlar\u0131n\u0131n bag\u0306lay\u0131c\u0131, kesin ve mu\u0308nhas\u0131r delil tes\u0327kil edeceg\u0306ini, bu maddenin Hukuk Muhakemeleri Kanunu\u2019nun 193. maddesi anlam\u0131nda delil so\u0308zles\u0327mesi nitelig\u0306inde oldug\u0306unu kabul, beyan ve taahh\u00fct eder.<\/p><p>Hizmet Alan iletis\u0327im bilgileri, cep telefonu ve e-posta adresi ile yap\u0131lan i\u015flemlerin bizzat kendisi taraf\u0131ndan yap\u0131ld\u0131g\u0306\u0131n\u0131, bunlara dair t\u00fcm eris\u0327im bilgilerinin kendi kontrolu\u0308nde ve<\/p><p>sorumlulug\u0306unda oldug\u0306unu, bu alanlarda yap\u0131lan is\u0327lemlere r\u0131zas\u0131 oldug\u0306unu, bu iletis\u0327im kay\u0131tlar\u0131n\u0131 hic\u0327bir s\u0327ekilde reddedemeyeceg\u0306ini ve delil nitelig\u0306inde oldug\u0306unu pes\u0327inen kabul, beyan ve taahh\u00fct eder.<\/p><p>I\u0307s\u0327bu So\u0308zles\u0327me\u2019nin t\u00fcm maddeleri, Hizmet Alan ve B\u00d6LGEM MOB\u0130L\u0130TE taraf\u0131ndan kars\u0327\u0131l\u0131kl\u0131 olarak okunmus\u0327 ve elektronik ortamda onaylanarak akdedilmis\u0327 olup, is\u0327bu So\u0308zles\u0327me Hizmet Alan taraf\u0131ndan elektronik ortamda onay verildig\u0306i tarih itibariyle yu\u0308ru\u0308rlu\u0308g\u0306e girer.<\/p><p>H\u0130ZMET VEREN<\/p><p>B\u00d6LGEM M\u00dcHEND\u0130SL\u0130K<\/p><\/div>\n    <\/div>\n\t\t\t\t<\/div>\n\t\t\t\t<\/div>\n\t\t\t\t\t<\/div>\n\t\t<\/div>\n\t\t\t\t\t<\/div>\n\t\t<\/section>\n\t\t\t\t<\/div>","protected":false},"excerpt":{"rendered":"<p>b\u00f6lgem mobilite MESAFELI\u0307 SATI\u015e S\u00d6ZLE\u015eMESI\u0307 S\u00d6ZLE\u015eMENI\u0307N TARAFLARI1.1.H\u0130ZMETVEREN:B\u00d6LGEM M\u00dcHEND\u0130SL\u0130K \u0130N\u015eAAT ELEK.MAK.SAN. VE T\u0130C.LTD.\u015eT\u0130 (So\u0308zles\u0327mede \u201cB\u00d6LGEM MOB\u0130L\u0130TE\u201d ya da \u201cHizmet Veren\u201d olarak an\u0131lacakt\u0131r) Karadenizliler Mah. T\u00fcrkmen Sok. No:26\/2 Ba\u015fiskele\/KOCAEL\u0130 1.2.H\u0130ZMETALAN:Ad\u0131\/Soyad\u0131\/Unvan\u0131:T.C\/VergiNo:Adres:Telefon:Fax:Elektronik Posta : Hizmet Alan, mobil uygulamada bildirdig\u0306i iletis\u0327im bilgilerinin gec\u0327erli oldug\u0306unu, bildirdig\u0306i adresin tebligat adresi oldug\u0306unu ve bu adreste yap\u0131lacak t\u00fcm tebligatlar\u0131n gec\u0327erli kabul edilece\u011fini kabul, beyan [&hellip;]<\/p>\n","protected":false},"author":1,"featured_media":0,"parent":0,"menu_order":0,"comment_status":"closed","ping_status":"closed","template":"elementor_header_footer","meta":{"footnotes":""},"class_list":["post-3994","page","type-page","status-publish","hentry"],"_links":{"self":[{"href":"https:\/\/www.bolgem.com.tr\/en\/wp-json\/wp\/v2\/pages\/3994","targetHints":{"allow":["GET"]}}],"collection":[{"href":"https:\/\/www.bolgem.com.tr\/en\/wp-json\/wp\/v2\/pages"}],"about":[{"href":"https:\/\/www.bolgem.com.tr\/en\/wp-json\/wp\/v2\/types\/page"}],"author":[{"embeddable":true,"href":"https:\/\/www.bolgem.com.tr\/en\/wp-json\/wp\/v2\/users\/1"}],"replies":[{"embeddable":true,"href":"https:\/\/www.bolgem.com.tr\/en\/wp-json\/wp\/v2\/comments?post=3994"}],"version-history":[{"count":7,"href":"https:\/\/www.bolgem.com.tr\/en\/wp-json\/wp\/v2\/pages\/3994\/revisions"}],"predecessor-version":[{"id":4001,"href":"https:\/\/www.bolgem.com.tr\/en\/wp-json\/wp\/v2\/pages\/3994\/revisions\/4001"}],"wp:attachment":[{"href":"https:\/\/www.bolgem.com.tr\/en\/wp-json\/wp\/v2\/media?parent=3994"}],"curies":[{"name":"wp","href":"https:\/\/api.w.org\/{rel}","templated":true}]}}