{"id":3423,"date":"2025-02-24T13:44:04","date_gmt":"2025-02-24T10:44:04","guid":{"rendered":"https:\/\/www.bolgem.com.tr\/?page_id=3423"},"modified":"2025-02-24T13:44:40","modified_gmt":"2025-02-24T10:44:40","slug":"egitim-kurumlari","status":"publish","type":"page","link":"https:\/\/www.bolgem.com.tr\/en\/egitim-kurumlari\/","title":{"rendered":"E\u011fitim Kurumlar\u0131"},"content":{"rendered":"<div data-elementor-type=\"wp-page\" data-elementor-id=\"3423\" class=\"elementor elementor-3423\">\n\t\t\t\t\t\t<section class=\"elementor-section elementor-top-section elementor-element elementor-element-3c65ca5 elementor-section-content-top elementor-section-boxed elementor-section-height-default elementor-section-height-default\" data-id=\"3c65ca5\" data-element_type=\"section\" data-e-type=\"section\">\n\t\t\t\t\t\t<div class=\"elementor-container elementor-column-gap-default\">\n\t\t\t\t\t<div class=\"elementor-column elementor-col-50 elementor-top-column elementor-element elementor-element-9a200f8\" data-id=\"9a200f8\" data-element_type=\"column\" data-e-type=\"column\">\n\t\t\t<div class=\"elementor-widget-wrap elementor-element-populated\">\n\t\t\t\t\t\t<div class=\"elementor-element elementor-element-f95a66d elementor-widget elementor-widget-go-s-img-four\" data-id=\"f95a66d\" data-element_type=\"widget\" data-e-type=\"widget\" data-widget_type=\"go-s-img-four.default\">\n\t\t\t\t<div class=\"elementor-widget-container\">\n\t\t\t\t\t<div class=\"egx-about-5-wrap\">\n    <div class=\"about-left\">\n                    <div class=\"main-img img-cover image-pllx\">\n                <img decoding=\"async\" src=\"http:\/\/www.bolgem.com.tr\/wp-content\/uploads\/2025\/02\/bolgem-kurumsal.jpg\" alt=\"\">\n            <\/div>\n            <\/div>\n<\/div>\t\t\t\t<\/div>\n\t\t\t\t<\/div>\n\t\t\t\t\t<\/div>\n\t\t<\/div>\n\t\t\t\t<div class=\"elementor-column elementor-col-50 elementor-top-column elementor-element elementor-element-76c1942\" data-id=\"76c1942\" data-element_type=\"column\" data-e-type=\"column\">\n\t\t\t<div class=\"elementor-widget-wrap elementor-element-populated\">\n\t\t\t\t\t\t<div class=\"elementor-element elementor-element-b20e16f elementor-widget-divider--view-line elementor-widget elementor-widget-divider\" data-id=\"b20e16f\" data-element_type=\"widget\" data-e-type=\"widget\" data-widget_type=\"divider.default\">\n\t\t\t\t<div class=\"elementor-widget-container\">\n\t\t\t\t\t\t\t<div class=\"elementor-divider\">\n\t\t\t<span class=\"elementor-divider-separator\">\n\t\t\t\t\t\t<\/span>\n\t\t<\/div>\n\t\t\t\t\t\t<\/div>\n\t\t\t\t<\/div>\n\t\t\t\t<div class=\"elementor-element elementor-element-3048ed8 elementor-widget elementor-widget-go-s-heading\" data-id=\"3048ed8\" data-element_type=\"widget\" data-e-type=\"widget\" data-widget_type=\"go-s-heading.default\">\n\t\t\t\t<div class=\"elementor-widget-container\">\n\t\t\t\t\t<div class=\"prthalign\">\n            <h5 class=\"egx-subtitle-1\">\n                            <img decoding=\"async\" src=\"https:\/\/themexriver.com\/wp\/eergx\/wp-content\/uploads\/2024\/10\/h1-sub-title.svg\" alt=\"\">\n                        <span class=\"gradient\">b\u00f6lgem mobilite<\/span>\n        <\/h5>\n        <h1 class=\"elementor-gt-heading egx-section-title-1 egx-split-text split-in-right\">\n<\/h1>            <div class=\"egx-para-1 disc elementor-gt-desc\"><p>Elektrikli ara\u00e7lar\u0131n yayg\u0131nla\u015fmas\u0131yla, elektrikli ara\u00e7 sahibi kurumu \u00e7al\u0131\u015fanlar\u0131, \u00f6\u011frenciler ve ziyaret\u00e7iler i\u00e7in e\u011fitim kurumlar\u0131na da \u015farj istasyonlar\u0131 temin etmek gerekli hale gelmektedir.<\/p><p>\u00c7evre dostu, sessiz ve temiz yak\u0131tl\u0131 elektrikli ara\u00e7 kullan\u0131m\u0131na te\u015fvik i\u00e7in \u00f6zellikle b\u00fcy\u00fck e\u011fitim kurumlar\u0131nda B\u00f6lgem \u015earj \u0130stasyonu gereklidir.<\/p><p>Geli\u015fen teknolojileri tan\u0131mak ve kullanmak ad\u0131na yenilik\u00e7i ad\u0131mlar at\u0131n.<\/p><p>G\u00fcvenli, konforlu ve temiz enerji i\u00e7in B\u00f6lgem Elektrikli \u015earj \u0130stasyonlar\u0131yla tan\u0131\u015fma f\u0131rsat\u0131n\u0131 ka\u00e7\u0131rmay\u0131n.<\/p><\/div>\n    <\/div>\n\t\t\t\t<\/div>\n\t\t\t\t<\/div>\n\t\t\t\t<div class=\"elementor-element elementor-element-b7aa086 elementor-widget elementor-widget-button\" data-id=\"b7aa086\" data-element_type=\"widget\" data-e-type=\"widget\" data-widget_type=\"button.default\">\n\t\t\t\t<div class=\"elementor-widget-container\">\n\t\t\t\t\t\t\t\t\t<div class=\"elementor-button-wrapper\">\n\t\t\t\t\t<a class=\"elementor-button elementor-button-link elementor-size-sm\" href=\"\/en\/istasyon-talep-formu\/\">\n\t\t\t\t\t\t<span class=\"elementor-button-content-wrapper\">\n\t\t\t\t\t\t\t\t\t<span class=\"elementor-button-text\">\u0130stasyon Talep Formu<\/span>\n\t\t\t\t\t<\/span>\n\t\t\t\t\t<\/a>\n\t\t\t\t<\/div>\n\t\t\t\t\t\t\t\t<\/div>\n\t\t\t\t<\/div>\n\t\t\t\t\t<\/div>\n\t\t<\/div>\n\t\t\t\t\t<\/div>\n\t\t<\/section>\n\t\t\t\t<\/div>","protected":false},"excerpt":{"rendered":"<p>b\u00f6lgem mobilite Elektrikli ara\u00e7lar\u0131n yayg\u0131nla\u015fmas\u0131yla, elektrikli ara\u00e7 sahibi kurumu \u00e7al\u0131\u015fanlar\u0131, \u00f6\u011frenciler ve ziyaret\u00e7iler i\u00e7in e\u011fitim kurumlar\u0131na da \u015farj istasyonlar\u0131 temin etmek gerekli hale gelmektedir. \u00c7evre dostu, sessiz ve temiz yak\u0131tl\u0131 elektrikli ara\u00e7 kullan\u0131m\u0131na te\u015fvik i\u00e7in \u00f6zellikle b\u00fcy\u00fck e\u011fitim kurumlar\u0131nda B\u00f6lgem \u015earj \u0130stasyonu gereklidir. Geli\u015fen teknolojileri tan\u0131mak ve kullanmak ad\u0131na yenilik\u00e7i ad\u0131mlar at\u0131n. G\u00fcvenli, konforlu ve [&hellip;]<\/p>\n","protected":false},"author":1,"featured_media":0,"parent":0,"menu_order":0,"comment_status":"closed","ping_status":"closed","template":"elementor_header_footer","meta":{"footnotes":""},"class_list":["post-3423","page","type-page","status-publish","hentry"],"_links":{"self":[{"href":"https:\/\/www.bolgem.com.tr\/en\/wp-json\/wp\/v2\/pages\/3423","targetHints":{"allow":["GET"]}}],"collection":[{"href":"https:\/\/www.bolgem.com.tr\/en\/wp-json\/wp\/v2\/pages"}],"about":[{"href":"https:\/\/www.bolgem.com.tr\/en\/wp-json\/wp\/v2\/types\/page"}],"author":[{"embeddable":true,"href":"https:\/\/www.bolgem.com.tr\/en\/wp-json\/wp\/v2\/users\/1"}],"replies":[{"embeddable":true,"href":"https:\/\/www.bolgem.com.tr\/en\/wp-json\/wp\/v2\/comments?post=3423"}],"version-history":[{"count":4,"href":"https:\/\/www.bolgem.com.tr\/en\/wp-json\/wp\/v2\/pages\/3423\/revisions"}],"predecessor-version":[{"id":3427,"href":"https:\/\/www.bolgem.com.tr\/en\/wp-json\/wp\/v2\/pages\/3423\/revisions\/3427"}],"wp:attachment":[{"href":"https:\/\/www.bolgem.com.tr\/en\/wp-json\/wp\/v2\/media?parent=3423"}],"curies":[{"name":"wp","href":"https:\/\/api.w.org\/{rel}","templated":true}]}}