{"id":3352,"date":"2025-02-24T11:21:34","date_gmt":"2025-02-24T08:21:34","guid":{"rendered":"https:\/\/www.bolgem.com.tr\/?page_id=3352"},"modified":"2025-02-24T11:21:54","modified_gmt":"2025-02-24T08:21:54","slug":"restoran-ve-dinlenme-tesisleri","status":"publish","type":"page","link":"https:\/\/www.bolgem.com.tr\/en\/restoran-ve-dinlenme-tesisleri\/","title":{"rendered":"Restoran ve Dinlenme Tesisleri"},"content":{"rendered":"<div data-elementor-type=\"wp-page\" data-elementor-id=\"3352\" class=\"elementor elementor-3352\">\n\t\t\t\t\t\t<section class=\"elementor-section elementor-top-section elementor-element elementor-element-3c65ca5 elementor-section-content-top elementor-section-boxed elementor-section-height-default elementor-section-height-default\" data-id=\"3c65ca5\" data-element_type=\"section\" data-e-type=\"section\">\n\t\t\t\t\t\t<div class=\"elementor-container elementor-column-gap-default\">\n\t\t\t\t\t<div class=\"elementor-column elementor-col-50 elementor-top-column elementor-element elementor-element-9a200f8\" data-id=\"9a200f8\" data-element_type=\"column\" data-e-type=\"column\">\n\t\t\t<div class=\"elementor-widget-wrap elementor-element-populated\">\n\t\t\t\t\t\t<div class=\"elementor-element elementor-element-f95a66d elementor-widget elementor-widget-go-s-img-four\" data-id=\"f95a66d\" data-element_type=\"widget\" data-e-type=\"widget\" data-widget_type=\"go-s-img-four.default\">\n\t\t\t\t<div class=\"elementor-widget-container\">\n\t\t\t\t\t<div class=\"egx-about-5-wrap\">\n    <div class=\"about-left\">\n                    <div class=\"main-img img-cover image-pllx\">\n                <img decoding=\"async\" src=\"http:\/\/www.bolgem.com.tr\/wp-content\/uploads\/2025\/02\/bolgem-kurumsal.jpg\" alt=\"\">\n            <\/div>\n            <\/div>\n<\/div>\t\t\t\t<\/div>\n\t\t\t\t<\/div>\n\t\t\t\t\t<\/div>\n\t\t<\/div>\n\t\t\t\t<div class=\"elementor-column elementor-col-50 elementor-top-column elementor-element elementor-element-76c1942\" data-id=\"76c1942\" data-element_type=\"column\" data-e-type=\"column\">\n\t\t\t<div class=\"elementor-widget-wrap elementor-element-populated\">\n\t\t\t\t\t\t<div class=\"elementor-element elementor-element-b20e16f elementor-widget-divider--view-line elementor-widget elementor-widget-divider\" data-id=\"b20e16f\" data-element_type=\"widget\" data-e-type=\"widget\" data-widget_type=\"divider.default\">\n\t\t\t\t<div class=\"elementor-widget-container\">\n\t\t\t\t\t\t\t<div class=\"elementor-divider\">\n\t\t\t<span class=\"elementor-divider-separator\">\n\t\t\t\t\t\t<\/span>\n\t\t<\/div>\n\t\t\t\t\t\t<\/div>\n\t\t\t\t<\/div>\n\t\t\t\t<div class=\"elementor-element elementor-element-3048ed8 elementor-widget elementor-widget-go-s-heading\" data-id=\"3048ed8\" data-element_type=\"widget\" data-e-type=\"widget\" data-widget_type=\"go-s-heading.default\">\n\t\t\t\t<div class=\"elementor-widget-container\">\n\t\t\t\t\t<div class=\"prthalign\">\n            <h5 class=\"egx-subtitle-1\">\n                            <img decoding=\"async\" src=\"https:\/\/themexriver.com\/wp\/eergx\/wp-content\/uploads\/2024\/10\/h1-sub-title.svg\" alt=\"\">\n                        <span class=\"gradient\">b\u00f6lgem mobilite<\/span>\n        <\/h5>\n        <h1 class=\"elementor-gt-heading egx-section-title-1 egx-split-text split-in-right\">\n<\/h1>            <div class=\"egx-para-1 disc elementor-gt-desc\"><p>Tatl\u0131 bir ak\u015fam yeme\u011findeyken, uzun yolda bir nefeslenme molas\u0131 verirken ya da mesai aran\u0131zda gitti\u011finiz restoranda yeme\u011finizi yerken\u2026<\/p><p>Her f\u0131rsatta, hayat\u0131n yo\u011fun temposunun aras\u0131nda hem de en pratik haliyle B\u00f6lgem H\u0131zl\u0131 \u015earja eri\u015fim bu kadar kolay.<\/p><p>Restoranlarda ve dinlenme tesislerinde verece\u011finiz aray\u0131, arac\u0131n\u0131z\u0131n yak\u0131t dolumunda da kullanabilir; zamandan tasarruf edebilirsiniz.<\/p><p>Restoran\u0131n\u0131za, dinlenme tesisinize, i\u015fletmenize kurulumunu d\u00fc\u015f\u00fcnd\u00fc\u011f\u00fcn\u00fcz elektrikli \u015farj istasyonlar\u0131 hakk\u0131nda detayl\u0131 bilgi almak i\u00e7in, T\u00fcrkiyenin her yerine hizmet veren B\u00f6lgem\u2019e ula\u015f\u0131n.<\/p><\/div>\n    <\/div>\n\t\t\t\t<\/div>\n\t\t\t\t<\/div>\n\t\t\t\t<div class=\"elementor-element elementor-element-b7aa086 elementor-widget elementor-widget-button\" data-id=\"b7aa086\" data-element_type=\"widget\" data-e-type=\"widget\" data-widget_type=\"button.default\">\n\t\t\t\t<div class=\"elementor-widget-container\">\n\t\t\t\t\t\t\t\t\t<div class=\"elementor-button-wrapper\">\n\t\t\t\t\t<a class=\"elementor-button elementor-button-link elementor-size-sm\" href=\"\/en\/istasyon-talep-formu\/\">\n\t\t\t\t\t\t<span class=\"elementor-button-content-wrapper\">\n\t\t\t\t\t\t\t\t\t<span class=\"elementor-button-text\">\u0130stasyon Talep Formu<\/span>\n\t\t\t\t\t<\/span>\n\t\t\t\t\t<\/a>\n\t\t\t\t<\/div>\n\t\t\t\t\t\t\t\t<\/div>\n\t\t\t\t<\/div>\n\t\t\t\t\t<\/div>\n\t\t<\/div>\n\t\t\t\t\t<\/div>\n\t\t<\/section>\n\t\t\t\t<\/div>","protected":false},"excerpt":{"rendered":"<p>b\u00f6lgem mobilite Tatl\u0131 bir ak\u015fam yeme\u011findeyken, uzun yolda bir nefeslenme molas\u0131 verirken ya da mesai aran\u0131zda gitti\u011finiz restoranda yeme\u011finizi yerken\u2026 Her f\u0131rsatta, hayat\u0131n yo\u011fun temposunun aras\u0131nda hem de en pratik haliyle B\u00f6lgem H\u0131zl\u0131 \u015earja eri\u015fim bu kadar kolay. Restoranlarda ve dinlenme tesislerinde verece\u011finiz aray\u0131, arac\u0131n\u0131z\u0131n yak\u0131t dolumunda da kullanabilir; zamandan tasarruf edebilirsiniz. Restoran\u0131n\u0131za, dinlenme tesisinize, [&hellip;]<\/p>\n","protected":false},"author":1,"featured_media":0,"parent":0,"menu_order":0,"comment_status":"closed","ping_status":"closed","template":"elementor_header_footer","meta":{"footnotes":""},"class_list":["post-3352","page","type-page","status-publish","hentry"],"_links":{"self":[{"href":"https:\/\/www.bolgem.com.tr\/en\/wp-json\/wp\/v2\/pages\/3352","targetHints":{"allow":["GET"]}}],"collection":[{"href":"https:\/\/www.bolgem.com.tr\/en\/wp-json\/wp\/v2\/pages"}],"about":[{"href":"https:\/\/www.bolgem.com.tr\/en\/wp-json\/wp\/v2\/types\/page"}],"author":[{"embeddable":true,"href":"https:\/\/www.bolgem.com.tr\/en\/wp-json\/wp\/v2\/users\/1"}],"replies":[{"embeddable":true,"href":"https:\/\/www.bolgem.com.tr\/en\/wp-json\/wp\/v2\/comments?post=3352"}],"version-history":[{"count":4,"href":"https:\/\/www.bolgem.com.tr\/en\/wp-json\/wp\/v2\/pages\/3352\/revisions"}],"predecessor-version":[{"id":3357,"href":"https:\/\/www.bolgem.com.tr\/en\/wp-json\/wp\/v2\/pages\/3352\/revisions\/3357"}],"wp:attachment":[{"href":"https:\/\/www.bolgem.com.tr\/en\/wp-json\/wp\/v2\/media?parent=3352"}],"curies":[{"name":"wp","href":"https:\/\/api.w.org\/{rel}","templated":true}]}}