{"id":3298,"date":"2025-02-24T09:38:27","date_gmt":"2025-02-24T06:38:27","guid":{"rendered":"https:\/\/www.bolgem.com.tr\/?page_id=3298"},"modified":"2025-02-24T09:44:22","modified_gmt":"2025-02-24T06:44:22","slug":"alisveris-merkezleri","status":"publish","type":"page","link":"https:\/\/www.bolgem.com.tr\/en\/alisveris-merkezleri\/","title":{"rendered":"Al\u0131\u015fveri\u015f Merkezleri"},"content":{"rendered":"<div data-elementor-type=\"wp-page\" data-elementor-id=\"3298\" class=\"elementor elementor-3298\">\n\t\t\t\t\t\t<section class=\"elementor-section elementor-top-section elementor-element elementor-element-3c65ca5 elementor-section-content-top elementor-section-boxed elementor-section-height-default elementor-section-height-default\" data-id=\"3c65ca5\" data-element_type=\"section\" data-e-type=\"section\">\n\t\t\t\t\t\t<div class=\"elementor-container elementor-column-gap-default\">\n\t\t\t\t\t<div class=\"elementor-column elementor-col-50 elementor-top-column elementor-element elementor-element-9a200f8\" data-id=\"9a200f8\" data-element_type=\"column\" data-e-type=\"column\">\n\t\t\t<div class=\"elementor-widget-wrap elementor-element-populated\">\n\t\t\t\t\t\t<div class=\"elementor-element elementor-element-f95a66d elementor-widget elementor-widget-go-s-img-four\" data-id=\"f95a66d\" data-element_type=\"widget\" data-e-type=\"widget\" data-widget_type=\"go-s-img-four.default\">\n\t\t\t\t<div class=\"elementor-widget-container\">\n\t\t\t\t\t<div class=\"egx-about-5-wrap\">\n    <div class=\"about-left\">\n                    <div class=\"main-img img-cover image-pllx\">\n                <img decoding=\"async\" src=\"http:\/\/www.bolgem.com.tr\/wp-content\/uploads\/2025\/02\/bolgem-kurumsal.jpg\" alt=\"\">\n            <\/div>\n            <\/div>\n<\/div>\t\t\t\t<\/div>\n\t\t\t\t<\/div>\n\t\t\t\t\t<\/div>\n\t\t<\/div>\n\t\t\t\t<div class=\"elementor-column elementor-col-50 elementor-top-column elementor-element elementor-element-76c1942\" data-id=\"76c1942\" data-element_type=\"column\" data-e-type=\"column\">\n\t\t\t<div class=\"elementor-widget-wrap elementor-element-populated\">\n\t\t\t\t\t\t<div class=\"elementor-element elementor-element-b20e16f elementor-widget-divider--view-line elementor-widget elementor-widget-divider\" data-id=\"b20e16f\" data-element_type=\"widget\" data-e-type=\"widget\" data-widget_type=\"divider.default\">\n\t\t\t\t<div class=\"elementor-widget-container\">\n\t\t\t\t\t\t\t<div class=\"elementor-divider\">\n\t\t\t<span class=\"elementor-divider-separator\">\n\t\t\t\t\t\t<\/span>\n\t\t<\/div>\n\t\t\t\t\t\t<\/div>\n\t\t\t\t<\/div>\n\t\t\t\t<div class=\"elementor-element elementor-element-3048ed8 elementor-widget elementor-widget-go-s-heading\" data-id=\"3048ed8\" data-element_type=\"widget\" data-e-type=\"widget\" data-widget_type=\"go-s-heading.default\">\n\t\t\t\t<div class=\"elementor-widget-container\">\n\t\t\t\t\t<div class=\"prthalign\">\n            <h5 class=\"egx-subtitle-1\">\n                            <img decoding=\"async\" src=\"https:\/\/themexriver.com\/wp\/eergx\/wp-content\/uploads\/2024\/10\/h1-sub-title.svg\" alt=\"\">\n                        <span class=\"gradient\">b\u00f6lgem mobilite<\/span>\n        <\/h5>\n        <h1 class=\"elementor-gt-heading egx-section-title-1 egx-split-text split-in-right\">\n<\/h1>            <div class=\"egx-para-1 disc elementor-gt-desc\"><p>Elektrikli ara\u00e7lar\u0131 g\u00fcndelik hayat\u0131m\u0131zda rahat\u00e7a kullanabilmeniz i\u00e7in \u015farj \u2018sorununu\u2019 ortadan kald\u0131rmak bizim i\u015fimiz.<\/p><p>Hem zamandan tasarruf ettirecek, hem de akl\u0131m\u0131z\u0131:<\/p><p>\u00a0\u201cAcaba arac\u0131m\u0131n \u015farj\u0131 yeterli mi?\u201d\u00a0 \u201cArac\u0131m\u0131 nerede\/nas\u0131l \u015farj edebilirim?\u201d sorular\u0131yla me\u015fg\u00fcl etmeyecek kolayl\u0131klar\u0131 sizlerle bulu\u015fturuyoruz.<\/p><p>\u0130\u00e7erisinde uzun vakitler ge\u00e7irdi\u011fimiz al\u0131\u015fveri\u015f merkezileri de arac\u0131n\u0131z\u0131 \u015farj etmek i\u00e7in en idel mekanlardan birisi.<\/p><p>Siz keyifle al\u0131\u015fveri\u015finizi yaparken, arac\u0131n\u0131z da AVM otoparklar\u0131nda yer alan B\u00f6lgem H\u0131zl\u0131 \u015earj ile yak\u0131t\u0131n\u0131 doldurabilecek.<\/p><\/div>\n    <\/div>\n\t\t\t\t<\/div>\n\t\t\t\t<\/div>\n\t\t\t\t<div class=\"elementor-element elementor-element-b7aa086 elementor-widget elementor-widget-button\" data-id=\"b7aa086\" data-element_type=\"widget\" data-e-type=\"widget\" data-widget_type=\"button.default\">\n\t\t\t\t<div class=\"elementor-widget-container\">\n\t\t\t\t\t\t\t\t\t<div class=\"elementor-button-wrapper\">\n\t\t\t\t\t<a class=\"elementor-button elementor-button-link elementor-size-sm\" href=\"\/en\/istasyon-talep-formu\/\">\n\t\t\t\t\t\t<span class=\"elementor-button-content-wrapper\">\n\t\t\t\t\t\t\t\t\t<span class=\"elementor-button-text\">\u0130stasyon Talep Formu<\/span>\n\t\t\t\t\t<\/span>\n\t\t\t\t\t<\/a>\n\t\t\t\t<\/div>\n\t\t\t\t\t\t\t\t<\/div>\n\t\t\t\t<\/div>\n\t\t\t\t\t<\/div>\n\t\t<\/div>\n\t\t\t\t\t<\/div>\n\t\t<\/section>\n\t\t\t\t<\/div>","protected":false},"excerpt":{"rendered":"<p>b\u00f6lgem mobilite Elektrikli ara\u00e7lar\u0131 g\u00fcndelik hayat\u0131m\u0131zda rahat\u00e7a kullanabilmeniz i\u00e7in \u015farj \u2018sorununu\u2019 ortadan kald\u0131rmak bizim i\u015fimiz. Hem zamandan tasarruf ettirecek, hem de akl\u0131m\u0131z\u0131: \u00a0\u201cAcaba arac\u0131m\u0131n \u015farj\u0131 yeterli mi?\u201d\u00a0 \u201cArac\u0131m\u0131 nerede\/nas\u0131l \u015farj edebilirim?\u201d sorular\u0131yla me\u015fg\u00fcl etmeyecek kolayl\u0131klar\u0131 sizlerle bulu\u015fturuyoruz. \u0130\u00e7erisinde uzun vakitler ge\u00e7irdi\u011fimiz al\u0131\u015fveri\u015f merkezileri de arac\u0131n\u0131z\u0131 \u015farj etmek i\u00e7in en idel mekanlardan birisi. Siz keyifle al\u0131\u015fveri\u015finizi [&hellip;]<\/p>\n","protected":false},"author":1,"featured_media":0,"parent":0,"menu_order":0,"comment_status":"closed","ping_status":"closed","template":"elementor_header_footer","meta":{"footnotes":""},"class_list":["post-3298","page","type-page","status-publish","hentry"],"_links":{"self":[{"href":"https:\/\/www.bolgem.com.tr\/en\/wp-json\/wp\/v2\/pages\/3298","targetHints":{"allow":["GET"]}}],"collection":[{"href":"https:\/\/www.bolgem.com.tr\/en\/wp-json\/wp\/v2\/pages"}],"about":[{"href":"https:\/\/www.bolgem.com.tr\/en\/wp-json\/wp\/v2\/types\/page"}],"author":[{"embeddable":true,"href":"https:\/\/www.bolgem.com.tr\/en\/wp-json\/wp\/v2\/users\/1"}],"replies":[{"embeddable":true,"href":"https:\/\/www.bolgem.com.tr\/en\/wp-json\/wp\/v2\/comments?post=3298"}],"version-history":[{"count":4,"href":"https:\/\/www.bolgem.com.tr\/en\/wp-json\/wp\/v2\/pages\/3298\/revisions"}],"predecessor-version":[{"id":3302,"href":"https:\/\/www.bolgem.com.tr\/en\/wp-json\/wp\/v2\/pages\/3298\/revisions\/3302"}],"wp:attachment":[{"href":"https:\/\/www.bolgem.com.tr\/en\/wp-json\/wp\/v2\/media?parent=3298"}],"curies":[{"name":"wp","href":"https:\/\/api.w.org\/{rel}","templated":true}]}}