{"id":3250,"date":"2025-02-20T16:55:38","date_gmt":"2025-02-20T13:55:38","guid":{"rendered":"https:\/\/www.bolgem.com.tr\/?page_id=3250"},"modified":"2026-01-20T10:36:22","modified_gmt":"2026-01-20T07:36:22","slug":"istasyon-talep-formu","status":"publish","type":"page","link":"https:\/\/www.bolgem.com.tr\/en\/istasyon-talep-formu\/","title":{"rendered":"\u0130stasyon Talep Formu"},"content":{"rendered":"<div data-elementor-type=\"wp-page\" data-elementor-id=\"3250\" class=\"elementor elementor-3250\">\n\t\t\t\t\t\t<section class=\"elementor-section elementor-top-section elementor-element elementor-element-bd6d25a elementor-section-boxed elementor-section-height-default elementor-section-height-default\" data-id=\"bd6d25a\" data-element_type=\"section\" data-e-type=\"section\">\n\t\t\t\t\t\t<div class=\"elementor-container elementor-column-gap-default\">\n\t\t\t\t\t<div class=\"elementor-column elementor-col-100 elementor-top-column elementor-element elementor-element-d929f40\" data-id=\"d929f40\" data-element_type=\"column\" data-e-type=\"column\">\n\t\t\t<div class=\"elementor-widget-wrap elementor-element-populated\">\n\t\t\t\t\t\t<div class=\"elementor-element elementor-element-bf1860f elementor-widget elementor-widget-go-s-heading\" data-id=\"bf1860f\" data-element_type=\"widget\" data-e-type=\"widget\" data-widget_type=\"go-s-heading.default\">\n\t\t\t\t<div class=\"elementor-widget-container\">\n\t\t\t\t\t<div class=\"prthalign\">\n            <h5 class=\"egx-subtitle-1\">\n                        <span class=\"gradient\">b\u00f6lgem mobilite<\/span>\n        <\/h5>\n        <h1 class=\"elementor-gt-heading egx-section-title-1 egx-split-text split-in-right\">Talep Formunu Doldurarak Bizimle Temas Kurabilirsiniz<\/h1>    <\/div>\n\t\t\t\t<\/div>\n\t\t\t\t<\/div>\n\t\t\t\t\t<\/div>\n\t\t<\/div>\n\t\t\t\t\t<\/div>\n\t\t<\/section>\n\t\t<div class=\"elementor-element elementor-element-045e804 e-flex e-con-boxed e-con e-parent\" data-id=\"045e804\" data-element_type=\"container\" data-e-type=\"container\">\n\t\t\t\t\t<div class=\"e-con-inner\">\n\t\t<div class=\"elementor-element elementor-element-47d280f e-con-full e-flex e-con e-child\" data-id=\"47d280f\" data-element_type=\"container\" data-e-type=\"container\">\n\t\t\t\t<div class=\"elementor-element elementor-element-944ba48 elementor-widget elementor-widget-shortcode\" data-id=\"944ba48\" data-element_type=\"widget\" data-e-type=\"widget\" data-widget_type=\"shortcode.default\">\n\t\t\t\t<div class=\"elementor-widget-container\">\n\t\t\t\t\t\t\t<div class=\"elementor-shortcode\">\n<div class=\"wpcf7 no-js\" id=\"wpcf7-f3248-o1\" lang=\"en-US\" dir=\"ltr\" data-wpcf7-id=\"3248\">\n<div class=\"screen-reader-response\"><p role=\"status\" aria-live=\"polite\" aria-atomic=\"true\"><\/p> <ul><\/ul><\/div>\n<form action=\"\/en\/wp-json\/wp\/v2\/pages\/3250#wpcf7-f3248-o1\" method=\"post\" class=\"wpcf7-form init\" aria-label=\"Contact form\" novalidate=\"novalidate\" data-status=\"init\" data-trp-original-action=\"\/en\/wp-json\/wp\/v2\/pages\/3250#wpcf7-f3248-o1\">\n<fieldset class=\"hidden-fields-container\"><input type=\"hidden\" name=\"_wpcf7\" value=\"3248\" \/><input type=\"hidden\" name=\"_wpcf7_version\" value=\"6.1.5\" \/><input type=\"hidden\" name=\"_wpcf7_locale\" value=\"en_US\" \/><input type=\"hidden\" name=\"_wpcf7_unit_tag\" value=\"wpcf7-f3248-o1\" \/><input type=\"hidden\" name=\"_wpcf7_container_post\" value=\"0\" \/><input type=\"hidden\" name=\"_wpcf7_posted_data_hash\" value=\"\" \/>\n<\/fieldset>\n<div class=\"egx-contact-5-content\">\n    <div class=\"item\">\n        <label class=\"label\" for=\"full_name\">Ba\u015fvuru T\u00fcr\u00fc<\/label>\n        <select class=\"wpcf7-form-control wpcf7-select\" aria-invalid=\"false\" name=\"select-952\"><option value=\"Bireysel\">Bireysel<\/option><\/select>\n    <\/div>\n    <div class=\"item\">\n        <label for=\"istasyon\">\u0130stasyonunuzu Kurmak \u0130stedi\u011finiz Yer Tipi<\/label>\n        <select class=\"wpcf7-form-control wpcf7-select\" aria-invalid=\"false\" name=\"select-583\"><option value=\"Ev\">Ev<\/option><option value=\"\u0130\u015fyeri\">\u0130\u015fyeri<\/option><\/select>\n    <\/div>\n    <div class=\"item\">\n        <label for=\"tipi\">Kullan\u0131m Tipi<\/label>\n         <select class=\"wpcf7-form-control wpcf7-select\" aria-invalid=\"false\" name=\"select-816\"><option value=\"M\u00fcstakil Ev\/\u0130\u015fyeri\">M\u00fcstakil Ev\/\u0130\u015fyeri<\/option><option value=\"Apartman\/Konut Sitesi\/\u0130\u015f Merkezi\">Apartman\/Konut Sitesi\/\u0130\u015f Merkezi<\/option><\/select>\n    <\/div>\n    <div class=\"item\">\n        <label for=\"message\">Tercih Etti\u011finiz \u0130stasyon Kapasitesi<\/label>\n        <select class=\"wpcf7-form-control wpcf7-select\" aria-invalid=\"false\" name=\"select-65\"><option value=\"11kWh\">11kWh<\/option><option value=\"22kWh\">22kWh<\/option><option value=\"Di\u011fer\">Di\u011fer<\/option><\/select>\n    <\/div>\n\n     \n<div class=\"item\">\n        <label for=\"message\">Ad Soyad<\/label>\n        <input size=\"40\" maxlength=\"400\" class=\"wpcf7-form-control wpcf7-text\" aria-invalid=\"false\" value=\"\" type=\"text\" name=\"text-521\" \/>\n    <\/div>\n\n\n<div class=\"item\">\n        <label for=\"message\">E-mail<\/label>\n        <input size=\"40\" maxlength=\"400\" class=\"wpcf7-form-control wpcf7-email wpcf7-text wpcf7-validates-as-email\" aria-invalid=\"false\" value=\"\" type=\"email\" name=\"email-100\" \/>\n    <\/div>\n\n\n<div class=\"item\">\n        <label for=\"message\">Telefon<\/label>\n        <input size=\"40\" maxlength=\"400\" class=\"wpcf7-form-control wpcf7-tel wpcf7-text wpcf7-validates-as-tel\" aria-invalid=\"false\" value=\"\" type=\"tel\" name=\"tel-797\" \/>\n    <\/div>\n\n\n<div class=\"item\">\n        <label for=\"message\">Lokasyon Tipi<\/label>\n        <input size=\"40\" maxlength=\"400\" class=\"wpcf7-form-control wpcf7-text\" aria-invalid=\"false\" value=\"\" type=\"text\" name=\"text-234\" \/>\n    <\/div>\n\n<div class=\"item\">\n        <label for=\"message\">\u0130stenilen \u0130stasyon T\u00fcr\u00fc<\/label>\n        <input size=\"40\" maxlength=\"400\" class=\"wpcf7-form-control wpcf7-text\" aria-invalid=\"false\" value=\"\" type=\"text\" name=\"text-694\" \/>\n    <\/div>\n\n\n\n\n<div class=\"item\">\n        <label for=\"message\">\u0130l<\/label>\n        <input size=\"40\" maxlength=\"400\" class=\"wpcf7-form-control wpcf7-text\" aria-invalid=\"false\" value=\"\" type=\"text\" name=\"text-611\" \/>\n    <\/div>\n\n\n\n<div class=\"item\">\n        <label for=\"message\">\u0130l\u00e7e<\/label>\n        <input size=\"40\" maxlength=\"400\" class=\"wpcf7-form-control wpcf7-text\" aria-invalid=\"false\" value=\"\" type=\"text\" name=\"text-185\" \/>\n    <\/div>\n\n\n<div class=\"item\">\n        <label for=\"message\">A\u00e7\u0131k Adres<\/label>\n        <input size=\"40\" maxlength=\"400\" class=\"wpcf7-form-control wpcf7-text\" aria-invalid=\"false\" value=\"\" type=\"text\" name=\"text-185\" \/>\n    <\/div>\n\n\n   \n\n    <button href=\"#\" class=\"egx-btn-3 btn\" type=\"submit\">\n        <span class=\"btn-text\">G\u00f6nder<\/span>\n        <span class=\"btn-icon\">\n            <svg class=\"icon\" width=\"32\" height=\"32\" viewbox=\"0 0 32 32\" xmlns=\"http:\/\/www.w3.org\/2000\/svg\">\n                <rect x=\"1\" y=\"1\" width=\"30\" height=\"30\" rx=\"15\" stroke=\"white\" stroke-width=\"2\"><\/rect>\n                <path d=\"M11.8333 21C11.5833 21 11.4167 20.9167 11.25 20.75C10.9167 20.4167 10.9167 19.9167 11.25 19.5833L19.5833 11.25C19.9167 10.9167 20.4167 10.9167 20.75 11.25C21.0833 11.5833 21.0833 12.0833 20.75 12.4167L12.4167 20.75C12.25 20.9167 12.0833 21 11.8333 21Z\"><\/path>\n                <path d=\"M20.1663 20.1667C19.6663 20.1667 19.333 19.8333 19.333 19.3333V12.6667H12.6663C12.1663 12.6667 11.833 12.3333 11.833 11.8333C11.833 11.3333 12.1663 11 12.6663 11H20.1663C20.6663 11 20.9997 11.3333 20.9997 11.8333V19.3333C20.9997 19.8333 20.6663 20.1667 20.1663 20.1667Z\"><\/path>\n            <\/svg>\n        <\/span>\n    <\/button>\n<\/div><div class=\"wpcf7-response-output\" aria-hidden=\"true\"><\/div>\n<input type=\"hidden\" name=\"trp-form-language\" value=\"en\"\/><\/form>\n<\/div>\n<\/div>\n\t\t\t\t\t\t<\/div>\n\t\t\t\t<\/div>\n\t\t\t\t<\/div>\n\t\t<div class=\"elementor-element elementor-element-26a97ac e-con-full e-flex e-con e-child\" data-id=\"26a97ac\" data-element_type=\"container\" data-e-type=\"container\">\n\t\t\t\t<div class=\"elementor-element elementor-element-58c1a81 elementor-widget elementor-widget-image\" data-id=\"58c1a81\" data-element_type=\"widget\" data-e-type=\"widget\" data-widget_type=\"image.default\">\n\t\t\t\t<div class=\"elementor-widget-container\">\n\t\t\t\t\t\t\t\t\t\t\t\t\t\t\t<img fetchpriority=\"high\" decoding=\"async\" width=\"510\" height=\"840\" src=\"http:\/\/www.bolgem.com.tr\/wp-content\/uploads\/2025\/02\/sarj-cozumleri-bolgem-m-1.jpg\" class=\"attachment-large size-large wp-image-3707\" alt=\"\" srcset=\"http:\/\/www.bolgem.com.tr\/wp-content\/uploads\/2025\/02\/sarj-cozumleri-bolgem-m-1.jpg 510w, http:\/\/www.bolgem.com.tr\/wp-content\/uploads\/2025\/02\/sarj-cozumleri-bolgem-m-1-182x300.jpg 182w\" sizes=\"(max-width: 510px) 100vw, 510px\" \/>\t\t\t\t\t\t\t\t\t\t\t\t\t\t\t<\/div>\n\t\t\t\t<\/div>\n\t\t\t\t<\/div>\n\t\t\t\t\t<\/div>\n\t\t\t\t<\/div>\n\t\t\t\t<\/div>","protected":false},"excerpt":{"rendered":"<p>b\u00f6lgem mobilite Talep Formunu Doldurarak Bizimle Temas Kurabilirsiniz<\/p>","protected":false},"author":1,"featured_media":0,"parent":0,"menu_order":0,"comment_status":"closed","ping_status":"closed","template":"elementor_header_footer","meta":{"footnotes":""},"class_list":["post-3250","page","type-page","status-publish","hentry"],"_links":{"self":[{"href":"https:\/\/www.bolgem.com.tr\/en\/wp-json\/wp\/v2\/pages\/3250","targetHints":{"allow":["GET"]}}],"collection":[{"href":"https:\/\/www.bolgem.com.tr\/en\/wp-json\/wp\/v2\/pages"}],"about":[{"href":"https:\/\/www.bolgem.com.tr\/en\/wp-json\/wp\/v2\/types\/page"}],"author":[{"embeddable":true,"href":"https:\/\/www.bolgem.com.tr\/en\/wp-json\/wp\/v2\/users\/1"}],"replies":[{"embeddable":true,"href":"https:\/\/www.bolgem.com.tr\/en\/wp-json\/wp\/v2\/comments?post=3250"}],"version-history":[{"count":37,"href":"https:\/\/www.bolgem.com.tr\/en\/wp-json\/wp\/v2\/pages\/3250\/revisions"}],"predecessor-version":[{"id":4260,"href":"https:\/\/www.bolgem.com.tr\/en\/wp-json\/wp\/v2\/pages\/3250\/revisions\/4260"}],"wp:attachment":[{"href":"https:\/\/www.bolgem.com.tr\/en\/wp-json\/wp\/v2\/media?parent=3250"}],"curies":[{"name":"wp","href":"https:\/\/api.w.org\/{rel}","templated":true}]}}