{"id":3180,"date":"2025-02-20T15:20:05","date_gmt":"2025-02-20T12:20:05","guid":{"rendered":"https:\/\/www.bolgem.com.tr\/?page_id=3180"},"modified":"2026-01-20T13:21:35","modified_gmt":"2026-01-20T10:21:35","slug":"sarj-istasyonlari","status":"publish","type":"page","link":"https:\/\/www.bolgem.com.tr\/en\/sarj-istasyonlari\/","title":{"rendered":"\u015earj \u0130stasyonlar\u0131"},"content":{"rendered":"<div data-elementor-type=\"wp-page\" data-elementor-id=\"3180\" class=\"elementor elementor-3180\">\n\t\t\t\t<div class=\"elementor-element elementor-element-79545a6 e-flex e-con-boxed e-con e-parent\" data-id=\"79545a6\" data-element_type=\"container\" data-e-type=\"container\">\n\t\t\t\t\t<div class=\"e-con-inner\">\n\t\t\t\t<div class=\"elementor-element elementor-element-a50ec35 elementor-widget elementor-widget-shortcode\" data-id=\"a50ec35\" data-element_type=\"widget\" data-e-type=\"widget\" data-widget_type=\"shortcode.default\">\n\t\t\t\t<div class=\"elementor-widget-container\">\n\t\t\t\t\t\t\t<div class=\"elementor-shortcode\"><div class=\"map_wrapper\" id=\"map_wrapper_3176\">\n<div class=\"map_box\" style=\"max-width:2000px\">\n<div class=\"map_aspect_ratio\" style=\"padding-top:56%\" data-padding-top=\"56%\" data-padding-top-mobile=\"0%\">\n<div class=\"map_container\">\n<div class=\"map_render map_loading\" id=\"map_3176\"><\/div>\n<\/div>\n<\/div>\n<\/div>\n<\/div><\/div>\n\t\t\t\t\t\t<\/div>\n\t\t\t\t<\/div>\n\t\t\t\t<div class=\"elementor-element elementor-element-7c0292b elementor-widget elementor-widget-heading\" data-id=\"7c0292b\" data-element_type=\"widget\" data-e-type=\"widget\" data-widget_type=\"heading.default\">\n\t\t\t\t<div class=\"elementor-widget-container\">\n\t\t\t\t\t<h2 class=\"elementor-heading-title elementor-size-default\">\u015earj \u0130stasyonlar\u0131\n\n<\/h2>\t\t\t\t<\/div>\n\t\t\t\t<\/div>\n\t\t\t\t<div class=\"elementor-element elementor-element-fb3ea87 elementor-widget elementor-widget-text-editor\" data-id=\"fb3ea87\" data-element_type=\"widget\" data-e-type=\"widget\" data-widget_type=\"text-editor.default\">\n\t\t\t\t<div class=\"elementor-widget-container\">\n\t\t\t\t\t\t\t\t\t<p><strong>Kurulum Planlamas\u0131<\/strong><\/p><p>Kocaeli, Sakarya, \u0130stanbul, Manisa, \u0130zmir, Eski\u015fehir, Kahramanmara\u015f, Gaziantep, Bolu, D\u00fczce, Bilecik, Bal\u0131kesir, Tekirda\u011f, Yalova, Bursa ve \u00c7anakkale\u00a0gibi b\u00f6lgelerde \u00f6ncelikle kurulumlar\u0131m\u0131z ger\u00e7ekle\u015ftirilmektedir.<br \/>\u2022 \u0130leriye d\u00f6n\u00fck olarak, t\u00fcm T\u00fcrkiye genelinde kurulumlar yerel ortaklar\u0131m\u0131zla birlikte planlanmaktad\u0131r.<br \/>\u2022 Kamu kurulu\u015flar\u0131, otoparklar, hastaneler, siteler, restoran \u00f6nleri ve ana yollar ile ilgili \u00e7al\u0131\u015fmalar\u0131m\u0131z ba\u015flam\u0131\u015f olup cihazlar\u0131m\u0131z bir\u00e7ok g\u00fcvenlik sertifikas\u0131na ve uyumluluk standart\u0131na sahiptir.<br \/>\u2022 2026 Plan\u0131 i\u00e7in ilk etapta 230 AC ve DC kurulumu planlanmaktad\u0131r.<\/p>\t\t\t\t\t\t\t\t<\/div>\n\t\t\t\t<\/div>\n\t\t\t\t\t<\/div>\n\t\t\t\t<\/div>\n\t\t<div class=\"elementor-element elementor-element-a98c2aa e-flex e-con-boxed e-con e-parent\" data-id=\"a98c2aa\" data-element_type=\"container\" data-e-type=\"container\">\n\t\t\t\t\t<div class=\"e-con-inner\">\n\t\t\t\t<div class=\"elementor-element elementor-element-7d28033 elementor-widget elementor-widget-heading\" data-id=\"7d28033\" data-element_type=\"widget\" data-e-type=\"widget\" data-widget_type=\"heading.default\">\n\t\t\t\t<div class=\"elementor-widget-container\">\n\t\t\t\t\t<h2 class=\"elementor-heading-title elementor-size-default\">\u015earj \u0130stasyonlar\u0131 Adres Bilgileri\n\n<\/h2>\t\t\t\t<\/div>\n\t\t\t\t<\/div>\n\t\t\t\t\t<\/div>\n\t\t\t\t<\/div>\n\t\t<div class=\"elementor-element elementor-element-ce693d7 e-flex e-con-boxed e-con e-parent\" data-id=\"ce693d7\" data-element_type=\"container\" data-e-type=\"container\">\n\t\t\t\t\t<div class=\"e-con-inner\">\n\t\t\t\t<div class=\"elementor-element elementor-element-c027479 elementor-widget elementor-widget-heading\" data-id=\"c027479\" data-element_type=\"widget\" data-e-type=\"widget\" data-widget_type=\"heading.default\">\n\t\t\t\t<div class=\"elementor-widget-container\">\n\t\t\t\t\t<h2 class=\"elementor-heading-title elementor-size-default\">\u0130stanbul<\/h2>\t\t\t\t<\/div>\n\t\t\t\t<\/div>\n\t\t\t\t<div class=\"elementor-element elementor-element-9b11e0f elementor-widget elementor-widget-text-editor\" data-id=\"9b11e0f\" data-element_type=\"widget\" data-e-type=\"widget\" data-widget_type=\"text-editor.default\">\n\t\t\t\t<div class=\"elementor-widget-container\">\n\t\t\t\t\t\t\t\t\t<p>\u00a0<\/p><p>\u00a0<\/p>\t\t\t\t\t\t\t\t<\/div>\n\t\t\t\t<\/div>\n\t\t\t\t<div class=\"elementor-element elementor-element-200e75f elementor-widget elementor-widget-heading\" data-id=\"200e75f\" data-element_type=\"widget\" data-e-type=\"widget\" data-widget_type=\"heading.default\">\n\t\t\t\t<div class=\"elementor-widget-container\">\n\t\t\t\t\t<h2 class=\"elementor-heading-title elementor-size-default\">Kocaeli<\/h2>\t\t\t\t<\/div>\n\t\t\t\t<\/div>\n\t\t\t\t<div class=\"elementor-element elementor-element-9e928f7 elementor-widget elementor-widget-text-editor\" data-id=\"9e928f7\" data-element_type=\"widget\" data-e-type=\"widget\" data-widget_type=\"text-editor.default\">\n\t\t\t\t<div class=\"elementor-widget-container\">\n\t\t\t\t\t\t\t\t\t<p class=\"DUwDvf lfPIob\">&#8211; DC Z\u00fcmra Petrol: K\u00f6\u015fkl\u00fc \u00c7e\u015fme, \u0130stanbul Cd. NO:73 A, 41400 Gebze\/Kocaeli<br \/>&#8211; DC Ensar Al\u00fcminyum: Vezir\u00e7iftli\u011fi, T\u00fcrkmen Sk. No:27, 41140 Ba\u015fiskele\/Kocaeli<br \/>&#8211; DC \u00c7oban Ticaret: Alikahya Cumhuriyet, Yuvam \u0130zmit Akarca Evleri B2 No:76, 41310 \u0130zmit\/Kocaeli<br \/>&#8211; Abikas M\u00fchendislik:\u00a0<br \/>&#8211; B\u00f6lgem M\u00fchendislik: Karadenizliler, T\u00fcrkmen Sk. No:26\/2, 41096 Ba\u015fiskele\/Kocaeli<br \/>&#8211; Esto Health Club: Yenido\u011fan, Altun Sk. No:130 A D:2, 41000 \u0130zmit\/Kocaeli<br \/>&#8211; Vadi \u0130zmit Sitesi: Fatih, Altun Sk. No:121, 41100 \u0130zmit\/Kocaeli<br \/>&#8211; Tahtal\u0131 G\u00f6leti Sosyal Tesisleri: Tahtal\u0131, \u0130shak\u00e7\u0131lar Mevkii, 41900 Derince\/Kocaeli<br \/>&#8211; Tahtal\u0131 Ta\u015f Evler: Tahtal\u0131, \u0130shak\u00e7\u0131lar Mevkii, 41900 Derince\/Kocaeli<br \/>&#8211; Yenikent Pazar: Yenikent, \u0130smet Pa\u015fa Cd. No:17, 41900 Derince\/Kocaeli<br \/>&#8211; Derince 1071 Otopark: S\u0131rr\u0131pa\u015fa Mahallesi Bahar Caddesi No:12 Derince \/ Kocaeli<br \/>&#8211; \u00c7ad\u0131r Kand\u0131ra Sofras\u0131: Kand\u0131ra Yolu \u00dczeri 3. Km \u00c7ay\u0131rk\u00f6y Mevkii, 41060 \u0130zmit\/Kocaeli<br \/>&#8211; BD D\u00f6ner: BD D\u00d6NER, K\u00f6rfez, Eski Ba\u011fdat Cd. No:72\/A, 41245 Ba\u015fiskele\/Kocaeli<br \/>&#8211; El Garden Otel: Ma\u015fukiye, Leyla Atakan Cd. D:No\/43, 41250 Kartepe\/Kocaeli<\/p>\t\t\t\t\t\t\t\t<\/div>\n\t\t\t\t<\/div>\n\t\t\t\t\t<\/div>\n\t\t\t\t<\/div>\n\t\t<div class=\"elementor-element elementor-element-b74f007 e-flex e-con-boxed e-con e-parent\" data-id=\"b74f007\" data-element_type=\"container\" data-e-type=\"container\">\n\t\t\t\t\t<div class=\"e-con-inner\">\n\t\t\t\t<div class=\"elementor-element elementor-element-24b97c0 elementor-widget elementor-widget-heading\" data-id=\"24b97c0\" data-element_type=\"widget\" data-e-type=\"widget\" data-widget_type=\"heading.default\">\n\t\t\t\t<div class=\"elementor-widget-container\">\n\t\t\t\t\t<h2 class=\"elementor-heading-title elementor-size-default\">Sakarya<\/h2>\t\t\t\t<\/div>\n\t\t\t\t<\/div>\n\t\t\t\t\t<\/div>\n\t\t\t\t<\/div>\n\t\t<div class=\"elementor-element elementor-element-d6654ac e-flex e-con-boxed e-con e-parent\" data-id=\"d6654ac\" data-element_type=\"container\" data-e-type=\"container\">\n\t\t\t\t\t<div class=\"e-con-inner\">\n\t\t\t\t<div class=\"elementor-element elementor-element-90b510b elementor-widget elementor-widget-text-editor\" data-id=\"90b510b\" data-element_type=\"widget\" data-e-type=\"widget\" data-widget_type=\"text-editor.default\">\n\t\t\t\t<div class=\"elementor-widget-container\">\n\t\t\t\t\t\t\t\t\t<p class=\"DUwDvf lfPIob\">&#8211; Kebap\u00e7\u0131bey Resteron: Arabac\u0131alan\u0131, \u00c7ark Cd. No:106, 54100 Serdivan\/Sakarya<\/p>\t\t\t\t\t\t\t\t<\/div>\n\t\t\t\t<\/div>\n\t\t\t\t\t<\/div>\n\t\t\t\t<\/div>\n\t\t<div class=\"elementor-element elementor-element-46fc2b9 e-flex e-con-boxed e-con e-parent\" data-id=\"46fc2b9\" data-element_type=\"container\" data-e-type=\"container\">\n\t\t\t\t\t<div class=\"e-con-inner\">\n\t\t\t\t<div class=\"elementor-element elementor-element-3edd132 elementor-widget elementor-widget-heading\" data-id=\"3edd132\" data-element_type=\"widget\" data-e-type=\"widget\" data-widget_type=\"heading.default\">\n\t\t\t\t<div class=\"elementor-widget-container\">\n\t\t\t\t\t<h2 class=\"elementor-heading-title elementor-size-default\">Kahramanmara\u015f<\/h2>\t\t\t\t<\/div>\n\t\t\t\t<\/div>\n\t\t\t\t\t<\/div>\n\t\t\t\t<\/div>\n\t\t<div class=\"elementor-element elementor-element-a558f0e e-flex e-con-boxed e-con e-parent\" data-id=\"a558f0e\" data-element_type=\"container\" data-e-type=\"container\">\n\t\t\t\t\t<div class=\"e-con-inner\">\n\t\t\t\t<div class=\"elementor-element elementor-element-fab823d elementor-widget elementor-widget-text-editor\" data-id=\"fab823d\" data-element_type=\"widget\" data-e-type=\"widget\" data-widget_type=\"text-editor.default\">\n\t\t\t\t<div class=\"elementor-widget-container\">\n\t\t\t\t\t\t\t\t\t<p class=\"DUwDvf lfPIob\">&#8211; DC Teknokent: KS\u00dc Av\u015far Campus, Av\u015far, 46050 Oniki\u015fubat\/Kahramanmara\u015f<br \/>&#8211; AC Teknokent: KS\u00dc Av\u015far Campus, Av\u015far, 46050 Oniki\u015fubat\/Kahramanmara\u015f<\/p>\t\t\t\t\t\t\t\t<\/div>\n\t\t\t\t<\/div>\n\t\t\t\t\t<\/div>\n\t\t\t\t<\/div>\n\t\t\t\t<\/div>","protected":false},"excerpt":{"rendered":"<p>\u015earj \u0130stasyonlar\u0131 Kurulum Planlamas\u0131 Kocaeli, Sakarya, \u0130stanbul, Manisa, \u0130zmir, Eski\u015fehir, Kahramanmara\u015f, Gaziantep, Bolu, D\u00fczce, Bilecik, Bal\u0131kesir, Tekirda\u011f, Yalova, Bursa ve \u00c7anakkale\u00a0gibi b\u00f6lgelerde \u00f6ncelikle kurulumlar\u0131m\u0131z ger\u00e7ekle\u015ftirilmektedir.\u2022 \u0130leriye d\u00f6n\u00fck olarak, t\u00fcm T\u00fcrkiye genelinde kurulumlar yerel ortaklar\u0131m\u0131zla birlikte planlanmaktad\u0131r.\u2022 Kamu kurulu\u015flar\u0131, otoparklar, hastaneler, siteler, restoran \u00f6nleri ve ana yollar ile ilgili \u00e7al\u0131\u015fmalar\u0131m\u0131z ba\u015flam\u0131\u015f olup cihazlar\u0131m\u0131z bir\u00e7ok g\u00fcvenlik sertifikas\u0131na [&hellip;]<\/p>\n","protected":false},"author":1,"featured_media":0,"parent":0,"menu_order":0,"comment_status":"closed","ping_status":"closed","template":"elementor_header_footer","meta":{"footnotes":""},"class_list":["post-3180","page","type-page","status-publish","hentry"],"_links":{"self":[{"href":"https:\/\/www.bolgem.com.tr\/en\/wp-json\/wp\/v2\/pages\/3180","targetHints":{"allow":["GET"]}}],"collection":[{"href":"https:\/\/www.bolgem.com.tr\/en\/wp-json\/wp\/v2\/pages"}],"about":[{"href":"https:\/\/www.bolgem.com.tr\/en\/wp-json\/wp\/v2\/types\/page"}],"author":[{"embeddable":true,"href":"https:\/\/www.bolgem.com.tr\/en\/wp-json\/wp\/v2\/users\/1"}],"replies":[{"embeddable":true,"href":"https:\/\/www.bolgem.com.tr\/en\/wp-json\/wp\/v2\/comments?post=3180"}],"version-history":[{"count":31,"href":"https:\/\/www.bolgem.com.tr\/en\/wp-json\/wp\/v2\/pages\/3180\/revisions"}],"predecessor-version":[{"id":4298,"href":"https:\/\/www.bolgem.com.tr\/en\/wp-json\/wp\/v2\/pages\/3180\/revisions\/4298"}],"wp:attachment":[{"href":"https:\/\/www.bolgem.com.tr\/en\/wp-json\/wp\/v2\/media?parent=3180"}],"curies":[{"name":"wp","href":"https:\/\/api.w.org\/{rel}","templated":true}]}}