{"id":3165,"date":"2025-02-20T14:18:37","date_gmt":"2025-02-20T11:18:37","guid":{"rendered":"https:\/\/www.bolgem.com.tr\/?page_id=3165"},"modified":"2025-02-24T14:56:02","modified_gmt":"2025-02-24T11:56:02","slug":"urunlerimiz","status":"publish","type":"page","link":"https:\/\/www.bolgem.com.tr\/en\/urunlerimiz\/","title":{"rendered":"\u00dcr\u00fcnlerimiz"},"content":{"rendered":"<div data-elementor-type=\"wp-page\" data-elementor-id=\"3165\" class=\"elementor elementor-3165\">\n\t\t\t\t\t\t<section class=\"elementor-section elementor-top-section elementor-element elementor-element-7a27724 elementor-section-boxed elementor-section-height-default elementor-section-height-default\" data-id=\"7a27724\" data-element_type=\"section\" data-e-type=\"section\">\n\t\t\t\t\t\t<div class=\"elementor-container elementor-column-gap-default\">\n\t\t\t\t\t<div class=\"elementor-column elementor-col-100 elementor-top-column elementor-element elementor-element-87cc9c7\" data-id=\"87cc9c7\" data-element_type=\"column\" data-e-type=\"column\">\n\t\t\t<div class=\"elementor-widget-wrap elementor-element-populated\">\n\t\t\t\t\t\t<div class=\"elementor-element elementor-element-e5c2cf4 elementor-widget elementor-widget-go-s-heading\" data-id=\"e5c2cf4\" data-element_type=\"widget\" data-e-type=\"widget\" data-widget_type=\"go-s-heading.default\">\n\t\t\t\t<div class=\"elementor-widget-container\">\n\t\t\t\t\t<div class=\"prthalign\">\n            <h5 class=\"egx-subtitle-1\">\n                            <img decoding=\"async\" src=\"https:\/\/themexriver.com\/wp\/eergx\/wp-content\/uploads\/2024\/10\/h1-sub-title.svg\" alt=\"\">\n                        <span class=\"gradient\">b\u00f6lgem mobilite<\/span>\n        <\/h5>\n        <h1 class=\"elementor-gt-heading egx-section-title-1 egx-split-text split-in-right\">Enerji Verimli ve \u00c7evre Dostu \u015earj \u00dcniteleri<\/h1>    <\/div>\n\t\t\t\t<\/div>\n\t\t\t\t<\/div>\n\t\t\t\t<div class=\"elementor-element elementor-element-fedc1e2 elementor-widget elementor-widget-go-service-item\" data-id=\"fedc1e2\" data-element_type=\"widget\" data-e-type=\"widget\" data-widget_type=\"go-service-item.default\">\n\t\t\t\t<div class=\"elementor-widget-container\">\n\t\t\t\t\t<div class=\"egx-solar-panel-1-wrap\">\n            <div class=\"egx-solar-panel-1-card scroll_slide_left\">\n                            <div class=\"card-img img-cover\">\n                    <img decoding=\"async\" src=\"http:\/\/www.bolgem.com.tr\/wp-content\/uploads\/2025\/02\/sarj-1.jpg\" alt=\"\">\n                <\/div>\n                        <div class=\"card-content\">\n                <div class=\"title-wrap\">\n                    <span class=\"icon\">\n                        <i aria-hidden=\"true\" class=\"far fa-moon\"><\/i>                    <\/span>\n                    <h4 class=\"egx-heading-1 title\">\n                        <a target=\"_self\" rel=\"\" href=\"\/en\/ac-sarj-istasyonlari\/\">AC \u015earj \u0130stasyonlar\u0131<\/a>\n                    <\/h4>\n                <\/div>\n                <p class=\"egx-para-1 disc\">AC Cihazlar WAT ve Gewiss marka olup duvar ve zemin tipi olmak \u00fczere birden fazla kW se\u00e7ene\u011fi ile sizlerin ihtiya\u00e7lar\u0131na cevap vermektedir.<\/p>\n            <\/div>\n        <\/div>\n            <div class=\"egx-solar-panel-1-card scroll_slide_top\">\n                            <div class=\"card-img img-cover\">\n                    <img decoding=\"async\" src=\"http:\/\/www.bolgem.com.tr\/wp-content\/uploads\/2025\/02\/sarj-2.jpg\" alt=\"\">\n                <\/div>\n                        <div class=\"card-content\">\n                <div class=\"title-wrap\">\n                    <span class=\"icon\">\n                        <i aria-hidden=\"true\" class=\"fas fa-house-damage\"><\/i>                    <\/span>\n                    <h4 class=\"egx-heading-1 title\">\n                        <a target=\"_self\" rel=\"\" href=\"\/en\/dc-hizli-sarj-istasyonu\/\">H\u0131zl\u0131 \u015earj \u0130stasyonu<\/a>\n                    <\/h4>\n                <\/div>\n                <p class=\"egx-para-1 disc\">DC Cihazlar WAT marka ve modellerde olup denenmi\u015f \u00fcr\u00fcnlerdir. Farkl\u0131 g\u00fc\u00e7 ve se\u00e7eneklerle ilgili belirlenen yerlere kurulumlar\u0131 yap\u0131lacakt\u0131r.<\/p>\n            <\/div>\n        <\/div>\n            <div class=\"egx-solar-panel-1-card scroll_slide_right\">\n                            <div class=\"card-img img-cover\">\n                    <img decoding=\"async\" src=\"http:\/\/www.bolgem.com.tr\/wp-content\/uploads\/2025\/02\/anim-1.gif\" alt=\"\">\n                <\/div>\n                        <div class=\"card-content\">\n                <div class=\"title-wrap\">\n                    <span class=\"icon\">\n                        <i aria-hidden=\"true\" class=\"fas fa-solar-panel\"><\/i>                    <\/span>\n                    <h4 class=\"egx-heading-1 title\">\n                        <a target=\"_self\" rel=\"\" href=\"\/en\/yonetim-platformu\/\">Y\u00f6netim Platformu<\/a>\n                    <\/h4>\n                <\/div>\n                <p class=\"egx-para-1 disc\">\u015earj s\u0131ras\u0131nda stat\u00fc takibi (% doluluk takibi) yap\u0131l\u0131r. Dakikada bir Watt de\u011ferleri ve kullan\u0131m bedeli g\u00f6sterilir.<\/p>\n            <\/div>\n        <\/div>\n    <\/div>\t\t\t\t<\/div>\n\t\t\t\t<\/div>\n\t\t\t\t\t<\/div>\n\t\t<\/div>\n\t\t\t\t\t<\/div>\n\t\t<\/section>\n\t\t\t\t<section class=\"elementor-section elementor-top-section elementor-element elementor-element-ede80fc egx-cta-2-area bg-default parallax-img elementor-section-boxed elementor-section-height-default elementor-section-height-default\" data-id=\"ede80fc\" data-element_type=\"section\" data-e-type=\"section\" data-settings=\"{&quot;background_background&quot;:&quot;classic&quot;}\">\n\t\t\t\t\t\t<div class=\"elementor-container elementor-column-gap-default\">\n\t\t\t\t\t<div class=\"elementor-column elementor-col-100 elementor-top-column elementor-element elementor-element-82d965d\" data-id=\"82d965d\" data-element_type=\"column\" data-e-type=\"column\">\n\t\t\t<div class=\"elementor-widget-wrap elementor-element-populated\">\n\t\t\t\t\t\t<div class=\"elementor-element elementor-element-935595f elementor-widget elementor-widget-eergx-info-box-4\" data-id=\"935595f\" data-element_type=\"widget\" data-e-type=\"widget\" data-widget_type=\"eergx-info-box-4.default\">\n\t\t\t\t<div class=\"elementor-widget-container\">\n\t\t\t\t\t<div class=\"egx-cta-2-wrap\">\n            <h5 class=\"egx-subtitle-1\">\n                            <img decoding=\"async\" src=\"https:\/\/themexriver.com\/wp\/eergx\/wp-content\/uploads\/2024\/10\/subtitle-sun-white.svg\" alt=\"\">\n                        <span class=\"white-color\">B\u00f6lgem Mobilite<\/span>\n        <\/h5>\n        <h1 class=\"elementor-gt-heading egx-section-title-1 has-color-white egx-split-text-2 egx-split-text-2-ani\">Bize Ula\u015f\u0131n, Gelece\u011fe Birlikte Y\u00f6n Verelim!<\/h1>            <div class=\"egx-para-1 disc elementor-gt-desc\"><p>Uzman ekibimiz, ihtiya\u00e7lar\u0131n\u0131za en uygun \u00e7\u00f6z\u00fcmleri sunmak i\u00e7in burada!<\/p><\/div>\n        <div class=\"btn-wrap\">\n        <a href=\"\/en\/iletisim\/\" target=\"_blank\" rel=\"nofollow\" class=\"egx-btn-2 btn-black\">\n            <span class=\"btn-text\">\u0130leti\u015fim<\/span>\n            <span class=\"btn-icon\">\n                <i class=\"fa-solid fa-arrow-right\"><\/i>\n            <\/span>\n        <\/a>\n    <\/div>\n<\/div>\t\t\t\t<\/div>\n\t\t\t\t<\/div>\n\t\t\t\t\t<\/div>\n\t\t<\/div>\n\t\t\t\t\t<\/div>\n\t\t<\/section>\n\t\t\t\t<section class=\"elementor-section elementor-top-section elementor-element elementor-element-b4b8de9 elementor-reverse-tablet elementor-reverse-mobile elementor-hidden-desktop elementor-hidden-tablet elementor-hidden-mobile elementor-section-boxed elementor-section-height-default elementor-section-height-default\" data-id=\"b4b8de9\" data-element_type=\"section\" data-e-type=\"section\">\n\t\t\t\t\t\t<div class=\"elementor-container elementor-column-gap-default\">\n\t\t\t\t\t<div class=\"elementor-column elementor-col-25 elementor-top-column elementor-element elementor-element-c9b2458\" data-id=\"c9b2458\" data-element_type=\"column\" data-e-type=\"column\">\n\t\t\t<div class=\"elementor-widget-wrap elementor-element-populated\">\n\t\t\t\t\t\t<div class=\"elementor-element elementor-element-83f337f elementor-widget elementor-widget-go-ct-item\" data-id=\"83f337f\" data-element_type=\"widget\" data-e-type=\"widget\" data-widget_type=\"go-ct-item.default\">\n\t\t\t\t<div class=\"elementor-widget-container\">\n\t\t\t\t\t<div class=\"egx-experience-2-item\">\n    <span class=\"icon\">\n        <i aria-hidden=\"true\" class=\"fas fa-bahai\"><\/i>    <\/span>\n    <div>\n        <h4 class=\"number\"><span class=\"counter\">1<\/span>No    <\/h4>\n        <span class=\"egx-heading-1 title\">Renewable Sector<\/span>\n    <\/div>\n<\/div>\t\t\t\t<\/div>\n\t\t\t\t<\/div>\n\t\t\t\t\t<\/div>\n\t\t<\/div>\n\t\t\t\t<div class=\"elementor-column elementor-col-25 elementor-top-column elementor-element elementor-element-905005b\" data-id=\"905005b\" data-element_type=\"column\" data-e-type=\"column\">\n\t\t\t<div class=\"elementor-widget-wrap elementor-element-populated\">\n\t\t\t\t\t\t<div class=\"elementor-element elementor-element-55e2148 elementor-widget elementor-widget-go-ct-item\" data-id=\"55e2148\" data-element_type=\"widget\" data-e-type=\"widget\" data-widget_type=\"go-ct-item.default\">\n\t\t\t\t<div class=\"elementor-widget-container\">\n\t\t\t\t\t<div class=\"egx-experience-2-item\">\n    <span class=\"icon\">\n        <i aria-hidden=\"true\" class=\"fas fa-map-signs\"><\/i>    <\/span>\n    <div>\n        <h4 class=\"number\"><span class=\"counter\">30108<\/span>+ mw    <\/h4>\n        <span class=\"egx-heading-1 title\">Installed Capacity<\/span>\n    <\/div>\n<\/div>\t\t\t\t<\/div>\n\t\t\t\t<\/div>\n\t\t\t\t\t<\/div>\n\t\t<\/div>\n\t\t\t\t<div class=\"elementor-column elementor-col-25 elementor-top-column elementor-element elementor-element-1465f1a\" data-id=\"1465f1a\" data-element_type=\"column\" data-e-type=\"column\">\n\t\t\t<div class=\"elementor-widget-wrap elementor-element-populated\">\n\t\t\t\t\t\t<div class=\"elementor-element elementor-element-26466cc elementor-widget elementor-widget-go-ct-item\" data-id=\"26466cc\" data-element_type=\"widget\" data-e-type=\"widget\" data-widget_type=\"go-ct-item.default\">\n\t\t\t\t<div class=\"elementor-widget-container\">\n\t\t\t\t\t<div class=\"egx-experience-2-item\">\n    <span class=\"icon\">\n        <i aria-hidden=\"true\" class=\"fas fa-cogs\"><\/i>    <\/span>\n    <div>\n        <h4 class=\"number\"><span class=\"counter\">15224<\/span>+    <\/h4>\n        <span class=\"egx-heading-1 title\">WTGs Installed<\/span>\n    <\/div>\n<\/div>\t\t\t\t<\/div>\n\t\t\t\t<\/div>\n\t\t\t\t\t<\/div>\n\t\t<\/div>\n\t\t\t\t<div class=\"elementor-column elementor-col-25 elementor-top-column elementor-element elementor-element-f3973f8\" data-id=\"f3973f8\" data-element_type=\"column\" data-e-type=\"column\">\n\t\t\t<div class=\"elementor-widget-wrap elementor-element-populated\">\n\t\t\t\t\t\t<div class=\"elementor-element elementor-element-9b6b6a9 elementor-widget elementor-widget-go-ct-item\" data-id=\"9b6b6a9\" data-element_type=\"widget\" data-e-type=\"widget\" data-widget_type=\"go-ct-item.default\">\n\t\t\t\t<div class=\"elementor-widget-container\">\n\t\t\t\t\t<div class=\"egx-experience-2-item\">\n    <span class=\"icon\">\n        <i aria-hidden=\"true\" class=\"fas fa-people-carry\"><\/i>    <\/span>\n    <div>\n        <h4 class=\"number\"><span class=\"counter\">1500<\/span>+    <\/h4>\n        <span class=\"egx-heading-1 title\">Customers Globally<\/span>\n    <\/div>\n<\/div>\t\t\t\t<\/div>\n\t\t\t\t<\/div>\n\t\t\t\t\t<\/div>\n\t\t<\/div>\n\t\t\t\t\t<\/div>\n\t\t<\/section>\n\t\t\t\t<\/div>","protected":false},"excerpt":{"rendered":"<p>b\u00f6lgem mobilite Enerji Verimli ve \u00c7evre Dostu \u015earj \u00dcniteleri AC \u015earj \u0130stasyonlar\u0131 AC Cihazlar WAT ve Gewiss marka olup duvar ve zemin tipi olmak \u00fczere birden fazla kW se\u00e7ene\u011fi ile sizlerin ihtiya\u00e7lar\u0131na cevap vermektedir. H\u0131zl\u0131 \u015earj \u0130stasyonu DC Cihazlar WAT marka ve modellerde olup denenmi\u015f \u00fcr\u00fcnlerdir. Farkl\u0131 g\u00fc\u00e7 ve se\u00e7eneklerle ilgili belirlenen yerlere kurulumlar\u0131 yap\u0131lacakt\u0131r. [&hellip;]<\/p>\n","protected":false},"author":1,"featured_media":0,"parent":0,"menu_order":0,"comment_status":"closed","ping_status":"closed","template":"elementor_header_footer","meta":{"footnotes":""},"class_list":["post-3165","page","type-page","status-publish","hentry"],"_links":{"self":[{"href":"https:\/\/www.bolgem.com.tr\/en\/wp-json\/wp\/v2\/pages\/3165","targetHints":{"allow":["GET"]}}],"collection":[{"href":"https:\/\/www.bolgem.com.tr\/en\/wp-json\/wp\/v2\/pages"}],"about":[{"href":"https:\/\/www.bolgem.com.tr\/en\/wp-json\/wp\/v2\/types\/page"}],"author":[{"embeddable":true,"href":"https:\/\/www.bolgem.com.tr\/en\/wp-json\/wp\/v2\/users\/1"}],"replies":[{"embeddable":true,"href":"https:\/\/www.bolgem.com.tr\/en\/wp-json\/wp\/v2\/comments?post=3165"}],"version-history":[{"count":19,"href":"https:\/\/www.bolgem.com.tr\/en\/wp-json\/wp\/v2\/pages\/3165\/revisions"}],"predecessor-version":[{"id":3505,"href":"https:\/\/www.bolgem.com.tr\/en\/wp-json\/wp\/v2\/pages\/3165\/revisions\/3505"}],"wp:attachment":[{"href":"https:\/\/www.bolgem.com.tr\/en\/wp-json\/wp\/v2\/media?parent=3165"}],"curies":[{"name":"wp","href":"https:\/\/api.w.org\/{rel}","templated":true}]}}