{"id":2776,"date":"2024-10-05T05:31:33","date_gmt":"2024-10-05T05:31:33","guid":{"rendered":"https:\/\/themexriver.com\/wp\/eergx\/?page_id=16"},"modified":"2026-01-20T11:32:48","modified_gmt":"2026-01-20T08:32:48","slug":"hakkimizda","status":"publish","type":"page","link":"https:\/\/www.bolgem.com.tr\/en\/hakkimizda\/","title":{"rendered":"Hakk\u0131m\u0131zda"},"content":{"rendered":"<div data-elementor-type=\"wp-page\" data-elementor-id=\"2776\" class=\"elementor elementor-2776\">\n\t\t\t\t\t\t<section class=\"elementor-section elementor-top-section elementor-element elementor-element-3c65ca5 elementor-section-content-top elementor-section-boxed elementor-section-height-default elementor-section-height-default\" data-id=\"3c65ca5\" data-element_type=\"section\" data-e-type=\"section\">\n\t\t\t\t\t\t<div class=\"elementor-container elementor-column-gap-default\">\n\t\t\t\t\t<div class=\"elementor-column elementor-col-50 elementor-top-column elementor-element elementor-element-9a200f8\" data-id=\"9a200f8\" data-element_type=\"column\" data-e-type=\"column\">\n\t\t\t<div class=\"elementor-widget-wrap elementor-element-populated\">\n\t\t\t\t\t\t<div class=\"elementor-element elementor-element-f95a66d elementor-widget elementor-widget-go-s-img-four\" data-id=\"f95a66d\" data-element_type=\"widget\" data-e-type=\"widget\" data-widget_type=\"go-s-img-four.default\">\n\t\t\t\t<div class=\"elementor-widget-container\">\n\t\t\t\t\t<div class=\"egx-about-5-wrap\">\n    <div class=\"about-left\">\n                    <div class=\"main-img img-cover image-pllx\">\n                <img decoding=\"async\" src=\"http:\/\/www.bolgem.com.tr\/wp-content\/uploads\/2025\/02\/hakkimizda-bolgem-01.jpg\" alt=\"\">\n            <\/div>\n            <\/div>\n<\/div>\t\t\t\t<\/div>\n\t\t\t\t<\/div>\n\t\t\t\t\t<\/div>\n\t\t<\/div>\n\t\t\t\t<div class=\"elementor-column elementor-col-50 elementor-top-column elementor-element elementor-element-76c1942\" data-id=\"76c1942\" data-element_type=\"column\" data-e-type=\"column\">\n\t\t\t<div class=\"elementor-widget-wrap elementor-element-populated\">\n\t\t\t\t\t\t<div class=\"elementor-element elementor-element-b20e16f elementor-widget-divider--view-line elementor-widget elementor-widget-divider\" data-id=\"b20e16f\" data-element_type=\"widget\" data-e-type=\"widget\" data-widget_type=\"divider.default\">\n\t\t\t\t<div class=\"elementor-widget-container\">\n\t\t\t\t\t\t\t<div class=\"elementor-divider\">\n\t\t\t<span class=\"elementor-divider-separator\">\n\t\t\t\t\t\t<\/span>\n\t\t<\/div>\n\t\t\t\t\t\t<\/div>\n\t\t\t\t<\/div>\n\t\t\t\t<div class=\"elementor-element elementor-element-3048ed8 elementor-widget elementor-widget-go-s-heading\" data-id=\"3048ed8\" data-element_type=\"widget\" data-e-type=\"widget\" data-widget_type=\"go-s-heading.default\">\n\t\t\t\t<div class=\"elementor-widget-container\">\n\t\t\t\t\t<div class=\"prthalign\">\n            <h5 class=\"egx-subtitle-1\">\n                            <img decoding=\"async\" src=\"https:\/\/themexriver.com\/wp\/eergx\/wp-content\/uploads\/2024\/10\/h1-sub-title.svg\" alt=\"\">\n                        <span class=\"gradient\">b\u00f6lgem mobilite<\/span>\n        <\/h5>\n        <h1 class=\"elementor-gt-heading egx-section-title-1 egx-split-text split-in-right\">B\u00f6lgem, 2006 y\u0131l\u0131ndan bu yana imalat, tesisat, makine montaj ve de-montaj\u0131, bak\u0131m ve destek hizmetleri gibi alanlarda faaliyet g\u00f6steren \u00f6nc\u00fc bir firmad\u0131r. Otomotiv, g\u0131da, paketleme gibi \u00e7e\u015fitli sekt\u00f6rlerde anahtar teslim projelere imza atan \u015firketimiz, geli\u015fen piyasa ko\u015fullar\u0131na uyum sa\u011flayarak her zaman en iyisini sunmay\u0131 ama\u00e7lam\u0131\u015ft\u0131r.\n\n<\/h1>    <\/div>\n\t\t\t\t<\/div>\n\t\t\t\t<\/div>\n\t\t\t\t\t<\/div>\n\t\t<\/div>\n\t\t\t\t\t<\/div>\n\t\t<\/section>\n\t\t\t\t<section class=\"elementor-section elementor-top-section elementor-element elementor-element-486738d elementor-section-boxed elementor-section-height-default elementor-section-height-default\" data-id=\"486738d\" data-element_type=\"section\" data-e-type=\"section\">\n\t\t\t\t\t\t<div class=\"elementor-container elementor-column-gap-default\">\n\t\t\t\t\t<div class=\"elementor-column elementor-col-100 elementor-top-column elementor-element elementor-element-1a41cdf\" data-id=\"1a41cdf\" data-element_type=\"column\" data-e-type=\"column\">\n\t\t\t<div class=\"elementor-widget-wrap elementor-element-populated\">\n\t\t\t\t\t\t<div class=\"elementor-element elementor-element-68fed5d elementor-widget elementor-widget-go-s-heading\" data-id=\"68fed5d\" data-element_type=\"widget\" data-e-type=\"widget\" data-widget_type=\"go-s-heading.default\">\n\t\t\t\t<div class=\"elementor-widget-container\">\n\t\t\t\t\t<div class=\"prthalign\">\n            <h5 class=\"egx-subtitle-1\">\n                        <span class=\"gradient\">b\u00f6lgem mobilite<\/span>\n        <\/h5>\n        <h1 class=\"elementor-gt-heading egx-section-title-1 egx-split-text split-in-right\">B\u00f6lgem \u0130le 4 Ad\u0131mda Kesintisiz \u015earj \u00c7\u00f6z\u00fcmleri<\/h1>    <\/div>\n\t\t\t\t<\/div>\n\t\t\t\t<\/div>\n\t\t\t\t<div class=\"elementor-element elementor-element-d1fff7c elementor-widget elementor-widget-go-service-item-five\" data-id=\"d1fff7c\" data-element_type=\"widget\" data-e-type=\"widget\" data-widget_type=\"go-service-item-five.default\">\n\t\t\t\t<div class=\"elementor-widget-container\">\n\t\t\t\t\t<div class=\"egx-our_history-1-wrap\">\n            <div class=\"egx-our_history-1-card\">\n                            <div class=\"main-img img-cover\">\n                    <img decoding=\"async\" src=\"http:\/\/www.bolgem.com.tr\/wp-content\/uploads\/2025\/02\/kesif-planlama.jpg\" alt=\"\">\n                <\/div>\n                        <div class=\"content\">\n                <h5 class=\"egx-heading-1 title\">Ke\u015fif &amp; Planlama<\/h5>\n                                    <p class=\"egx-para-1 disc\">M\u00fc\u015fteri ihtiya\u00e7lar\u0131n\u0131 analiz ediyor, <br>en uygun \u015farj \u00e7\u00f6z\u00fcmlerini \nbelirliyoruz.<\/p>\n                            <\/div>\n        <\/div>\n            <div class=\"egx-our_history-1-card\">\n                            <div class=\"main-img img-cover\">\n                    <img decoding=\"async\" src=\"http:\/\/www.bolgem.com.tr\/wp-content\/uploads\/2025\/02\/kurulum.jpg\" alt=\"\">\n                <\/div>\n                        <div class=\"content\">\n                <h5 class=\"egx-heading-1 title\">Kurulum &amp; Entegrasyon<\/h5>\n                                    <p class=\"egx-para-1 disc\">Deneyimli ekibimizle \u015farj istasyonlar\u0131n\u0131 g\u00fcvenli ve verimli \u015fekilde kuruyoruz.<\/p>\n                            <\/div>\n        <\/div>\n            <div class=\"egx-our_history-1-card\">\n                            <div class=\"main-img img-cover\">\n                    <img decoding=\"async\" src=\"http:\/\/www.bolgem.com.tr\/wp-content\/uploads\/2025\/02\/test.jpg\" alt=\"\">\n                <\/div>\n                        <div class=\"content\">\n                <h5 class=\"egx-heading-1 title\">Test &amp; Optimizasyon<\/h5>\n                                    <p class=\"egx-para-1 disc\">Sistemlerin sorunsuz \u00e7al\u0131\u015fmas\u0131n\u0131 sa\u011flamak i\u00e7in test ediyor ve en iyi performansa ula\u015ft\u0131r\u0131yoruz.\n\n<\/p>\n                            <\/div>\n        <\/div>\n            <div class=\"egx-our_history-1-card\">\n                            <div class=\"main-img img-cover\">\n                    <img decoding=\"async\" src=\"http:\/\/www.bolgem.com.tr\/wp-content\/uploads\/2025\/02\/destek.jpg\" alt=\"\">\n                <\/div>\n                        <div class=\"content\">\n                <h5 class=\"egx-heading-1 title\">Destek &amp; Takip<\/h5>\n                                    <p class=\"egx-para-1 disc\">7\/24 teknik destek ve uzaktan izleme ile kesintisiz hizmet sunuyoruz.<\/p>\n                            <\/div>\n        <\/div>\n    <\/div>\t\t\t\t<\/div>\n\t\t\t\t<\/div>\n\t\t\t\t\t<\/div>\n\t\t<\/div>\n\t\t\t\t\t<\/div>\n\t\t<\/section>\n\t\t\t\t<section class=\"elementor-section elementor-top-section elementor-element elementor-element-c5f90b0 elementor-section-full_width elementor-section-height-default elementor-section-height-default\" data-id=\"c5f90b0\" data-element_type=\"section\" data-e-type=\"section\">\n\t\t\t\t\t\t<div class=\"elementor-container elementor-column-gap-no\">\n\t\t\t\t\t<div class=\"elementor-column elementor-col-100 elementor-top-column elementor-element elementor-element-0a1b709\" data-id=\"0a1b709\" data-element_type=\"column\" data-e-type=\"column\">\n\t\t\t<div class=\"elementor-widget-wrap elementor-element-populated\">\n\t\t\t\t\t\t<div class=\"elementor-element elementor-element-bdc484b elementor-widget elementor-widget-go-about-three\" data-id=\"bdc484b\" data-element_type=\"widget\" data-e-type=\"widget\" data-widget_type=\"go-about-three.default\">\n\t\t\t\t<div class=\"elementor-widget-container\">\n\t\t\t\t\t\n<div class=\"egx-story-1-area egx-class-add bg-default\" data-background=\"https:\/\/themexriver.com\/wp\/eergx\/wp-content\/uploads\/2024\/10\/s1-bg-1.webp\">\n        <div class=\"egx-story-1-wrap\">\n\n                    <div class=\"main-img img-cover image-pllx\">\n                <img decoding=\"async\" src=\"http:\/\/www.bolgem.com.tr\/wp-content\/uploads\/2025\/02\/bolgem-anasayfa-1.jpg\" alt=\"\">\n            <\/div>\n        \n        <div class=\"story-content\">\n\n                            <h5 class=\"egx-subtitle-1\">\n                                        <span class=\"gradient\">b\u00f6lgem mobilite<\/span>\n                <\/h5>\n            \n                            <h2 class=\"egx-section-title-3 egx-split-text-2 egx-split-text-2-ani\">Gelece\u011fe<\/h2>\n            \n                            <h2 class=\"egx-section-title-3 story-title-2 egx-split-text-2 egx-split-text-2-ani\"> G\u00fc\u00e7 Kat\u0131yoruz!<\/h2>\n            \n            <div class=\"line-wrap\">\n                <div class=\"line about-4-line\"><\/div>\n                <div class=\"circle about-4-line-circle\"><\/div>\n            <\/div>\n\n                            <p class=\"egx-para-1 disc\">Deneyimli m\u00fchendis ekibimiz ile tasar\u0131m, Ar-Ge \u00e7al\u0131\u015fmalar\u0131 ve dan\u0131\u015fmanl\u0131k hizmetleri vererek, m\u00fc\u015fterilerimizin ihtiya\u00e7lar\u0131na \u00f6zel \u00e7\u00f6z\u00fcmler geli\u015ftiriyoruz. G\u00fcvenilir ve yenilik\u00e7i yakla\u015f\u0131m\u0131m\u0131zla sekt\u00f6rde fark yaratmaya devam ediyoruz.\n\nB\u00f6lgem olarak, gelece\u011fe yat\u0131r\u0131m yaparken, kaliteli hizmet anlay\u0131\u015f\u0131m\u0131zdan \u00f6d\u00fcn vermeden, s\u0131zlere en iyi \u00e7\u00f6z\u00fcmleri sunmaya devam edece\u011fiz.<\/p>\n            \n            <div class=\"btn-wrap\">\n                <a href=\"\/en\/iletisim\/\" target=\"_blank\" rel=\"nofollow\" class=\"egx-btn-3\">\n                    <span class=\"btn-text\">\u0130leti\u015fim<\/span>\n                    <span class=\"btn-icon\">\n                        <svg class=\"icon\" width=\"32\" height=\"32\" viewbox=\"0 0 32 32\" xmlns=\"http:\/\/www.w3.org\/2000\/svg\">\n                            <rect x=\"1\" y=\"1\" width=\"30\" height=\"30\" rx=\"15\" stroke=\"white\" stroke-width=\"2\"><\/rect>\n                            <path d=\"M11.8333 21C11.5833 21 11.4167 20.9167 11.25 20.75C10.9167 20.4167 10.9167 19.9167 11.25 19.5833L19.5833 11.25C19.9167 10.9167 20.4167 10.9167 20.75 11.25C21.0833 11.5833 21.0833 12.0833 20.75 12.4167L12.4167 20.75C12.25 20.9167 12.0833 21 11.8333 21Z\"><\/path>\n                            <path d=\"M20.1663 20.1667C19.6663 20.1667 19.333 19.8333 19.333 19.3333V12.6667H12.6663C12.1663 12.6667 11.833 12.3333 11.833 11.8333C11.833 11.3333 12.1663 11 12.6663 11H20.1663C20.6663 11 20.9997 11.3333 20.9997 11.8333V19.3333C20.9997 19.8333 20.6663 20.1667 20.1663 20.1667Z\"><\/path>\n                        <\/svg>\n                    <\/span>\n                <\/a>\n            <\/div>\n        <\/div>\n    <\/div>\n    <\/div>\t\t\t\t<\/div>\n\t\t\t\t<\/div>\n\t\t\t\t\t<\/div>\n\t\t<\/div>\n\t\t\t\t\t<\/div>\n\t\t<\/section>\n\t\t\t\t<section class=\"elementor-section elementor-top-section elementor-element elementor-element-50696bb elementor-section-boxed elementor-section-height-default elementor-section-height-default\" data-id=\"50696bb\" data-element_type=\"section\" data-e-type=\"section\">\n\t\t\t\t\t\t<div class=\"elementor-container elementor-column-gap-default\">\n\t\t\t\t\t<div class=\"elementor-column elementor-col-50 elementor-top-column elementor-element elementor-element-01f060f\" data-id=\"01f060f\" data-element_type=\"column\" data-e-type=\"column\">\n\t\t\t<div class=\"elementor-widget-wrap elementor-element-populated\">\n\t\t\t\t\t\t<div class=\"elementor-element elementor-element-b11e0bc elementor-widget elementor-widget-go-s-heading\" data-id=\"b11e0bc\" data-element_type=\"widget\" data-e-type=\"widget\" data-widget_type=\"go-s-heading.default\">\n\t\t\t\t<div class=\"elementor-widget-container\">\n\t\t\t\t\t<div class=\"prthalign\">\n            <h5 class=\"egx-subtitle-1\">\n                        <span class=\"gradient\">b\u00f6lgem mobilite<\/span>\n        <\/h5>\n        <h1 class=\"elementor-gt-heading egx-section-title-1 egx-split-text split-in-right\">Ekibimizle Tan\u0131\u015f\u0131n<\/h1>    <\/div>\n\t\t\t\t<\/div>\n\t\t\t\t<\/div>\n\t\t\t\t\t<\/div>\n\t\t<\/div>\n\t\t\t\t<div class=\"elementor-column elementor-col-50 elementor-top-column elementor-element elementor-element-db6182d\" data-id=\"db6182d\" data-element_type=\"column\" data-e-type=\"column\">\n\t\t\t<div class=\"elementor-widget-wrap\">\n\t\t\t\t\t\t\t<\/div>\n\t\t<\/div>\n\t\t\t\t\t<\/div>\n\t\t<\/section>\n\t\t\t\t<section class=\"elementor-section elementor-top-section elementor-element elementor-element-dd9842a elementor-section-boxed elementor-section-height-default elementor-section-height-default\" data-id=\"dd9842a\" data-element_type=\"section\" data-e-type=\"section\">\n\t\t\t\t\t\t<div class=\"elementor-container elementor-column-gap-default\">\n\t\t\t\t\t<div class=\"elementor-column elementor-col-100 elementor-top-column elementor-element elementor-element-f6c5bcf\" data-id=\"f6c5bcf\" data-element_type=\"column\" data-e-type=\"column\">\n\t\t\t<div class=\"elementor-widget-wrap elementor-element-populated\">\n\t\t\t\t\t\t<div class=\"elementor-element elementor-element-bc21132 elementor-widget elementor-widget-go-team-item\" data-id=\"bc21132\" data-element_type=\"widget\" data-e-type=\"widget\" data-widget_type=\"go-team-item.default\">\n\t\t\t\t<div class=\"elementor-widget-container\">\n\t\t\t\t\t<div class=\"egx-team-4-area\">\n    <div class=\"egx-team-4-wrap\">\n                <div class=\"egx-team-4-card\">\n            <div class=\"card-img bg-default\" data-background=\"\">\n                <img decoding=\"async\" src=\"http:\/\/www.bolgem.com.tr\/wp-content\/uploads\/2025\/02\/profil-erkek.jpg\" alt=\"Team Image\">\n            <\/div>\n            <div class=\"card-content\">\n                <h5 class=\"egx-heading-1 name\">x<\/h5>\n                <span class=\"egx-heading-1 designation\">Elektrik &amp; Elektronik M\u00fchendisi<\/span>\n                <div class=\"divider\"><\/div>\n            <\/div>\n        <\/div>\n                <div class=\"egx-team-4-card\">\n            <div class=\"card-img bg-default\" data-background=\"\">\n                <img decoding=\"async\" src=\"http:\/\/www.bolgem.com.tr\/wp-content\/uploads\/2025\/02\/profil-kadin.jpg\" alt=\"Team Image\">\n            <\/div>\n            <div class=\"card-content\">\n                <h5 class=\"egx-heading-1 name\">x<\/h5>\n                <span class=\"egx-heading-1 designation\">Makine M\u00fchendisi<\/span>\n                <div class=\"divider\"><\/div>\n            <\/div>\n        <\/div>\n                <div class=\"egx-team-4-card\">\n            <div class=\"card-img bg-default\" data-background=\"\">\n                <img decoding=\"async\" src=\"http:\/\/www.bolgem.com.tr\/wp-content\/uploads\/2025\/02\/profil-erkek.jpg\" alt=\"Team Image\">\n            <\/div>\n            <div class=\"card-content\">\n                <h5 class=\"egx-heading-1 name\">x<\/h5>\n                <span class=\"egx-heading-1 designation\">Ar-Ge Uzman\u0131<\/span>\n                <div class=\"divider\"><\/div>\n            <\/div>\n        <\/div>\n                <div class=\"egx-team-4-card\">\n            <div class=\"card-img bg-default\" data-background=\"\">\n                <img decoding=\"async\" src=\"http:\/\/www.bolgem.com.tr\/wp-content\/uploads\/2025\/02\/profil-kadin.jpg\" alt=\"Team Image\">\n            <\/div>\n            <div class=\"card-content\">\n                <h5 class=\"egx-heading-1 name\">x<\/h5>\n                <span class=\"egx-heading-1 designation\">Teknik Servis<\/span>\n                <div class=\"divider\"><\/div>\n            <\/div>\n        <\/div>\n            <\/div>\n    <div class=\"team-bottom\">\n            <p class=\"egx-para-1 disc\">Bizimle \u0130leti\u015fime Ge\u00e7in<\/p>\n            <a href=\"\/en\/iletisim\/\" target=\"_blank\" rel=\"nofollow\" class=\"link\">\u0130leti\u015fim<\/a>\n    <\/div>    \n<\/div>\t\t\t\t<\/div>\n\t\t\t\t<\/div>\n\t\t\t\t\t<\/div>\n\t\t<\/div>\n\t\t\t\t\t<\/div>\n\t\t<\/section>\n\t\t\t\t<section class=\"elementor-section elementor-top-section elementor-element elementor-element-9692657 elementor-section-full_width elementor-section-height-default elementor-section-height-default\" data-id=\"9692657\" data-element_type=\"section\" data-e-type=\"section\">\n\t\t\t\t\t\t<div class=\"elementor-container elementor-column-gap-no\">\n\t\t\t\t\t<div class=\"elementor-column elementor-col-100 elementor-top-column elementor-element elementor-element-e775074\" data-id=\"e775074\" data-element_type=\"column\" data-e-type=\"column\">\n\t\t\t<div class=\"elementor-widget-wrap elementor-element-populated\">\n\t\t\t\t\t\t<div class=\"elementor-element elementor-element-98c353d elementor-widget elementor-widget-eergx-ct-form-tw\" data-id=\"98c353d\" data-element_type=\"widget\" data-e-type=\"widget\" data-widget_type=\"eergx-ct-form-tw.default\">\n\t\t\t\t<div class=\"elementor-widget-container\">\n\t\t\t\t\t<div class=\"egx-contact-4-area\">\n\n            <div class=\"egx-contact-4-bg\">\n            <img decoding=\"async\" src=\"http:\/\/www.bolgem.com.tr\/wp-content\/uploads\/2025\/02\/bolgem-hakkimizda-alt-gorsel.jpg\" alt=\"\">\n        <\/div>\n        <div class=\"container egx-container-2\">\n        <div class=\"egx-contact-4-form bg-default\" data-background=\"https:\/\/themexriver.com\/wp\/eergx\/wp-content\/uploads\/2024\/10\/c4-f-bg.webp\">\n\n                            <h4 class=\"egx-heading-1 title\">Bize Ula\u015f\u0131n<\/h4>\n            \n            <div class=\"divider\"><\/div>\n            \n<div class=\"wpcf7 no-js\" id=\"wpcf7-f2201-o1\" lang=\"en-US\" dir=\"ltr\" data-wpcf7-id=\"2201\">\n<div class=\"screen-reader-response\"><p role=\"status\" aria-live=\"polite\" aria-atomic=\"true\"><\/p> <ul><\/ul><\/div>\n<form action=\"\/en\/wp-json\/wp\/v2\/pages\/2776#wpcf7-f2201-o1\" method=\"post\" class=\"wpcf7-form init\" aria-label=\"Contact form\" novalidate=\"novalidate\" data-status=\"init\" data-trp-original-action=\"\/en\/wp-json\/wp\/v2\/pages\/2776#wpcf7-f2201-o1\">\n<fieldset class=\"hidden-fields-container\"><input type=\"hidden\" name=\"_wpcf7\" value=\"2201\" \/><input type=\"hidden\" name=\"_wpcf7_version\" value=\"6.1.5\" \/><input type=\"hidden\" name=\"_wpcf7_locale\" value=\"en_US\" \/><input type=\"hidden\" name=\"_wpcf7_unit_tag\" value=\"wpcf7-f2201-o1\" \/><input type=\"hidden\" name=\"_wpcf7_container_post\" value=\"0\" \/><input type=\"hidden\" name=\"_wpcf7_posted_data_hash\" value=\"\" \/>\n<\/fieldset>\n<div class=\"egx-contact-5-content\">\n\n <div class=\"item\">\n<label class=\"label\" for=\"full_name\">Konu Se\u00e7iniz<\/label>\n         <select class=\"wpcf7-form-control wpcf7-select\" aria-invalid=\"false\" name=\"select-779\"><option value=\"Bilgi Edinmek \u0130stiyorum\">Bilgi Edinmek \u0130stiyorum<\/option><option value=\"Yat\u0131r\u0131mc\u0131 Olmak \u0130stiyorum\">Yat\u0131r\u0131mc\u0131 Olmak \u0130stiyorum<\/option><option value=\"\u015eikayet\/\u00d6neride Bulunaca\u011f\u0131m\">\u015eikayet\/\u00d6neride Bulunaca\u011f\u0131m<\/option><option value=\"Hesap Silme Talebi\">Hesap Silme Talebi<\/option><option value=\"Di\u011fer\">Di\u011fer<\/option><\/select>\n         <\/div>\n\n\n\n    <div class=\"item\">\n        <label class=\"label\" for=\"full_name\">Ad Soyad<\/label>\n        <input size=\"40\" maxlength=\"400\" class=\"wpcf7-form-control wpcf7-text wpcf7-validates-as-required\" aria-required=\"true\" aria-invalid=\"false\" placeholder=\"Ad\u0131n\u0131z\" value=\"\" type=\"text\" name=\"text-29\" \/>\n    <\/div>\n    <div class=\"item\">\n        <label for=\"phone\">Telefon:<\/label>\n        <input size=\"40\" maxlength=\"400\" class=\"wpcf7-form-control wpcf7-text wpcf7-validates-as-required\" aria-required=\"true\" aria-invalid=\"false\" placeholder=\"+90\" value=\"\" type=\"text\" name=\"phone-29\" \/>\n    <\/div>\n    <div class=\"item\">\n        <label for=\"email\">E-mail Adresiniz<\/label>\n        <input size=\"40\" maxlength=\"400\" class=\"wpcf7-form-control wpcf7-email wpcf7-validates-as-required wpcf7-text wpcf7-validates-as-email\" aria-required=\"true\" aria-invalid=\"false\" placeholder=\"E-Mail\" value=\"\" type=\"email\" name=\"email-430\" \/>\n    <\/div>\n    <div class=\"item\">\n        <label for=\"message\">Mesaj<\/label>\n        <textarea cols=\"40\" rows=\"10\" maxlength=\"2000\" class=\"wpcf7-form-control wpcf7-textarea wpcf7-validates-as-required\" aria-required=\"true\" aria-invalid=\"false\" placeholder=\"Mesaj\u0131n\u0131z\u0131 Yaz\u0131n\u0131z...\" name=\"textarea-275\"><\/textarea>\n    <\/div>\n    <button href=\"#\" class=\"egx-btn-3 btn\" type=\"submit\">\n        <span class=\"btn-text\">G\u00f6nder<\/span>\n        <span class=\"btn-icon\">\n            <svg class=\"icon\" width=\"32\" height=\"32\" viewbox=\"0 0 32 32\" xmlns=\"http:\/\/www.w3.org\/2000\/svg\">\n                <rect x=\"1\" y=\"1\" width=\"30\" height=\"30\" rx=\"15\" stroke=\"white\" stroke-width=\"2\"><\/rect>\n                <path d=\"M11.8333 21C11.5833 21 11.4167 20.9167 11.25 20.75C10.9167 20.4167 10.9167 19.9167 11.25 19.5833L19.5833 11.25C19.9167 10.9167 20.4167 10.9167 20.75 11.25C21.0833 11.5833 21.0833 12.0833 20.75 12.4167L12.4167 20.75C12.25 20.9167 12.0833 21 11.8333 21Z\"><\/path>\n                <path d=\"M20.1663 20.1667C19.6663 20.1667 19.333 19.8333 19.333 19.3333V12.6667H12.6663C12.1663 12.6667 11.833 12.3333 11.833 11.8333C11.833 11.3333 12.1663 11 12.6663 11H20.1663C20.6663 11 20.9997 11.3333 20.9997 11.8333V19.3333C20.9997 19.8333 20.6663 20.1667 20.1663 20.1667Z\"><\/path>\n            <\/svg>\n        <\/span>\n    <\/button>\n<\/div><div class=\"wpcf7-response-output\" aria-hidden=\"true\"><\/div>\n<input type=\"hidden\" name=\"trp-form-language\" value=\"en\"\/><\/form>\n<\/div>\n        <\/div>\n    <\/div>\n<\/div>\t\t\t\t<\/div>\n\t\t\t\t<\/div>\n\t\t\t\t\t<\/div>\n\t\t<\/div>\n\t\t\t\t\t<\/div>\n\t\t<\/section>\n\t\t\t\t<\/div>","protected":false},"excerpt":{"rendered":"<p>b\u00f6lgem mobilite B\u00f6lgem, 2006 y\u0131l\u0131ndan bu yana imalat, tesisat, makine montaj ve de-montaj\u0131, bak\u0131m ve destek hizmetleri gibi alanlarda faaliyet g\u00f6steren \u00f6nc\u00fc bir firmad\u0131r. Otomotiv, g\u0131da, paketleme gibi \u00e7e\u015fitli sekt\u00f6rlerde anahtar teslim projelere imza atan \u015firketimiz, geli\u015fen piyasa ko\u015fullar\u0131na uyum sa\u011flayarak her zaman en iyisini sunmay\u0131 ama\u00e7lam\u0131\u015ft\u0131r. b\u00f6lgem mobilite B\u00f6lgem \u0130le 4 Ad\u0131mda Kesintisiz \u015earj [&hellip;]<\/p>\n","protected":false},"author":1,"featured_media":0,"parent":0,"menu_order":0,"comment_status":"closed","ping_status":"closed","template":"elementor_header_footer","meta":{"footnotes":""},"class_list":["post-2776","page","type-page","status-publish","hentry"],"_links":{"self":[{"href":"https:\/\/www.bolgem.com.tr\/en\/wp-json\/wp\/v2\/pages\/2776","targetHints":{"allow":["GET"]}}],"collection":[{"href":"https:\/\/www.bolgem.com.tr\/en\/wp-json\/wp\/v2\/pages"}],"about":[{"href":"https:\/\/www.bolgem.com.tr\/en\/wp-json\/wp\/v2\/types\/page"}],"author":[{"embeddable":true,"href":"https:\/\/www.bolgem.com.tr\/en\/wp-json\/wp\/v2\/users\/1"}],"replies":[{"embeddable":true,"href":"https:\/\/www.bolgem.com.tr\/en\/wp-json\/wp\/v2\/comments?post=2776"}],"version-history":[{"count":101,"href":"https:\/\/www.bolgem.com.tr\/en\/wp-json\/wp\/v2\/pages\/2776\/revisions"}],"predecessor-version":[{"id":4284,"href":"https:\/\/www.bolgem.com.tr\/en\/wp-json\/wp\/v2\/pages\/2776\/revisions\/4284"}],"wp:attachment":[{"href":"https:\/\/www.bolgem.com.tr\/en\/wp-json\/wp\/v2\/media?parent=2776"}],"curies":[{"name":"wp","href":"https:\/\/api.w.org\/{rel}","templated":true}]}}