{"id":2775,"date":"2024-10-05T05:31:24","date_gmt":"2024-10-05T05:31:24","guid":{"rendered":"https:\/\/themexriver.com\/wp\/eergx\/?page_id=14"},"modified":"2025-02-25T09:39:22","modified_gmt":"2025-02-25T06:39:22","slug":"cozumlerimiz","status":"publish","type":"page","link":"https:\/\/www.bolgem.com.tr\/en\/cozumlerimiz\/","title":{"rendered":"\u00c7\u00f6z\u00fcmlerimiz"},"content":{"rendered":"<div data-elementor-type=\"wp-page\" data-elementor-id=\"2775\" class=\"elementor elementor-2775\">\n\t\t\t\t\t\t<section class=\"elementor-section elementor-top-section elementor-element elementor-element-7a27724 elementor-section-boxed elementor-section-height-default elementor-section-height-default\" data-id=\"7a27724\" data-element_type=\"section\" data-e-type=\"section\">\n\t\t\t\t\t\t<div class=\"elementor-container elementor-column-gap-default\">\n\t\t\t\t\t<div class=\"elementor-column elementor-col-100 elementor-top-column elementor-element elementor-element-87cc9c7\" data-id=\"87cc9c7\" data-element_type=\"column\" data-e-type=\"column\">\n\t\t\t<div class=\"elementor-widget-wrap elementor-element-populated\">\n\t\t\t\t\t\t<div class=\"elementor-element elementor-element-e5c2cf4 elementor-widget elementor-widget-go-s-heading\" data-id=\"e5c2cf4\" data-element_type=\"widget\" data-e-type=\"widget\" data-widget_type=\"go-s-heading.default\">\n\t\t\t\t<div class=\"elementor-widget-container\">\n\t\t\t\t\t<div class=\"prthalign\">\n            <h5 class=\"egx-subtitle-1\">\n                            <img decoding=\"async\" src=\"https:\/\/themexriver.com\/wp\/eergx\/wp-content\/uploads\/2024\/10\/h1-sub-title.svg\" alt=\"\">\n                        <span class=\"gradient\">b\u00f6lgem mobilite<\/span>\n        <\/h5>\n        <h1 class=\"elementor-gt-heading egx-section-title-1 egx-split-text split-in-right\">Ak\u0131ll\u0131, H\u0131zl\u0131 ve S\u00fcrd\u00fcr\u00fclebilir \u015earj \u00c7\u00f6z\u00fcmleri<\/h1>    <\/div>\n\t\t\t\t<\/div>\n\t\t\t\t<\/div>\n\t\t\t\t<div class=\"elementor-element elementor-element-fedc1e2 elementor-widget elementor-widget-go-service-item\" data-id=\"fedc1e2\" data-element_type=\"widget\" data-e-type=\"widget\" data-widget_type=\"go-service-item.default\">\n\t\t\t\t<div class=\"elementor-widget-container\">\n\t\t\t\t\t<div class=\"egx-solar-panel-1-wrap\">\n            <div class=\"egx-solar-panel-1-card scroll_slide_left\">\n                            <div class=\"card-img img-cover\">\n                    <img decoding=\"async\" src=\"http:\/\/www.bolgem.com.tr\/wp-content\/uploads\/2025\/02\/bireysel-kullanim-bolgem-mobilite.jpg\" alt=\"\">\n                <\/div>\n                        <div class=\"card-content\">\n                <div class=\"title-wrap\">\n                    <span class=\"icon\">\n                        <i aria-hidden=\"true\" class=\"far fa-moon\"><\/i>                    <\/span>\n                    <h4 class=\"egx-heading-1 title\">\n                        <a target=\"_self\" rel=\"\" href=\"\/en\/bireysel-kullanim\/\">Bireysel Kullan\u0131m<\/a>\n                    <\/h4>\n                <\/div>\n                <p class=\"egx-para-1 disc\">B\u00f6lgem ile bireysel kullan\u0131m\u0131n\u0131za uygun AC tipi h\u0131zl\u0131 \u015farj \u00fcnitelerini size en uygun olacak \u015fekilde tasarl\u0131yor, ba\u015flang\u0131\u00e7tan kuruluma kadar t\u00fcm s\u00fcreci tek elden y\u00f6netiyoruz.<\/p>\n            <\/div>\n        <\/div>\n            <div class=\"egx-solar-panel-1-card scroll_slide_top\">\n                            <div class=\"card-img img-cover\">\n                    <img decoding=\"async\" src=\"http:\/\/www.bolgem.com.tr\/wp-content\/uploads\/2025\/02\/is-merkezi-ve-plaza-bolgem.jpg\" alt=\"\">\n                <\/div>\n                        <div class=\"card-content\">\n                <div class=\"title-wrap\">\n                    <span class=\"icon\">\n                        <i aria-hidden=\"true\" class=\"fas fa-house-damage\"><\/i>                    <\/span>\n                    <h4 class=\"egx-heading-1 title\">\n                        <a target=\"_self\" rel=\"\" href=\"\/en\/is-merkezi-ve-plazar\/\">\u0130\u015f Merkezi ve Plaza<\/a>\n                    <\/h4>\n                <\/div>\n                <p class=\"egx-para-1 disc\">Elektrikli ara\u00e7lar\u0131n\u0131 mesai saatleri i\u00e7erisinde rahatl\u0131kla \u015farj eden \u00e7al\u0131\u015fanlar\u0131n\u0131z\u0131n zamandan tasarruf etmesini ve \u015farj sorununu t\u00fcmden \u00e7\u00f6zmelerini sa\u011flayacaks\u0131n\u0131z.<\/p>\n            <\/div>\n        <\/div>\n            <div class=\"egx-solar-panel-1-card scroll_slide_right\">\n                            <div class=\"card-img img-cover\">\n                    <img decoding=\"async\" src=\"http:\/\/www.bolgem.com.tr\/wp-content\/uploads\/2025\/02\/alisveris-merkezi-bolgem.jpg\" alt=\"\">\n                <\/div>\n                        <div class=\"card-content\">\n                <div class=\"title-wrap\">\n                    <span class=\"icon\">\n                        <i aria-hidden=\"true\" class=\"fas fa-solar-panel\"><\/i>                    <\/span>\n                    <h4 class=\"egx-heading-1 title\">\n                        <a target=\"_self\" rel=\"\" href=\"\/en\/alisveris-merkezleri\/\">Al\u0131\u015fveri\u015f Merkezleri<\/a>\n                    <\/h4>\n                <\/div>\n                <p class=\"egx-para-1 disc\">Elektrikli ara\u00e7lar\u0131 g\u00fcndelik hayat\u0131m\u0131zda rahat\u00e7a kullanabilmeniz i\u00e7in \u015farj \u2018sorununu\u2019 ortadan kald\u0131rmak bizim i\u015fimiz.<\/p>\n            <\/div>\n        <\/div>\n            <div class=\"egx-solar-panel-1-card scroll_slide_left\">\n                            <div class=\"card-img img-cover\">\n                    <img decoding=\"async\" src=\"http:\/\/www.bolgem.com.tr\/wp-content\/uploads\/2025\/02\/kamu-kurum-bolgem.jpg\" alt=\"\">\n                <\/div>\n                        <div class=\"card-content\">\n                <div class=\"title-wrap\">\n                    <span class=\"icon\">\n                        <i aria-hidden=\"true\" class=\"far fa-moon\"><\/i>                    <\/span>\n                    <h4 class=\"egx-heading-1 title\">\n                        <a target=\"_self\" rel=\"\" href=\"\/en\/kamu-kurumlari-ve-belediyeler\/\">Kamu Kurumlar\u0131 ve Belediyeler<\/a>\n                    <\/h4>\n                <\/div>\n                <p class=\"egx-para-1 disc\">Kamu Kurumlar\u0131 ve Belediye binalar\u0131nda da B\u00f6lgem yeni nesil \u015farj \u00e7\u00f6z\u00fcmlerinden yararlan\u0131larak, elektrikli ara\u00e7 sahiplerine pratik kullan\u0131m ortamlar\u0131 sunulur.<\/p>\n            <\/div>\n        <\/div>\n            <div class=\"egx-solar-panel-1-card scroll_slide_top\">\n                            <div class=\"card-img img-cover\">\n                    <img decoding=\"async\" src=\"http:\/\/www.bolgem.com.tr\/wp-content\/uploads\/2025\/02\/konut-site-rezans.jpg\" alt=\"\">\n                <\/div>\n                        <div class=\"card-content\">\n                <div class=\"title-wrap\">\n                    <span class=\"icon\">\n                        <i aria-hidden=\"true\" class=\"fas fa-house-damage\"><\/i>                    <\/span>\n                    <h4 class=\"egx-heading-1 title\">\n                        <a target=\"_self\" rel=\"\" href=\"\/en\/konut-site-rezidans-yonetimleri\/\">Konut Site Rezidans Y\u00f6netimleri<\/a>\n                    <\/h4>\n                <\/div>\n                <p class=\"egx-para-1 disc\">Konutlar, siteler, rezidanslar gibi ortak ya\u015fam alanlar\u0131nda birden fazla elektrikli ara\u00e7 sahibinin kullan\u0131m\u0131 i\u00e7in tasarlan\u0131r.<\/p>\n            <\/div>\n        <\/div>\n            <div class=\"egx-solar-panel-1-card scroll_slide_right\">\n                            <div class=\"card-img img-cover\">\n                    <img decoding=\"async\" src=\"http:\/\/www.bolgem.com.tr\/wp-content\/uploads\/2025\/02\/elektrikli-sarj-rest.jpg\" alt=\"\">\n                <\/div>\n                        <div class=\"card-content\">\n                <div class=\"title-wrap\">\n                    <span class=\"icon\">\n                        <i aria-hidden=\"true\" class=\"fas fa-solar-panel\"><\/i>                    <\/span>\n                    <h4 class=\"egx-heading-1 title\">\n                        <a target=\"_self\" rel=\"\" href=\"\/en\/restoran-ve-dinlenme-tesisleri\/\">Restoran ve Dinlenme Tesisleri<\/a>\n                    <\/h4>\n                <\/div>\n                <p class=\"egx-para-1 disc\">Tatl\u0131 bir ak\u015fam yeme\u011findeyken, uzun yolda bir nefeslenme molas\u0131 verirken ya da mesai aran\u0131zda gitti\u011finiz restoranda yeme\u011finizi yerken\u2026<\/p>\n            <\/div>\n        <\/div>\n            <div class=\"egx-solar-panel-1-card scroll_slide_right\">\n                            <div class=\"card-img img-cover\">\n                    <img decoding=\"async\" src=\"http:\/\/www.bolgem.com.tr\/wp-content\/uploads\/2025\/02\/akaryakit.jpg\" alt=\"\">\n                <\/div>\n                        <div class=\"card-content\">\n                <div class=\"title-wrap\">\n                    <span class=\"icon\">\n                        <i aria-hidden=\"true\" class=\"fas fa-solar-panel\"><\/i>                    <\/span>\n                    <h4 class=\"egx-heading-1 title\">\n                        <a target=\"_self\" rel=\"\" href=\"\/en\/akaryakit-istasyonlari\/\">Akaryak\u0131t <\/a>\n                    <\/h4>\n                <\/div>\n                <p class=\"egx-para-1 disc\">\u015eehir i\u00e7erisinde ve otobanlarda, s\u0131kl\u0131kla konumland\u0131r\u0131lm\u0131\u015f olan akaryak\u0131t istasyonlar\u0131 ara\u00e7 sahiplerinin i\u015flerini kolayla\u015ft\u0131rmada i\u015flevsel ve pratik bir unsurdur.<\/p>\n            <\/div>\n        <\/div>\n            <div class=\"egx-solar-panel-1-card scroll_slide_right\">\n                            <div class=\"card-img img-cover\">\n                    <img decoding=\"async\" src=\"http:\/\/www.bolgem.com.tr\/wp-content\/uploads\/2025\/02\/marketler.jpg\" alt=\"\">\n                <\/div>\n                        <div class=\"card-content\">\n                <div class=\"title-wrap\">\n                    <span class=\"icon\">\n                        <i aria-hidden=\"true\" class=\"fas fa-solar-panel\"><\/i>                    <\/span>\n                    <h4 class=\"egx-heading-1 title\">\n                        <a target=\"_self\" rel=\"\" href=\"\/en\/marketler\/\">Marketler <\/a>\n                    <\/h4>\n                <\/div>\n                <p class=\"egx-para-1 disc\">\u00d6zellikle insanlar\u0131n i\u00e7erisinde uzun vakit ge\u00e7irdi\u011fi b\u00fcy\u00fck marketlere konumland\u0131raca\u011f\u0131n\u0131z B\u00f6lgem \u015earj \u0130stasyonlar\u0131n\u0131 ke\u015ffedin.<\/p>\n            <\/div>\n        <\/div>\n            <div class=\"egx-solar-panel-1-card scroll_slide_right\">\n                            <div class=\"card-img img-cover\">\n                    <img decoding=\"async\" src=\"http:\/\/www.bolgem.com.tr\/wp-content\/uploads\/2025\/02\/otoparklar.jpg\" alt=\"\">\n                <\/div>\n                        <div class=\"card-content\">\n                <div class=\"title-wrap\">\n                    <span class=\"icon\">\n                        <i aria-hidden=\"true\" class=\"fas fa-solar-panel\"><\/i>                    <\/span>\n                    <h4 class=\"egx-heading-1 title\">\n                        <a target=\"_self\" rel=\"\" href=\"\/en\/otoparklar\/\">Otoparklar<\/a>\n                    <\/h4>\n                <\/div>\n                <p class=\"egx-para-1 disc\"> Ara\u00e7lar\u0131n uzun saatler sabit kald\u0131\u011f\u0131 otoparklar, elektrikli ara\u00e7 sahiplerinin yak\u0131t al\u0131m\u0131 i\u00e7in en ideal noktalardan biridir.<\/p>\n            <\/div>\n        <\/div>\n            <div class=\"egx-solar-panel-1-card scroll_slide_right\">\n                            <div class=\"card-img img-cover\">\n                    <img decoding=\"async\" src=\"http:\/\/www.bolgem.com.tr\/wp-content\/uploads\/2025\/02\/oto-galeri.jpg\" alt=\"\">\n                <\/div>\n                        <div class=\"card-content\">\n                <div class=\"title-wrap\">\n                    <span class=\"icon\">\n                        <i aria-hidden=\"true\" class=\"fas fa-solar-panel\"><\/i>                    <\/span>\n                    <h4 class=\"egx-heading-1 title\">\n                        <a target=\"_self\" rel=\"\" href=\"\/en\/oto-galeriler\/\">Oto Galeriler<\/a>\n                    <\/h4>\n                <\/div>\n                <p class=\"egx-para-1 disc\">Oto Galeri sahipleri geli\u015fen teknoloji ve \u015farjlanma imkanlar\u0131yla elektrikli ara\u00e7lara gittik\u00e7e artan ilgiyi, galerilerini \u00e7e\u015fitlendirerek kar\u015f\u0131layabilir.<\/p>\n            <\/div>\n        <\/div>\n            <div class=\"egx-solar-panel-1-card scroll_slide_right\">\n                            <div class=\"card-img img-cover\">\n                    <img decoding=\"async\" src=\"http:\/\/www.bolgem.com.tr\/wp-content\/uploads\/2025\/02\/oto-servisler.jpg\" alt=\"\">\n                <\/div>\n                        <div class=\"card-content\">\n                <div class=\"title-wrap\">\n                    <span class=\"icon\">\n                        <i aria-hidden=\"true\" class=\"fas fa-solar-panel\"><\/i>                    <\/span>\n                    <h4 class=\"egx-heading-1 title\">\n                        <a target=\"_self\" rel=\"\" href=\"\/en\/oto-servisler\/\">Oto Servisler <\/a>\n                    <\/h4>\n                <\/div>\n                <p class=\"egx-para-1 disc\">Elektrikli ara\u00e7lar\u0131n \u015farjlanmaya ba\u011fl\u0131 olas\u0131 bak\u0131m- onar\u0131m hizmetlerini, B\u00f6lgem garantisiyle B\u00f6lgem \u015earj \u0130stasyonuna sahip oto servislerde ger\u00e7ekle\u015ftirebilirsiniz.<\/p>\n            <\/div>\n        <\/div>\n            <div class=\"egx-solar-panel-1-card scroll_slide_right\">\n                            <div class=\"card-img img-cover\">\n                    <img decoding=\"async\" src=\"http:\/\/www.bolgem.com.tr\/wp-content\/uploads\/2025\/02\/Elektrikli-sarj-bolgem-1.jpg\" alt=\"\">\n                <\/div>\n                        <div class=\"card-content\">\n                <div class=\"title-wrap\">\n                    <span class=\"icon\">\n                        <i aria-hidden=\"true\" class=\"fas fa-solar-panel\"><\/i>                    <\/span>\n                    <h4 class=\"egx-heading-1 title\">\n                        <a target=\"_self\" rel=\"\" href=\"\/en\/oteller\/\">Oteller <\/a>\n                    <\/h4>\n                <\/div>\n                <p class=\"egx-para-1 disc\">Modern ve teknolojik olan\u0131n talep g\u00f6rd\u00fc\u011f\u00fc g\u00fcn\u00fcm\u00fczde, \u00e7a\u011f\u0131 takip eden\/yenilik\u00e7i imaja sahip oteller de \u00f6ne \u00e7\u0131kmaktad\u0131r.<\/p>\n            <\/div>\n        <\/div>\n            <div class=\"egx-solar-panel-1-card scroll_slide_right\">\n                            <div class=\"card-img img-cover\">\n                    <img decoding=\"async\" src=\"http:\/\/www.bolgem.com.tr\/wp-content\/uploads\/2025\/02\/egitim-bolgem.jpg\" alt=\"\">\n                <\/div>\n                        <div class=\"card-content\">\n                <div class=\"title-wrap\">\n                    <span class=\"icon\">\n                        <i aria-hidden=\"true\" class=\"fas fa-solar-panel\"><\/i>                    <\/span>\n                    <h4 class=\"egx-heading-1 title\">\n                        <a target=\"_self\" rel=\"\" href=\"\/en\/egitim-kurumlari\/\">E\u011fitim Kurumlar\u0131 <\/a>\n                    <\/h4>\n                <\/div>\n                <p class=\"egx-para-1 disc\">Elektrikli ara\u00e7lar\u0131n yayg\u0131nla\u015fmas\u0131yla, elektrikli ara\u00e7 sahibi kurumu \u00e7al\u0131\u015fanlar\u0131, \u00f6\u011frenciler ve ziyaret\u00e7iler i\u00e7in e\u011fitim kurumlar\u0131na da \u015farj istasyonlar\u0131 temin etmek gerekli hale gelmektedir.<\/p>\n            <\/div>\n        <\/div>\n            <div class=\"egx-solar-panel-1-card scroll_slide_right\">\n                            <div class=\"card-img img-cover\">\n                    <img decoding=\"async\" src=\"http:\/\/www.bolgem.com.tr\/wp-content\/uploads\/2025\/02\/saglibolgem.jpg\" alt=\"\">\n                <\/div>\n                        <div class=\"card-content\">\n                <div class=\"title-wrap\">\n                    <span class=\"icon\">\n                        <i aria-hidden=\"true\" class=\"fas fa-solar-panel\"><\/i>                    <\/span>\n                    <h4 class=\"egx-heading-1 title\">\n                        <a target=\"_self\" rel=\"\" href=\"\/en\/saglik-kuruluslari\/\">Sa\u011fl\u0131k Kurulu\u015flar\u0131<\/a>\n                    <\/h4>\n                <\/div>\n                <p class=\"egx-para-1 disc\">Sa\u011fl\u0131k kurulu\u015flar\u0131 da \u015farj istasyonlar\u0131n\u0131n gerekli olmas\u0131 gereken kurumlar\u0131n ba\u015f\u0131nda gelmektedir.<\/p>\n            <\/div>\n        <\/div>\n            <div class=\"egx-solar-panel-1-card scroll_slide_right\">\n                            <div class=\"card-img img-cover\">\n                    <img decoding=\"async\" src=\"http:\/\/www.bolgem.com.tr\/wp-content\/uploads\/2025\/02\/elektrikli-sarj-cozumlerimiz.jpg\" alt=\"\">\n                <\/div>\n                        <div class=\"card-content\">\n                <div class=\"title-wrap\">\n                    <span class=\"icon\">\n                        <i aria-hidden=\"true\" class=\"fas fa-solar-panel\"><\/i>                    <\/span>\n                    <h4 class=\"egx-heading-1 title\">\n                        <a target=\"_self\" rel=\"\" href=\"\/en\/diger\/\">Di\u011fer <\/a>\n                    <\/h4>\n                <\/div>\n                <p class=\"egx-para-1 disc\">B\u00d6LGEM \u015farj istasyonlar\u0131 ihtiyac\u0131n\u0131za y\u00f6nelik size veya i\u015fletmenize en uygun \u00e7\u00f6z\u00fcmler sunmaktad\u0131r. Detayl\u0131 bilgi almak i\u00e7in \"\u0130leti\u015fim\" formumuzu dolurabilirsiniz.<\/p>\n            <\/div>\n        <\/div>\n    <\/div>\t\t\t\t<\/div>\n\t\t\t\t<\/div>\n\t\t\t\t\t<\/div>\n\t\t<\/div>\n\t\t\t\t\t<\/div>\n\t\t<\/section>\n\t\t\t\t<section class=\"elementor-section elementor-top-section elementor-element elementor-element-f7e784f egx-cta-2-area bg-default parallax-img elementor-section-boxed elementor-section-height-default elementor-section-height-default\" data-id=\"f7e784f\" data-element_type=\"section\" data-e-type=\"section\" data-settings=\"{&quot;background_background&quot;:&quot;classic&quot;}\">\n\t\t\t\t\t\t<div class=\"elementor-container elementor-column-gap-default\">\n\t\t\t\t\t<div class=\"elementor-column elementor-col-100 elementor-top-column elementor-element elementor-element-7d11c4e\" data-id=\"7d11c4e\" data-element_type=\"column\" data-e-type=\"column\">\n\t\t\t<div class=\"elementor-widget-wrap elementor-element-populated\">\n\t\t\t\t\t\t<div class=\"elementor-element elementor-element-2005a15 elementor-widget elementor-widget-eergx-info-box-4\" data-id=\"2005a15\" data-element_type=\"widget\" data-e-type=\"widget\" data-widget_type=\"eergx-info-box-4.default\">\n\t\t\t\t<div class=\"elementor-widget-container\">\n\t\t\t\t\t<div class=\"egx-cta-2-wrap\">\n            <h5 class=\"egx-subtitle-1\">\n                            <img decoding=\"async\" src=\"https:\/\/themexriver.com\/wp\/eergx\/wp-content\/uploads\/2024\/10\/subtitle-sun-white.svg\" alt=\"\">\n                        <span class=\"white-color\">B\u00f6lgem Mobilite<\/span>\n        <\/h5>\n        <h1 class=\"elementor-gt-heading egx-section-title-1 has-color-white egx-split-text-2 egx-split-text-2-ani\">Bize Ula\u015f\u0131n, Gelece\u011fe Birlikte Y\u00f6n Verelim!<\/h1>            <div class=\"egx-para-1 disc elementor-gt-desc\"><p>Uzman ekibimiz, ihtiya\u00e7lar\u0131n\u0131za en uygun \u00e7\u00f6z\u00fcmleri sunmak i\u00e7in burada!<\/p><\/div>\n        <div class=\"btn-wrap\">\n        <a href=\"\/en\/iletisim\/\" target=\"_blank\" rel=\"nofollow\" class=\"egx-btn-2 btn-black\">\n            <span class=\"btn-text\">\u0130leti\u015fim<\/span>\n            <span class=\"btn-icon\">\n                <i class=\"fa-solid fa-arrow-right\"><\/i>\n            <\/span>\n        <\/a>\n    <\/div>\n<\/div>\t\t\t\t<\/div>\n\t\t\t\t<\/div>\n\t\t\t\t\t<\/div>\n\t\t<\/div>\n\t\t\t\t\t<\/div>\n\t\t<\/section>\n\t\t\t\t<section class=\"elementor-section elementor-top-section elementor-element elementor-element-b4b8de9 elementor-reverse-tablet elementor-reverse-mobile elementor-hidden-desktop elementor-hidden-tablet elementor-hidden-mobile elementor-section-boxed elementor-section-height-default elementor-section-height-default\" data-id=\"b4b8de9\" data-element_type=\"section\" data-e-type=\"section\">\n\t\t\t\t\t\t<div class=\"elementor-container elementor-column-gap-default\">\n\t\t\t\t\t<div class=\"elementor-column elementor-col-25 elementor-top-column elementor-element elementor-element-c9b2458\" data-id=\"c9b2458\" data-element_type=\"column\" data-e-type=\"column\">\n\t\t\t<div class=\"elementor-widget-wrap elementor-element-populated\">\n\t\t\t\t\t\t<div class=\"elementor-element elementor-element-83f337f elementor-widget elementor-widget-go-ct-item\" data-id=\"83f337f\" data-element_type=\"widget\" data-e-type=\"widget\" data-widget_type=\"go-ct-item.default\">\n\t\t\t\t<div class=\"elementor-widget-container\">\n\t\t\t\t\t<div class=\"egx-experience-2-item\">\n    <span class=\"icon\">\n        <i aria-hidden=\"true\" class=\"fas fa-bahai\"><\/i>    <\/span>\n    <div>\n        <h4 class=\"number\"><span class=\"counter\">1<\/span>No    <\/h4>\n        <span class=\"egx-heading-1 title\">Renewable Sector<\/span>\n    <\/div>\n<\/div>\t\t\t\t<\/div>\n\t\t\t\t<\/div>\n\t\t\t\t\t<\/div>\n\t\t<\/div>\n\t\t\t\t<div class=\"elementor-column elementor-col-25 elementor-top-column elementor-element elementor-element-905005b\" data-id=\"905005b\" data-element_type=\"column\" data-e-type=\"column\">\n\t\t\t<div class=\"elementor-widget-wrap elementor-element-populated\">\n\t\t\t\t\t\t<div class=\"elementor-element elementor-element-55e2148 elementor-widget elementor-widget-go-ct-item\" data-id=\"55e2148\" data-element_type=\"widget\" data-e-type=\"widget\" data-widget_type=\"go-ct-item.default\">\n\t\t\t\t<div class=\"elementor-widget-container\">\n\t\t\t\t\t<div class=\"egx-experience-2-item\">\n    <span class=\"icon\">\n        <i aria-hidden=\"true\" class=\"fas fa-map-signs\"><\/i>    <\/span>\n    <div>\n        <h4 class=\"number\"><span class=\"counter\">30108<\/span>+ mw    <\/h4>\n        <span class=\"egx-heading-1 title\">Installed Capacity<\/span>\n    <\/div>\n<\/div>\t\t\t\t<\/div>\n\t\t\t\t<\/div>\n\t\t\t\t\t<\/div>\n\t\t<\/div>\n\t\t\t\t<div class=\"elementor-column elementor-col-25 elementor-top-column elementor-element elementor-element-1465f1a\" data-id=\"1465f1a\" data-element_type=\"column\" data-e-type=\"column\">\n\t\t\t<div class=\"elementor-widget-wrap elementor-element-populated\">\n\t\t\t\t\t\t<div class=\"elementor-element elementor-element-26466cc elementor-widget elementor-widget-go-ct-item\" data-id=\"26466cc\" data-element_type=\"widget\" data-e-type=\"widget\" data-widget_type=\"go-ct-item.default\">\n\t\t\t\t<div class=\"elementor-widget-container\">\n\t\t\t\t\t<div class=\"egx-experience-2-item\">\n    <span class=\"icon\">\n        <i aria-hidden=\"true\" class=\"fas fa-cogs\"><\/i>    <\/span>\n    <div>\n        <h4 class=\"number\"><span class=\"counter\">15224<\/span>+    <\/h4>\n        <span class=\"egx-heading-1 title\">WTGs Installed<\/span>\n    <\/div>\n<\/div>\t\t\t\t<\/div>\n\t\t\t\t<\/div>\n\t\t\t\t\t<\/div>\n\t\t<\/div>\n\t\t\t\t<div class=\"elementor-column elementor-col-25 elementor-top-column elementor-element elementor-element-f3973f8\" data-id=\"f3973f8\" data-element_type=\"column\" data-e-type=\"column\">\n\t\t\t<div class=\"elementor-widget-wrap elementor-element-populated\">\n\t\t\t\t\t\t<div class=\"elementor-element elementor-element-9b6b6a9 elementor-widget elementor-widget-go-ct-item\" data-id=\"9b6b6a9\" data-element_type=\"widget\" data-e-type=\"widget\" data-widget_type=\"go-ct-item.default\">\n\t\t\t\t<div class=\"elementor-widget-container\">\n\t\t\t\t\t<div class=\"egx-experience-2-item\">\n    <span class=\"icon\">\n        <i aria-hidden=\"true\" class=\"fas fa-people-carry\"><\/i>    <\/span>\n    <div>\n        <h4 class=\"number\"><span class=\"counter\">1500<\/span>+    <\/h4>\n        <span class=\"egx-heading-1 title\">Customers Globally<\/span>\n    <\/div>\n<\/div>\t\t\t\t<\/div>\n\t\t\t\t<\/div>\n\t\t\t\t\t<\/div>\n\t\t<\/div>\n\t\t\t\t\t<\/div>\n\t\t<\/section>\n\t\t\t\t<\/div>","protected":false},"excerpt":{"rendered":"<p>b\u00f6lgem mobilite Ak\u0131ll\u0131, H\u0131zl\u0131 ve S\u00fcrd\u00fcr\u00fclebilir \u015earj \u00c7\u00f6z\u00fcmleri Bireysel Kullan\u0131m B\u00f6lgem ile bireysel kullan\u0131m\u0131n\u0131za uygun AC tipi h\u0131zl\u0131 \u015farj \u00fcnitelerini size en uygun olacak \u015fekilde tasarl\u0131yor, ba\u015flang\u0131\u00e7tan kuruluma kadar t\u00fcm s\u00fcreci tek elden y\u00f6netiyoruz. \u0130\u015f Merkezi ve Plaza Elektrikli ara\u00e7lar\u0131n\u0131 mesai saatleri i\u00e7erisinde rahatl\u0131kla \u015farj eden \u00e7al\u0131\u015fanlar\u0131n\u0131z\u0131n zamandan tasarruf etmesini ve \u015farj sorununu t\u00fcmden \u00e7\u00f6zmelerini [&hellip;]<\/p>\n","protected":false},"author":1,"featured_media":0,"parent":0,"menu_order":0,"comment_status":"closed","ping_status":"closed","template":"elementor_header_footer","meta":{"footnotes":""},"class_list":["post-2775","page","type-page","status-publish","hentry"],"_links":{"self":[{"href":"https:\/\/www.bolgem.com.tr\/en\/wp-json\/wp\/v2\/pages\/2775","targetHints":{"allow":["GET"]}}],"collection":[{"href":"https:\/\/www.bolgem.com.tr\/en\/wp-json\/wp\/v2\/pages"}],"about":[{"href":"https:\/\/www.bolgem.com.tr\/en\/wp-json\/wp\/v2\/types\/page"}],"author":[{"embeddable":true,"href":"https:\/\/www.bolgem.com.tr\/en\/wp-json\/wp\/v2\/users\/1"}],"replies":[{"embeddable":true,"href":"https:\/\/www.bolgem.com.tr\/en\/wp-json\/wp\/v2\/comments?post=2775"}],"version-history":[{"count":48,"href":"https:\/\/www.bolgem.com.tr\/en\/wp-json\/wp\/v2\/pages\/2775\/revisions"}],"predecessor-version":[{"id":3773,"href":"https:\/\/www.bolgem.com.tr\/en\/wp-json\/wp\/v2\/pages\/2775\/revisions\/3773"}],"wp:attachment":[{"href":"https:\/\/www.bolgem.com.tr\/en\/wp-json\/wp\/v2\/media?parent=2775"}],"curies":[{"name":"wp","href":"https:\/\/api.w.org\/{rel}","templated":true}]}}