{"id":2495,"date":"2024-10-22T10:01:26","date_gmt":"2024-10-22T10:01:26","guid":{"rendered":"https:\/\/themexriver.com\/wp\/eergx\/?page_id=2495"},"modified":"2025-03-20T08:17:50","modified_gmt":"2025-03-20T05:17:50","slug":"sorucevap","status":"publish","type":"page","link":"https:\/\/www.bolgem.com.tr\/en\/sorucevap\/","title":{"rendered":"Soru&#038;Cevap"},"content":{"rendered":"<div data-elementor-type=\"wp-page\" data-elementor-id=\"2495\" class=\"elementor elementor-2495\">\n\t\t\t\t\t\t<section class=\"elementor-section elementor-top-section elementor-element elementor-element-7aea6b9 elementor-section-boxed elementor-section-height-default elementor-section-height-default\" data-id=\"7aea6b9\" data-element_type=\"section\" data-e-type=\"section\">\n\t\t\t\t\t\t<div class=\"elementor-container elementor-column-gap-default\">\n\t\t\t\t\t<div class=\"elementor-column elementor-col-33 elementor-top-column elementor-element elementor-element-77193e9\" data-id=\"77193e9\" data-element_type=\"column\" data-e-type=\"column\">\n\t\t\t<div class=\"elementor-widget-wrap elementor-element-populated\">\n\t\t\t\t\t\t<div class=\"elementor-element elementor-element-43c46dd elementor-widget elementor-widget-go-s-heading\" data-id=\"43c46dd\" data-element_type=\"widget\" data-e-type=\"widget\" data-widget_type=\"go-s-heading.default\">\n\t\t\t\t<div class=\"elementor-widget-container\">\n\t\t\t\t\t<div class=\"prthalign\">\n            <h5 class=\"egx-subtitle-1\">\n                        <span class=\"gradient\">B\u00f6lgem Mobilite<\/span>\n        <\/h5>\n        <h1 class=\"elementor-gt-heading egx-section-title-1 egx-split-text split-in-right\">Soru&Cevap<\/h1>    <\/div>\n\t\t\t\t<\/div>\n\t\t\t\t<\/div>\n\t\t\t\t<div class=\"elementor-element elementor-element-2a07902 elementor-widget elementor-widget-image\" data-id=\"2a07902\" data-element_type=\"widget\" data-e-type=\"widget\" data-widget_type=\"image.default\">\n\t\t\t\t<div class=\"elementor-widget-container\">\n\t\t\t\t\t\t\t\t\t\t\t\t\t\t\t<img fetchpriority=\"high\" decoding=\"async\" width=\"510\" height=\"840\" src=\"https:\/\/www.bolgem.com.tr\/wp-content\/uploads\/2025\/02\/sarj-cozumleri-bolgem-m-1.jpg\" class=\"attachment-large size-large wp-image-3707\" alt=\"\" srcset=\"https:\/\/www.bolgem.com.tr\/wp-content\/uploads\/2025\/02\/sarj-cozumleri-bolgem-m-1.jpg 510w, https:\/\/www.bolgem.com.tr\/wp-content\/uploads\/2025\/02\/sarj-cozumleri-bolgem-m-1-182x300.jpg 182w\" sizes=\"(max-width: 510px) 100vw, 510px\" \/>\t\t\t\t\t\t\t\t\t\t\t\t\t\t\t<\/div>\n\t\t\t\t<\/div>\n\t\t\t\t\t<\/div>\n\t\t<\/div>\n\t\t\t\t<div class=\"elementor-column elementor-col-66 elementor-top-column elementor-element elementor-element-61afdfc\" data-id=\"61afdfc\" data-element_type=\"column\" data-e-type=\"column\">\n\t\t\t<div class=\"elementor-widget-wrap elementor-element-populated\">\n\t\t\t\t\t\t<div class=\"elementor-element elementor-element-cfe657a elementor-widget elementor-widget-eergx-faq\" data-id=\"cfe657a\" data-element_type=\"widget\" data-e-type=\"widget\" data-widget_type=\"eergx-faq.default\">\n\t\t\t\t<div class=\"elementor-widget-container\">\n\t\t\t\t\t<div class=\"egx-faq-2-wrap\">\n    <div class=\"content\">\n        <div class=\"accordion\" id=\"accordion142225\">\n                        <div class=\"accordion-item\">\n                <h2 class=\"accordion-header\">\n                <button class=\"accordion-button\" type=\"button\" data-bs-toggle=\"collapse\" data-bs-target=\"#collapse142225-c66e8af\" aria-expanded=\"true\" aria-controls=\"collapse142225-c66e8af\">\n                                            <span class=\"number\"><span>01<\/span><\/span>\n                                        <span class=\"text\">Arac\u0131m\u0131 Nas\u0131l \u015earj Edebilirim?<\/span>\n                    <div class=\"icon\">\n                        <span class=\"up-icon\">\n                            <i class=\"fa-solid fa-angle-up\"><\/i>\n                        <\/span>\n                        <span class=\"down-icon\">\n                            <i class=\"fa-solid fa-angle-down\"><\/i>\n                        <\/span>\n                    <\/div>\n                <\/button>\n                <\/h2>\n                <div id=\"collapse142225-c66e8af\" class=\"accordion-collapse collapse show\" data-bs-parent=\"#accordion142225\">\n                    <div class=\"accordion-body\">\n                        <p class=\"egx-para-1 disc\">B\u00f6lgem\u2019in halka a\u00e7\u0131k istasyonlar\u0131nda arac\u0131n\u0131z\u0131 \u015farj edebilmek i\u00e7in; B\u00d6LGEM mobil uygulamas\u0131n\u0131 ak\u0131ll\u0131 telefonunuza indirmeniz ve \u00fcyelik i\u015flemlerinizi tamamlam\u0131\u015f olman\u0131z gerekmektedir.<\/p>\n                    <\/div>\n                <\/div>\n            <\/div>\n                        <div class=\"accordion-item\">\n                <h2 class=\"accordion-header\">\n                <button class=\"accordion-button collapsed\" type=\"button\" data-bs-toggle=\"collapse\" data-bs-target=\"#collapse142225-90acbba\" aria-expanded=\"false\" aria-controls=\"collapse142225-90acbba\">\n                                            <span class=\"number\"><span>02<\/span><\/span>\n                                        <span class=\"text\">Arac\u0131m\u0131 Nerede \u015earj Edebilirim?<\/span>\n                    <div class=\"icon\">\n                        <span class=\"up-icon\">\n                            <i class=\"fa-solid fa-angle-up\"><\/i>\n                        <\/span>\n                        <span class=\"down-icon\">\n                            <i class=\"fa-solid fa-angle-down\"><\/i>\n                        <\/span>\n                    <\/div>\n                <\/button>\n                <\/h2>\n                <div id=\"collapse142225-90acbba\" class=\"accordion-collapse collapse\" data-bs-parent=\"#accordion142225\">\n                    <div class=\"accordion-body\">\n                        <p class=\"egx-para-1 disc\">Arac\u0131n\u0131z\u0131 B\u00d6LGEM mobil uygulamas\u0131nda \u201charita\u201d men\u00fcs\u00fcnde yer alan halka a\u00e7\u0131k aktif istasyonlar\u0131m\u0131zda \u015farj edebilirsiniz. Web sitemiz de \u201c\u015earj \u0130stasyonlar\u0131\u201d sekmesinden istasyon listesini ve konumunu g\u00f6r\u00fcnt\u00fcleyebilirsiniz.<\/p>\n                    <\/div>\n                <\/div>\n            <\/div>\n                        <div class=\"accordion-item\">\n                <h2 class=\"accordion-header\">\n                <button class=\"accordion-button collapsed\" type=\"button\" data-bs-toggle=\"collapse\" data-bs-target=\"#collapse142225-c2f82ba\" aria-expanded=\"false\" aria-controls=\"collapse142225-c2f82ba\">\n                                            <span class=\"number\"><span>03<\/span><\/span>\n                                        <span class=\"text\">\u015earj \u0130stasyonlar\u0131n\u0131n Uygunluk Durumunu Nereden Kontrol Edebilirim?<\/span>\n                    <div class=\"icon\">\n                        <span class=\"up-icon\">\n                            <i class=\"fa-solid fa-angle-up\"><\/i>\n                        <\/span>\n                        <span class=\"down-icon\">\n                            <i class=\"fa-solid fa-angle-down\"><\/i>\n                        <\/span>\n                    <\/div>\n                <\/button>\n                <\/h2>\n                <div id=\"collapse142225-c2f82ba\" class=\"accordion-collapse collapse\" data-bs-parent=\"#accordion142225\">\n                    <div class=\"accordion-body\">\n                        <p class=\"egx-para-1 disc\">B\u00d6LGEM mobil uygulamas\u0131 \u00fczerinden b\u00fct\u00fcn \u015farj istasyonlar\u0131 g\u00f6r\u00fcnt\u00fcleyerek anl\u0131k durumunu kontrol edebilir, istedi\u011finiz cihaz\u0131 kendiniz i\u00e7in rezerve edebilir, en sevdi\u011finiz istasyonlar\u0131 favorilerinize ekleyebilirsiniz.<\/p>\n                    <\/div>\n                <\/div>\n            <\/div>\n                        <div class=\"accordion-item\">\n                <h2 class=\"accordion-header\">\n                <button class=\"accordion-button collapsed\" type=\"button\" data-bs-toggle=\"collapse\" data-bs-target=\"#collapse142225-02ba72a\" aria-expanded=\"false\" aria-controls=\"collapse142225-02ba72a\">\n                                            <span class=\"number\"><span>04<\/span><\/span>\n                                        <span class=\"text\">\u015earj \u0130\u015flem Esnas\u0131nda \u015earj Kablosu \u00c7\u0131karsa Ne Yapmal\u0131y\u0131m?<\/span>\n                    <div class=\"icon\">\n                        <span class=\"up-icon\">\n                            <i class=\"fa-solid fa-angle-up\"><\/i>\n                        <\/span>\n                        <span class=\"down-icon\">\n                            <i class=\"fa-solid fa-angle-down\"><\/i>\n                        <\/span>\n                    <\/div>\n                <\/button>\n                <\/h2>\n                <div id=\"collapse142225-02ba72a\" class=\"accordion-collapse collapse\" data-bs-parent=\"#accordion142225\">\n                    <div class=\"accordion-body\">\n                        <p class=\"egx-para-1 disc\">\u015earj i\u015flemi sa\u011fl\u0131kl\u0131 bir \u015fekilde ba\u015flat\u0131ld\u0131\u011f\u0131nda \u015farj kablosu kilitlenerek d\u0131\u015f m\u00fcdahalelere kar\u015f\u0131 kapal\u0131 hale gelir. Teknik bir problemle kar\u015f\u0131la\u015ft\u0131\u011f\u0131n\u0131z durumda \u00e7a\u011fr\u0131 merkezimizle ileti\u015fime ge\u00e7erek sorunu bildirebilirsiniz.<\/p>\n                    <\/div>\n                <\/div>\n            <\/div>\n                        <div class=\"accordion-item\">\n                <h2 class=\"accordion-header\">\n                <button class=\"accordion-button collapsed\" type=\"button\" data-bs-toggle=\"collapse\" data-bs-target=\"#collapse142225-8dc7429\" aria-expanded=\"false\" aria-controls=\"collapse142225-8dc7429\">\n                                            <span class=\"number\"><span>05<\/span><\/span>\n                                        <span class=\"text\">\u00dcye olmak i\u00e7in ne yapmal\u0131y\u0131m?<\/span>\n                    <div class=\"icon\">\n                        <span class=\"up-icon\">\n                            <i class=\"fa-solid fa-angle-up\"><\/i>\n                        <\/span>\n                        <span class=\"down-icon\">\n                            <i class=\"fa-solid fa-angle-down\"><\/i>\n                        <\/span>\n                    <\/div>\n                <\/button>\n                <\/h2>\n                <div id=\"collapse142225-8dc7429\" class=\"accordion-collapse collapse\" data-bs-parent=\"#accordion142225\">\n                    <div class=\"accordion-body\">\n                        <p class=\"egx-para-1 disc\">\u00dcye olman\u0131z i\u00e7in herhangi bir \u00f6n ko\u015ful bulunmamaktad\u0131r ve \u00fcyelik esnas\u0131nda kredi kart\u0131n\u0131z\u0131n do\u011frulanmas\u0131 i\u00e7in hesab\u0131n\u0131zdan 1tl \u00e7ekilir ve do\u011frulama ger\u00e7ekle\u015fti\u011finde bu tutar kart\u0131n\u0131za geri iade edilir. B\u00d6LGEM mobil uygulamas\u0131 \u00fczerinden cep telefonu numaran\u0131z ile y\u00f6nlendirmeleri takip ederek \u00fcye olabilirsiniz.<\/p>\n                    <\/div>\n                <\/div>\n            <\/div>\n                        <div class=\"accordion-item\">\n                <h2 class=\"accordion-header\">\n                <button class=\"accordion-button collapsed\" type=\"button\" data-bs-toggle=\"collapse\" data-bs-target=\"#collapse142225-96c6063\" aria-expanded=\"false\" aria-controls=\"collapse142225-96c6063\">\n                                            <span class=\"number\"><span>06<\/span><\/span>\n                                        <span class=\"text\">Fiyat tarifesi nas\u0131l hesaplanmaktad\u0131r?<\/span>\n                    <div class=\"icon\">\n                        <span class=\"up-icon\">\n                            <i class=\"fa-solid fa-angle-up\"><\/i>\n                        <\/span>\n                        <span class=\"down-icon\">\n                            <i class=\"fa-solid fa-angle-down\"><\/i>\n                        <\/span>\n                    <\/div>\n                <\/button>\n                <\/h2>\n                <div id=\"collapse142225-96c6063\" class=\"accordion-collapse collapse\" data-bs-parent=\"#accordion142225\">\n                    <div class=\"accordion-body\">\n                        <p class=\"egx-para-1 disc\">T\u00fcketim miktar\u0131n\u0131za g\u00f6re (kWh) \u015farj i\u015flemi t\u00fcketiminin soket tarifesi ile \u00e7arp\u0131lmas\u0131yla hesaplan\u0131r. Fiyat tarifemiz ile ilgili detayl\u0131 ve g\u00fcncel bilgiye web sitemizdeki men\u00fc panelinde bulunan \u201cfiyatlar\u201d sayfam\u0131zdan ve B\u00d6LGEM uygulamam\u0131z \u00fczerinden \u201c\u015farj \u00fccret tarifesi\u201d sayfas\u0131ndan eri\u015febilirsini<\/p>\n                    <\/div>\n                <\/div>\n            <\/div>\n                        <div class=\"accordion-item\">\n                <h2 class=\"accordion-header\">\n                <button class=\"accordion-button collapsed\" type=\"button\" data-bs-toggle=\"collapse\" data-bs-target=\"#collapse142225-40b500b\" aria-expanded=\"false\" aria-controls=\"collapse142225-40b500b\">\n                                            <span class=\"number\"><span>07<\/span><\/span>\n                                        <span class=\"text\">\u015earj i\u015flemi i\u00e7in \u00f6demeyi nas\u0131l ve nereden yapaca\u011f\u0131m?<\/span>\n                    <div class=\"icon\">\n                        <span class=\"up-icon\">\n                            <i class=\"fa-solid fa-angle-up\"><\/i>\n                        <\/span>\n                        <span class=\"down-icon\">\n                            <i class=\"fa-solid fa-angle-down\"><\/i>\n                        <\/span>\n                    <\/div>\n                <\/button>\n                <\/h2>\n                <div id=\"collapse142225-40b500b\" class=\"accordion-collapse collapse\" data-bs-parent=\"#accordion142225\">\n                    <div class=\"accordion-body\">\n                        <p class=\"egx-para-1 disc\">\u00d6demenizi uygulama \u00fczerinden kredi kart\u0131 bilgilerinizi ekleyerek kolayl\u0131kla ger\u00e7ekle\u015ftirebilirsiniz. Kart tan\u0131mlama i\u015fleminde do\u011frulama i\u00e7in hesab\u0131n\u0131zdan 1\u20ba \u00e7ekilir ve en k\u0131sa zamanda hesab\u0131n\u0131za iade edilir.\n\n\u015earj i\u015flemi bittikten sonra \u00fccretlendirmeniz, mobil uygulamada bulunan fiyatland\u0131rma sekmesinde belirtildi\u011fi \u015fekilde hesaplan\u0131p kart\u0131n\u0131zdan tahsis edilecektir.\n\nKart bilgileriniz g\u00fcvenli \u00f6deme sistemleri ile g\u00fcvence alt\u0131nda olup ba\u015fka bir kurum ya da kurulu\u015fla payla\u015f\u0131lmamaktad\u0131r.<\/p>\n                    <\/div>\n                <\/div>\n            <\/div>\n                        <div class=\"accordion-item\">\n                <h2 class=\"accordion-header\">\n                <button class=\"accordion-button collapsed\" type=\"button\" data-bs-toggle=\"collapse\" data-bs-target=\"#collapse142225-c2208c5\" aria-expanded=\"false\" aria-controls=\"collapse142225-c2208c5\">\n                                            <span class=\"number\"><span>08<\/span><\/span>\n                                        <span class=\"text\">\u00dcyeli\u011fimi sonland\u0131rmak i\u00e7in ne yapmal\u0131y\u0131m?<\/span>\n                    <div class=\"icon\">\n                        <span class=\"up-icon\">\n                            <i class=\"fa-solid fa-angle-up\"><\/i>\n                        <\/span>\n                        <span class=\"down-icon\">\n                            <i class=\"fa-solid fa-angle-down\"><\/i>\n                        <\/span>\n                    <\/div>\n                <\/button>\n                <\/h2>\n                <div id=\"collapse142225-c2208c5\" class=\"accordion-collapse collapse\" data-bs-parent=\"#accordion142225\">\n                    <div class=\"accordion-body\">\n                        <p class=\"egx-para-1 disc\">\u00dcyeli\u011finizi sonland\u0131rmak i\u00e7in web sayfam\u0131zda ve mobil uygulamam\u0131zda yer alan ileti\u015fim imkanlar\u0131n\u0131 kullanarak B\u00f6lgem\u2019i haberdar etmeniz gerekmektedir.<\/p>\n                    <\/div>\n                <\/div>\n            <\/div>\n                        <div class=\"accordion-item\">\n                <h2 class=\"accordion-header\">\n                <button class=\"accordion-button collapsed\" type=\"button\" data-bs-toggle=\"collapse\" data-bs-target=\"#collapse142225-3abbc8a\" aria-expanded=\"false\" aria-controls=\"collapse142225-3abbc8a\">\n                                            <span class=\"number\"><span>09<\/span><\/span>\n                                        <span class=\"text\">Sadakat s\u00f6zle\u015fmesi nedir?<\/span>\n                    <div class=\"icon\">\n                        <span class=\"up-icon\">\n                            <i class=\"fa-solid fa-angle-up\"><\/i>\n                        <\/span>\n                        <span class=\"down-icon\">\n                            <i class=\"fa-solid fa-angle-down\"><\/i>\n                        <\/span>\n                    <\/div>\n                <\/button>\n                <\/h2>\n                <div id=\"collapse142225-3abbc8a\" class=\"accordion-collapse collapse\" data-bs-parent=\"#accordion142225\">\n                    <div class=\"accordion-body\">\n                        <p class=\"egx-para-1 disc\">S\u00f6zle\u015fme kapsam\u0131nda sadakat m\u00fc\u015fterilerimize, \u00f6zel tarife \u00fczerinde fiyatland\u0131rma yap\u0131lmaktad\u0131r. Daha fazla bilgi almak i\u00e7in ekibimizle ileti\u015fime ge\u00e7ebilirsiniz.<\/p>\n                    <\/div>\n                <\/div>\n            <\/div>\n                        <div class=\"accordion-item\">\n                <h2 class=\"accordion-header\">\n                <button class=\"accordion-button collapsed\" type=\"button\" data-bs-toggle=\"collapse\" data-bs-target=\"#collapse142225-6bbe652\" aria-expanded=\"false\" aria-controls=\"collapse142225-6bbe652\">\n                                            <span class=\"number\"><span>10<\/span><\/span>\n                                        <span class=\"text\">Sadakat m\u00fc\u015fterisi olmak istiyorum, ne yapmal\u0131y\u0131m?<\/span>\n                    <div class=\"icon\">\n                        <span class=\"up-icon\">\n                            <i class=\"fa-solid fa-angle-up\"><\/i>\n                        <\/span>\n                        <span class=\"down-icon\">\n                            <i class=\"fa-solid fa-angle-down\"><\/i>\n                        <\/span>\n                    <\/div>\n                <\/button>\n                <\/h2>\n                <div id=\"collapse142225-6bbe652\" class=\"accordion-collapse collapse\" data-bs-parent=\"#accordion142225\">\n                    <div class=\"accordion-body\">\n                        <p class=\"egx-para-1 disc\">Sadakat m\u00fc\u015fterisi olmak i\u00e7in ekibimizle ileti\u015fime ge\u00e7erek ba\u015fvuru yapman\u0131z gerekmektedir.<\/p>\n                    <\/div>\n                <\/div>\n            <\/div>\n                    <\/div>\n    <\/div>\n<\/div>\n\t\t\t\t<\/div>\n\t\t\t\t<\/div>\n\t\t\t\t\t<\/div>\n\t\t<\/div>\n\t\t\t\t\t<\/div>\n\t\t<\/section>\n\t\t\t\t<\/div>","protected":false},"excerpt":{"rendered":"<p>B\u00f6lgem Mobilite Soru&#038;Cevap 01 Arac\u0131m\u0131 Nas\u0131l \u015earj Edebilirim? B\u00f6lgem\u2019in halka a\u00e7\u0131k istasyonlar\u0131nda arac\u0131n\u0131z\u0131 \u015farj edebilmek i\u00e7in; B\u00d6LGEM mobil uygulamas\u0131n\u0131 ak\u0131ll\u0131 telefonunuza indirmeniz ve \u00fcyelik i\u015flemlerinizi tamamlam\u0131\u015f olman\u0131z gerekmektedir. 02 Arac\u0131m\u0131 Nerede \u015earj Edebilirim? Arac\u0131n\u0131z\u0131 B\u00d6LGEM mobil uygulamas\u0131nda \u201charita\u201d men\u00fcs\u00fcnde yer alan halka a\u00e7\u0131k aktif istasyonlar\u0131m\u0131zda \u015farj edebilirsiniz. Web sitemiz de \u201c\u015earj \u0130stasyonlar\u0131\u201d sekmesinden istasyon listesini [&hellip;]<\/p>\n","protected":false},"author":1,"featured_media":0,"parent":0,"menu_order":0,"comment_status":"closed","ping_status":"closed","template":"elementor_header_footer","meta":{"footnotes":""},"class_list":["post-2495","page","type-page","status-publish","hentry"],"_links":{"self":[{"href":"https:\/\/www.bolgem.com.tr\/en\/wp-json\/wp\/v2\/pages\/2495","targetHints":{"allow":["GET"]}}],"collection":[{"href":"https:\/\/www.bolgem.com.tr\/en\/wp-json\/wp\/v2\/pages"}],"about":[{"href":"https:\/\/www.bolgem.com.tr\/en\/wp-json\/wp\/v2\/types\/page"}],"author":[{"embeddable":true,"href":"https:\/\/www.bolgem.com.tr\/en\/wp-json\/wp\/v2\/users\/1"}],"replies":[{"embeddable":true,"href":"https:\/\/www.bolgem.com.tr\/en\/wp-json\/wp\/v2\/comments?post=2495"}],"version-history":[{"count":26,"href":"https:\/\/www.bolgem.com.tr\/en\/wp-json\/wp\/v2\/pages\/2495\/revisions"}],"predecessor-version":[{"id":4197,"href":"https:\/\/www.bolgem.com.tr\/en\/wp-json\/wp\/v2\/pages\/2495\/revisions\/4197"}],"wp:attachment":[{"href":"https:\/\/www.bolgem.com.tr\/en\/wp-json\/wp\/v2\/media?parent=2495"}],"curies":[{"name":"wp","href":"https:\/\/api.w.org\/{rel}","templated":true}]}}