{"id":20,"date":"2024-10-05T05:54:46","date_gmt":"2024-10-05T05:54:46","guid":{"rendered":"https:\/\/themexriver.com\/wp\/eergx\/?page_id=20"},"modified":"2026-01-20T11:22:29","modified_gmt":"2026-01-20T08:22:29","slug":"is-ortakligi","status":"publish","type":"page","link":"https:\/\/www.bolgem.com.tr\/en\/is-ortakligi\/","title":{"rendered":"\u0130\u015f Ortakl\u0131\u011f\u0131"},"content":{"rendered":"<div data-elementor-type=\"wp-page\" data-elementor-id=\"20\" class=\"elementor elementor-20\">\n\t\t\t\t\t\t<section class=\"elementor-section elementor-top-section elementor-element elementor-element-bd6d25a elementor-section-boxed elementor-section-height-default elementor-section-height-default\" data-id=\"bd6d25a\" data-element_type=\"section\" data-e-type=\"section\">\n\t\t\t\t\t\t<div class=\"elementor-container elementor-column-gap-default\">\n\t\t\t\t\t<div class=\"elementor-column elementor-col-50 elementor-top-column elementor-element elementor-element-d929f40\" data-id=\"d929f40\" data-element_type=\"column\" data-e-type=\"column\">\n\t\t\t<div class=\"elementor-widget-wrap elementor-element-populated\">\n\t\t\t\t\t\t<div class=\"elementor-element elementor-element-bf1860f elementor-widget elementor-widget-go-s-heading\" data-id=\"bf1860f\" data-element_type=\"widget\" data-e-type=\"widget\" data-widget_type=\"go-s-heading.default\">\n\t\t\t\t<div class=\"elementor-widget-container\">\n\t\t\t\t\t<div class=\"prthalign\">\n            <h5 class=\"egx-subtitle-1\">\n                        <span class=\"gradient\">b\u00f6lgem mobilite<\/span>\n        <\/h5>\n        <h1 class=\"elementor-gt-heading egx-section-title-1 egx-split-text split-in-right\">Formu Doldurarak Bizimle Temas Kurabilirsiniz<\/h1>    <\/div>\n\t\t\t\t<\/div>\n\t\t\t\t<\/div>\n\t\t\t\t<div class=\"elementor-element elementor-element-2af0dd9 elementor-widget elementor-widget-shortcode\" data-id=\"2af0dd9\" data-element_type=\"widget\" data-e-type=\"widget\" data-widget_type=\"shortcode.default\">\n\t\t\t\t<div class=\"elementor-widget-container\">\n\t\t\t\t\t\t\t<div class=\"elementor-shortcode\">\n<div class=\"wpcf7 no-js\" id=\"wpcf7-f4276-o1\" lang=\"en-US\" dir=\"ltr\" data-wpcf7-id=\"4276\">\n<div class=\"screen-reader-response\"><p role=\"status\" aria-live=\"polite\" aria-atomic=\"true\"><\/p> <ul><\/ul><\/div>\n<form action=\"\/en\/wp-json\/wp\/v2\/pages\/20#wpcf7-f4276-o1\" method=\"post\" class=\"wpcf7-form init\" aria-label=\"Contact form\" novalidate=\"novalidate\" data-status=\"init\" data-trp-original-action=\"\/en\/wp-json\/wp\/v2\/pages\/20#wpcf7-f4276-o1\">\n<fieldset class=\"hidden-fields-container\"><input type=\"hidden\" name=\"_wpcf7\" value=\"4276\" \/><input type=\"hidden\" name=\"_wpcf7_version\" value=\"6.1.5\" \/><input type=\"hidden\" name=\"_wpcf7_locale\" value=\"en_US\" \/><input type=\"hidden\" name=\"_wpcf7_unit_tag\" value=\"wpcf7-f4276-o1\" \/><input type=\"hidden\" name=\"_wpcf7_container_post\" value=\"0\" \/><input type=\"hidden\" name=\"_wpcf7_posted_data_hash\" value=\"\" \/>\n<\/fieldset>\n<div class=\"egx-contact-5-content\">\n\n\n\n\n\n    <div class=\"item\">\n        <label class=\"label\" for=\"full_name\">Ad Soyad<\/label>\n        <input size=\"40\" maxlength=\"400\" class=\"wpcf7-form-control wpcf7-text wpcf7-validates-as-required\" aria-required=\"true\" aria-invalid=\"false\" placeholder=\"Ad\u0131n\u0131z\" value=\"\" type=\"text\" name=\"text-29\" \/>\n    <\/div>\n    <div class=\"item\">\n        <label for=\"phone\">Telefon:<\/label>\n        <input size=\"40\" maxlength=\"400\" class=\"wpcf7-form-control wpcf7-text wpcf7-validates-as-required\" aria-required=\"true\" aria-invalid=\"false\" placeholder=\"+90\" value=\"\" type=\"text\" name=\"phone-29\" \/>\n    <\/div>\n    <div class=\"item\">\n        <label for=\"email\">E-mail Adresiniz<\/label>\n        <input size=\"40\" maxlength=\"400\" class=\"wpcf7-form-control wpcf7-email wpcf7-validates-as-required wpcf7-text wpcf7-validates-as-email\" aria-required=\"true\" aria-invalid=\"false\" placeholder=\"E-Mail\" value=\"\" type=\"email\" name=\"email-430\" \/>\n    <\/div>\n    <div class=\"item\">\n        <label for=\"message\">Mesaj<\/label>\n        <textarea cols=\"40\" rows=\"10\" maxlength=\"2000\" class=\"wpcf7-form-control wpcf7-textarea wpcf7-validates-as-required\" aria-required=\"true\" aria-invalid=\"false\" placeholder=\"Mesaj\u0131n\u0131z\u0131 Yaz\u0131n\u0131z...\" name=\"textarea-275\"><\/textarea>\n    <\/div>\n    <button href=\"#\" class=\"egx-btn-3 btn\" type=\"submit\">\n        <span class=\"btn-text\">G\u00f6nder<\/span>\n        <span class=\"btn-icon\">\n            <svg class=\"icon\" width=\"32\" height=\"32\" viewbox=\"0 0 32 32\" xmlns=\"http:\/\/www.w3.org\/2000\/svg\">\n                <rect x=\"1\" y=\"1\" width=\"30\" height=\"30\" rx=\"15\" stroke=\"white\" stroke-width=\"2\"><\/rect>\n                <path d=\"M11.8333 21C11.5833 21 11.4167 20.9167 11.25 20.75C10.9167 20.4167 10.9167 19.9167 11.25 19.5833L19.5833 11.25C19.9167 10.9167 20.4167 10.9167 20.75 11.25C21.0833 11.5833 21.0833 12.0833 20.75 12.4167L12.4167 20.75C12.25 20.9167 12.0833 21 11.8333 21Z\"><\/path>\n                <path d=\"M20.1663 20.1667C19.6663 20.1667 19.333 19.8333 19.333 19.3333V12.6667H12.6663C12.1663 12.6667 11.833 12.3333 11.833 11.8333C11.833 11.3333 12.1663 11 12.6663 11H20.1663C20.6663 11 20.9997 11.3333 20.9997 11.8333V19.3333C20.9997 19.8333 20.6663 20.1667 20.1663 20.1667Z\"><\/path>\n            <\/svg>\n        <\/span>\n    <\/button>\n<\/div><div class=\"wpcf7-response-output\" aria-hidden=\"true\"><\/div>\n<input type=\"hidden\" name=\"trp-form-language\" value=\"en\"\/><\/form>\n<\/div>\n<\/div>\n\t\t\t\t\t\t<\/div>\n\t\t\t\t<\/div>\n\t\t\t\t\t<\/div>\n\t\t<\/div>\n\t\t\t\t<div class=\"elementor-column elementor-col-50 elementor-top-column elementor-element elementor-element-eade31e\" data-id=\"eade31e\" data-element_type=\"column\" data-e-type=\"column\">\n\t\t\t<div class=\"elementor-widget-wrap elementor-element-populated\">\n\t\t\t\t\t\t<div class=\"elementor-element elementor-element-e28a9b5 elementor-widget elementor-widget-go-s-heading\" data-id=\"e28a9b5\" data-element_type=\"widget\" data-e-type=\"widget\" data-widget_type=\"go-s-heading.default\">\n\t\t\t\t<div class=\"elementor-widget-container\">\n\t\t\t\t\t<div class=\"prthalign\">\n            <h5 class=\"egx-subtitle-1\">\n                            <img decoding=\"async\" src=\"https:\/\/themexriver.com\/wp\/eergx\/wp-content\/uploads\/2024\/10\/h1-sub-title.svg\" alt=\"\">\n                        <span class=\"gradient\">\u0130\u015f Ortakl\u0131\u011f\u0131 &amp; Yat\u0131r\u0131mc\u0131 \u0130li\u015fkileri<\/span>\n        <\/h5>\n        <h1 class=\"elementor-gt-heading egx-section-title-1 egx-split-text split-in-right\">Gelece\u011fin Mobilitesine Birlikte Yat\u0131r\u0131m Yapal\u0131m<\/h1>            <div class=\"egx-para-1 disc elementor-gt-desc\"><p>Elektrikli ara\u00e7 ekosistemi h\u0131zla b\u00fcy\u00fcrken, <strong>\u015farj altyap\u0131s\u0131 yat\u0131r\u0131mlar\u0131<\/strong> s\u00fcrd\u00fcr\u00fclebilir ve uzun vadeli kazan\u00e7 f\u0131rsatlar\u0131 sunuyor.<br \/>B\u00f6lgem Mobility olarak, yat\u0131r\u0131mc\u0131lar\u0131m\u0131zla <strong>\u015feffaf, k\u00e2rl\u0131 ve \u00f6l\u00e7eklenebilir<\/strong> i\u015f ortakl\u0131klar\u0131 kurmay\u0131 hedefliyoruz.<\/p><h4>Neden B\u00f6lgem Mobility ile Yat\u0131r\u0131m?<\/h4><ul><li><p>\ud83d\udcc8 <strong>H\u0131zla B\u00fcy\u00fcyen Pazar<\/strong><br \/>Elektrikli ara\u00e7 say\u0131s\u0131ndaki art\u0131\u015f, \u015farj istasyonlar\u0131na olan ihtiyac\u0131 her ge\u00e7en g\u00fcn art\u0131r\u0131yor.<\/p><\/li><li><p>\ud83d\udd0c <strong>Anahtar Teslim \u00c7\u00f6z\u00fcmler<\/strong><br \/>Lokasyon analizi, kurulum, i\u015fletme ve teknik destek dahil u\u00e7tan uca hizmet.<\/p><\/li><li><p>\ud83e\udd1d <strong>\u015eeffaf \u0130\u015f Modeli<\/strong><br \/>Net gelir payla\u015f\u0131m\u0131, d\u00fczenli raporlama ve s\u00fcrd\u00fcr\u00fclebilir i\u015f ortakl\u0131\u011f\u0131 yap\u0131s\u0131.<\/p><\/li><li><p>\ud83c\udf31 <strong>S\u00fcrd\u00fcr\u00fclebilir Gelecek<\/strong><br \/>Ye\u015fil enerji ve karbon ayak izini azaltmaya y\u00f6nelik yat\u0131r\u0131mlar.<\/p><\/li><\/ul><\/div>\n    <\/div>\n\t\t\t\t<\/div>\n\t\t\t\t<\/div>\n\t\t\t\t\t<\/div>\n\t\t<\/div>\n\t\t\t\t\t<\/div>\n\t\t<\/section>\n\t\t\t\t<section class=\"elementor-section elementor-top-section elementor-element elementor-element-3375781 elementor-section-boxed elementor-section-height-default elementor-section-height-default\" data-id=\"3375781\" data-element_type=\"section\" data-e-type=\"section\">\n\t\t\t\t\t\t<div class=\"elementor-container elementor-column-gap-default\">\n\t\t\t\t\t<div class=\"elementor-column elementor-col-100 elementor-top-column elementor-element elementor-element-946aa60\" data-id=\"946aa60\" data-element_type=\"column\" data-e-type=\"column\">\n\t\t\t<div class=\"elementor-widget-wrap elementor-element-populated\">\n\t\t\t\t\t\t<section class=\"elementor-section elementor-inner-section elementor-element elementor-element-b6546cb elementor-section-full_width elementor-section-height-default elementor-section-height-default\" data-id=\"b6546cb\" data-element_type=\"section\" data-e-type=\"section\">\n\t\t\t\t\t\t<div class=\"elementor-container elementor-column-gap-default\">\n\t\t\t\t\t<div class=\"elementor-column elementor-col-50 elementor-inner-column elementor-element elementor-element-9f356a4\" data-id=\"9f356a4\" data-element_type=\"column\" data-e-type=\"column\">\n\t\t\t<div class=\"elementor-widget-wrap elementor-element-populated\">\n\t\t\t\t\t\t<div class=\"elementor-element elementor-element-7d540ea elementor-widget elementor-widget-go-ct-info-tw\" data-id=\"7d540ea\" data-element_type=\"widget\" data-e-type=\"widget\" data-widget_type=\"go-ct-info-tw.default\">\n\t\t\t\t<div class=\"elementor-widget-container\">\n\t\t\t\t\t<div class=\"egx-client-2-action\">    \n    <div class=\"action-item\">\n        <span class=\"icon\">\n            <i aria-hidden=\"true\" class=\"fas fa-phone-volume\"><\/i>        <\/span>\n                    <span class=\"title\">\u0130leti\u015fim:<\/span>\n                <a href=\"tel:(208) 555-0112 89\" class=\"link\">444 3 046<\/a>\n    <\/div>\n<\/div>\t\t\t\t<\/div>\n\t\t\t\t<\/div>\n\t\t\t\t\t<\/div>\n\t\t<\/div>\n\t\t\t\t<div class=\"elementor-column elementor-col-50 elementor-inner-column elementor-element elementor-element-a2355e8\" data-id=\"a2355e8\" data-element_type=\"column\" data-e-type=\"column\">\n\t\t\t<div class=\"elementor-widget-wrap elementor-element-populated\">\n\t\t\t\t\t\t<div class=\"elementor-element elementor-element-3403efd elementor-widget elementor-widget-go-ct-info-tw\" data-id=\"3403efd\" data-element_type=\"widget\" data-e-type=\"widget\" data-widget_type=\"go-ct-info-tw.default\">\n\t\t\t\t<div class=\"elementor-widget-container\">\n\t\t\t\t\t<div class=\"egx-client-2-action\">    \n    <div class=\"action-item\">\n        <span class=\"icon\">\n            <i aria-hidden=\"true\" class=\"fas fa-mail-bulk\"><\/i>        <\/span>\n                    <span class=\"title\">E-Posta:<\/span>\n                <a href=\"mailto:mobilite@bolgem.com.tr\" class=\"link\">mobilite@bolgem.com.tr<\/a>\n    <\/div>\n<\/div>\t\t\t\t<\/div>\n\t\t\t\t<\/div>\n\t\t\t\t\t<\/div>\n\t\t<\/div>\n\t\t\t\t\t<\/div>\n\t\t<\/section>\n\t\t\t\t\t<\/div>\n\t\t<\/div>\n\t\t\t\t\t<\/div>\n\t\t<\/section>\n\t\t<div class=\"elementor-element elementor-element-7932254 elementor-hidden-desktop elementor-hidden-tablet elementor-hidden-mobile e-flex e-con-boxed e-con e-parent\" data-id=\"7932254\" data-element_type=\"container\" data-e-type=\"container\">\n\t\t\t\t\t<div class=\"e-con-inner\">\n\t\t<div class=\"elementor-element elementor-element-58934a2 e-con-full e-flex e-con e-child\" data-id=\"58934a2\" data-element_type=\"container\" data-e-type=\"container\">\n\t\t\t\t<div class=\"elementor-element elementor-element-7bdc84b elementor-view-default elementor-position-block-start elementor-mobile-position-block-start elementor-widget elementor-widget-icon-box\" data-id=\"7bdc84b\" data-element_type=\"widget\" data-e-type=\"widget\" data-widget_type=\"icon-box.default\">\n\t\t\t\t<div class=\"elementor-widget-container\">\n\t\t\t\t\t\t\t<div class=\"elementor-icon-box-wrapper\">\n\n\t\t\t\t\t\t<div class=\"elementor-icon-box-icon\">\n\t\t\t\t<span  class=\"elementor-icon\">\n\t\t\t\t<i aria-hidden=\"true\" class=\"fas fa-home\"><\/i>\t\t\t\t<\/span>\n\t\t\t<\/div>\n\t\t\t\n\t\t\t\t\t\t<div class=\"elementor-icon-box-content\">\n\n\t\t\t\t\t\t\t\t\t<h3 class=\"elementor-icon-box-title\">\n\t\t\t\t\t\t<span  >\n\t\t\t\t\t\t\t\u015eirket Merkezi\u200b\u200b\t\t\t\t\t\t<\/span>\n\t\t\t\t\t<\/h3>\n\t\t\t\t\n\t\t\t\t\t\t\t\t\t<p class=\"elementor-icon-box-description\">\n\t\t\t\t\t\tKaradenizliler Mah. T\u00fcrkmen Sokak No: 26\/2 Ba\u015fiskele\/KOCAEL\u0130\t\t\t\t\t<\/p>\n\t\t\t\t\n\t\t\t<\/div>\n\t\t\t\n\t\t<\/div>\n\t\t\t\t\t\t<\/div>\n\t\t\t\t<\/div>\n\t\t\t\t<\/div>\n\t\t<div class=\"elementor-element elementor-element-52fc6ae e-con-full e-flex e-con e-child\" data-id=\"52fc6ae\" data-element_type=\"container\" data-e-type=\"container\">\n\t\t\t\t<div class=\"elementor-element elementor-element-eb928d8 elementor-view-default elementor-position-block-start elementor-mobile-position-block-start elementor-widget elementor-widget-icon-box\" data-id=\"eb928d8\" data-element_type=\"widget\" data-e-type=\"widget\" data-widget_type=\"icon-box.default\">\n\t\t\t\t<div class=\"elementor-widget-container\">\n\t\t\t\t\t\t\t<div class=\"elementor-icon-box-wrapper\">\n\n\t\t\t\t\t\t<div class=\"elementor-icon-box-icon\">\n\t\t\t\t<span  class=\"elementor-icon\">\n\t\t\t\t<i aria-hidden=\"true\" class=\"fas fa-phone-alt\"><\/i>\t\t\t\t<\/span>\n\t\t\t<\/div>\n\t\t\t\n\t\t\t\t\t\t<div class=\"elementor-icon-box-content\">\n\n\t\t\t\t\t\t\t\t\t<h3 class=\"elementor-icon-box-title\">\n\t\t\t\t\t\t<span  >\n\t\t\t\t\t\t\tTelefon\t\t\t\t\t\t<\/span>\n\t\t\t\t\t<\/h3>\n\t\t\t\t\n\t\t\t\t\t\t\t\t\t<p class=\"elementor-icon-box-description\">\n\t\t\t\t\t\t444 3 046<br>\n0539 855 98 54\t\t\t\t\t<\/p>\n\t\t\t\t\n\t\t\t<\/div>\n\t\t\t\n\t\t<\/div>\n\t\t\t\t\t\t<\/div>\n\t\t\t\t<\/div>\n\t\t\t\t<\/div>\n\t\t<div class=\"elementor-element elementor-element-ae73922 e-con-full e-flex e-con e-child\" data-id=\"ae73922\" data-element_type=\"container\" data-e-type=\"container\">\n\t\t\t\t<div class=\"elementor-element elementor-element-9d6d8db elementor-view-default elementor-position-block-start elementor-mobile-position-block-start elementor-widget elementor-widget-icon-box\" data-id=\"9d6d8db\" data-element_type=\"widget\" data-e-type=\"widget\" data-widget_type=\"icon-box.default\">\n\t\t\t\t<div class=\"elementor-widget-container\">\n\t\t\t\t\t\t\t<div class=\"elementor-icon-box-wrapper\">\n\n\t\t\t\t\t\t<div class=\"elementor-icon-box-icon\">\n\t\t\t\t<span  class=\"elementor-icon\">\n\t\t\t\t<i aria-hidden=\"true\" class=\"fas fa-mail-bulk\"><\/i>\t\t\t\t<\/span>\n\t\t\t<\/div>\n\t\t\t\n\t\t\t\t\t\t<div class=\"elementor-icon-box-content\">\n\n\t\t\t\t\t\t\t\t\t<h3 class=\"elementor-icon-box-title\">\n\t\t\t\t\t\t<span  >\n\t\t\t\t\t\t\tE-Mail\t\t\t\t\t\t<\/span>\n\t\t\t\t\t<\/h3>\n\t\t\t\t\n\t\t\t\t\t\t\t\t\t<p class=\"elementor-icon-box-description\">\n\t\t\t\t\t\tmobilite@bolgem.com.tr\t\t\t\t\t<\/p>\n\t\t\t\t\n\t\t\t<\/div>\n\t\t\t\n\t\t<\/div>\n\t\t\t\t\t\t<\/div>\n\t\t\t\t<\/div>\n\t\t\t\t<\/div>\n\t\t\t\t\t<\/div>\n\t\t\t\t<\/div>\n\t\t\t\t<\/div>","protected":false},"excerpt":{"rendered":"<p>b\u00f6lgem mobilite Formu Doldurarak Bizimle Temas Kurabilirsiniz \u0130\u015f Ortakl\u0131\u011f\u0131 &amp; Yat\u0131r\u0131mc\u0131 \u0130li\u015fkileri Gelece\u011fin Mobilitesine Birlikte Yat\u0131r\u0131m Yapal\u0131m Elektrikli ara\u00e7 ekosistemi h\u0131zla b\u00fcy\u00fcrken, \u015farj altyap\u0131s\u0131 yat\u0131r\u0131mlar\u0131 s\u00fcrd\u00fcr\u00fclebilir ve uzun vadeli kazan\u00e7 f\u0131rsatlar\u0131 sunuyor.B\u00f6lgem Mobility olarak, yat\u0131r\u0131mc\u0131lar\u0131m\u0131zla \u015feffaf, k\u00e2rl\u0131 ve \u00f6l\u00e7eklenebilir i\u015f ortakl\u0131klar\u0131 kurmay\u0131 hedefliyoruz. Neden B\u00f6lgem Mobility ile Yat\u0131r\u0131m? \ud83d\udcc8 H\u0131zla B\u00fcy\u00fcyen PazarElektrikli ara\u00e7 say\u0131s\u0131ndaki art\u0131\u015f, [&hellip;]<\/p>\n","protected":false},"author":1,"featured_media":0,"parent":0,"menu_order":0,"comment_status":"closed","ping_status":"closed","template":"elementor_header_footer","meta":{"footnotes":""},"class_list":["post-20","page","type-page","status-publish","hentry"],"_links":{"self":[{"href":"https:\/\/www.bolgem.com.tr\/en\/wp-json\/wp\/v2\/pages\/20","targetHints":{"allow":["GET"]}}],"collection":[{"href":"https:\/\/www.bolgem.com.tr\/en\/wp-json\/wp\/v2\/pages"}],"about":[{"href":"https:\/\/www.bolgem.com.tr\/en\/wp-json\/wp\/v2\/types\/page"}],"author":[{"embeddable":true,"href":"https:\/\/www.bolgem.com.tr\/en\/wp-json\/wp\/v2\/users\/1"}],"replies":[{"embeddable":true,"href":"https:\/\/www.bolgem.com.tr\/en\/wp-json\/wp\/v2\/comments?post=20"}],"version-history":[{"count":88,"href":"https:\/\/www.bolgem.com.tr\/en\/wp-json\/wp\/v2\/pages\/20\/revisions"}],"predecessor-version":[{"id":4279,"href":"https:\/\/www.bolgem.com.tr\/en\/wp-json\/wp\/v2\/pages\/20\/revisions\/4279"}],"wp:attachment":[{"href":"https:\/\/www.bolgem.com.tr\/en\/wp-json\/wp\/v2\/media?parent=20"}],"curies":[{"name":"wp","href":"https:\/\/api.w.org\/{rel}","templated":true}]}}