{"id":3208,"date":"2025-02-20T16:14:42","date_gmt":"2025-02-20T13:14:42","guid":{"rendered":"https:\/\/www.bolgem.com.tr\/?page_id=3208"},"modified":"2025-02-24T09:33:47","modified_gmt":"2025-02-24T06:33:47","slug":"bireysel-kullanim","status":"publish","type":"page","link":"http:\/\/www.bolgem.com.tr\/en\/bireysel-kullanim\/","title":{"rendered":"Bireysel Kullan\u0131m"},"content":{"rendered":"<div data-elementor-type=\"wp-page\" data-elementor-id=\"3208\" class=\"elementor elementor-3208\">\n\t\t\t\t\t\t<section class=\"elementor-section elementor-top-section elementor-element elementor-element-3c65ca5 elementor-section-content-top elementor-section-boxed elementor-section-height-default elementor-section-height-default\" data-id=\"3c65ca5\" data-element_type=\"section\" data-e-type=\"section\">\n\t\t\t\t\t\t<div class=\"elementor-container elementor-column-gap-default\">\n\t\t\t\t\t<div class=\"elementor-column elementor-col-50 elementor-top-column elementor-element elementor-element-9a200f8\" data-id=\"9a200f8\" data-element_type=\"column\" data-e-type=\"column\">\n\t\t\t<div class=\"elementor-widget-wrap elementor-element-populated\">\n\t\t\t\t\t\t<div class=\"elementor-element elementor-element-f95a66d elementor-widget elementor-widget-go-s-img-four\" data-id=\"f95a66d\" data-element_type=\"widget\" data-e-type=\"widget\" data-widget_type=\"go-s-img-four.default\">\n\t\t\t\t<div class=\"elementor-widget-container\">\n\t\t\t\t\t<div class=\"egx-about-5-wrap\">\n    <div class=\"about-left\">\n                    <div class=\"main-img img-cover image-pllx\">\n                <img decoding=\"async\" src=\"http:\/\/www.bolgem.com.tr\/wp-content\/uploads\/2025\/02\/bolgem-kurumsal.jpg\" alt=\"\">\n            <\/div>\n            <\/div>\n<\/div>\t\t\t\t<\/div>\n\t\t\t\t<\/div>\n\t\t\t\t\t<\/div>\n\t\t<\/div>\n\t\t\t\t<div class=\"elementor-column elementor-col-50 elementor-top-column elementor-element elementor-element-76c1942\" data-id=\"76c1942\" data-element_type=\"column\" data-e-type=\"column\">\n\t\t\t<div class=\"elementor-widget-wrap elementor-element-populated\">\n\t\t\t\t\t\t<div class=\"elementor-element elementor-element-b20e16f elementor-widget-divider--view-line elementor-widget elementor-widget-divider\" data-id=\"b20e16f\" data-element_type=\"widget\" data-e-type=\"widget\" data-widget_type=\"divider.default\">\n\t\t\t\t<div class=\"elementor-widget-container\">\n\t\t\t\t\t\t\t<div class=\"elementor-divider\">\n\t\t\t<span class=\"elementor-divider-separator\">\n\t\t\t\t\t\t<\/span>\n\t\t<\/div>\n\t\t\t\t\t\t<\/div>\n\t\t\t\t<\/div>\n\t\t\t\t<div class=\"elementor-element elementor-element-3048ed8 elementor-widget elementor-widget-go-s-heading\" data-id=\"3048ed8\" data-element_type=\"widget\" data-e-type=\"widget\" data-widget_type=\"go-s-heading.default\">\n\t\t\t\t<div class=\"elementor-widget-container\">\n\t\t\t\t\t<div class=\"prthalign\">\n            <h5 class=\"egx-subtitle-1\">\n                            <img decoding=\"async\" src=\"https:\/\/themexriver.com\/wp\/eergx\/wp-content\/uploads\/2024\/10\/h1-sub-title.svg\" alt=\"\">\n                        <span class=\"gradient\">b\u00f6lgem mobilite<\/span>\n        <\/h5>\n        <h1 class=\"elementor-gt-heading egx-section-title-1 egx-split-text split-in-right\">\n<\/h1>            <div class=\"egx-para-1 disc elementor-gt-desc\"><p>B\u00f6lgem ile bireysel kullan\u0131m\u0131n\u0131za uygun AC tipi h\u0131zl\u0131 \u015farj \u00fcnitelerini size en uygun olacak \u015fekilde tasarl\u0131yor, ba\u015flang\u0131\u00e7tan kuruluma kadar t\u00fcm s\u00fcreci tek elden y\u00f6netiyoruz.<\/p>\n<p>Evinizde, i\u015f yerinizde veya diledi\u011finiz bireysel kullan\u0131ma uygun lokasyona kuraca\u011f\u0131m\u0131z \u015farj istasyonunuz ile bireysel kullan\u0131m\u0131n \u00f6zg\u00fcrl\u00fc\u011f\u00fcn\u00fc hissedin.<\/p>\n<p>E\u011fer siz de elektrikli ara\u00e7 sahibiyseniz ya da elektrikli ara\u00e7 alma planlar\u0131n\u0131z varsa, elektrikli ara\u00e7lar i\u00e7in en kritik konu olan \u015farjlamay\u0131, B\u00f6lgem ile kolayl\u0131kla \u00e7\u00f6zebilirsiniz.<br \/><br \/>Bireysel kullan\u0131mlarda size en uygun olan AC tipi \u015farj istasyonlar\u0131n\u0131, 3,7 kW\u2019dan 22 kW\u2019a kadar ayarlanabilir g\u00fc\u00e7 seviyesi ile \u00fcnitenin bulunaca\u011f\u0131 noktaya ya da arac\u0131n\u0131z\u0131n modeline g\u00f6re belirleyip sizlerle bulu\u015fturuyoruz.<br \/><br \/>B\u00f6lgem AC tip \u015farj istasyonlar\u0131, %100 yerli \u00fcretimi ile t\u00fcm T\u00fcrkiyeye hizmet vermektedir. Gerekli t\u00fcm g\u00fcvenlik sertifikalar\u0131na sahip olan B\u00f6lgem ile y\u00fcksek uyumluluk standartlar\u0131n\u0131 koruyor, en g\u00fcvenilir ve risksiz \u015farj \u00fcnitelerini sizler i\u00e7in kuruyoruz.<\/p><\/div>\n    <\/div>\n\t\t\t\t<\/div>\n\t\t\t\t<\/div>\n\t\t\t\t<div class=\"elementor-element elementor-element-b7aa086 elementor-widget elementor-widget-button\" data-id=\"b7aa086\" data-element_type=\"widget\" data-e-type=\"widget\" data-widget_type=\"button.default\">\n\t\t\t\t<div class=\"elementor-widget-container\">\n\t\t\t\t\t\t\t\t\t<div class=\"elementor-button-wrapper\">\n\t\t\t\t\t<a class=\"elementor-button elementor-button-link elementor-size-sm\" href=\"\/en\/istasyon-talep-formu\/\">\n\t\t\t\t\t\t<span class=\"elementor-button-content-wrapper\">\n\t\t\t\t\t\t\t\t\t<span class=\"elementor-button-text\">\u0130stasyon Talep Formu<\/span>\n\t\t\t\t\t<\/span>\n\t\t\t\t\t<\/a>\n\t\t\t\t<\/div>\n\t\t\t\t\t\t\t\t<\/div>\n\t\t\t\t<\/div>\n\t\t\t\t\t<\/div>\n\t\t<\/div>\n\t\t\t\t\t<\/div>\n\t\t<\/section>\n\t\t\t\t<\/div>","protected":false},"excerpt":{"rendered":"<p>b\u00f6lgem mobilite B\u00f6lgem ile bireysel kullan\u0131m\u0131n\u0131za uygun AC tipi h\u0131zl\u0131 \u015farj \u00fcnitelerini size en uygun olacak \u015fekilde tasarl\u0131yor, ba\u015flang\u0131\u00e7tan kuruluma kadar t\u00fcm s\u00fcreci tek elden y\u00f6netiyoruz. Evinizde, i\u015f yerinizde veya diledi\u011finiz bireysel kullan\u0131ma uygun lokasyona kuraca\u011f\u0131m\u0131z \u015farj istasyonunuz ile bireysel kullan\u0131m\u0131n \u00f6zg\u00fcrl\u00fc\u011f\u00fcn\u00fc hissedin. E\u011fer siz de elektrikli ara\u00e7 sahibiyseniz ya da elektrikli ara\u00e7 alma planlar\u0131n\u0131z [&hellip;]<\/p>\n","protected":false},"author":1,"featured_media":0,"parent":0,"menu_order":0,"comment_status":"closed","ping_status":"closed","template":"elementor_header_footer","meta":{"footnotes":""},"class_list":["post-3208","page","type-page","status-publish","hentry"],"_links":{"self":[{"href":"http:\/\/www.bolgem.com.tr\/en\/wp-json\/wp\/v2\/pages\/3208","targetHints":{"allow":["GET"]}}],"collection":[{"href":"http:\/\/www.bolgem.com.tr\/en\/wp-json\/wp\/v2\/pages"}],"about":[{"href":"http:\/\/www.bolgem.com.tr\/en\/wp-json\/wp\/v2\/types\/page"}],"author":[{"embeddable":true,"href":"http:\/\/www.bolgem.com.tr\/en\/wp-json\/wp\/v2\/users\/1"}],"replies":[{"embeddable":true,"href":"http:\/\/www.bolgem.com.tr\/en\/wp-json\/wp\/v2\/comments?post=3208"}],"version-history":[{"count":31,"href":"http:\/\/www.bolgem.com.tr\/en\/wp-json\/wp\/v2\/pages\/3208\/revisions"}],"predecessor-version":[{"id":3290,"href":"http:\/\/www.bolgem.com.tr\/en\/wp-json\/wp\/v2\/pages\/3208\/revisions\/3290"}],"wp:attachment":[{"href":"http:\/\/www.bolgem.com.tr\/en\/wp-json\/wp\/v2\/media?parent=3208"}],"curies":[{"name":"wp","href":"https:\/\/api.w.org\/{rel}","templated":true}]}}